{"id":91,"date":"2020-10-02T18:45:41","date_gmt":"2020-10-02T21:45:41","guid":{"rendered":"http:\/\/libertocitybell-com.preview-domain.com\/?post_type=product&#038;p=91"},"modified":"2023-02-09T16:30:56","modified_gmt":"2023-02-09T19:30:56","slug":"el-maestro-ignorante-jacques-ranciere","status":"publish","type":"product","link":"https:\/\/www.libertocitybell.com\/?product=el-maestro-ignorante-jacques-ranciere","title":{"rendered":"El maestro ignorante &#8211; Jacques Ranci\u00e8re"},"content":{"rendered":"<div id=\"synopsis-window\">\n<div id=\"synopsistext\" class=\"sa\" dir=\"ltr\">En el a\u00f1o 1818, Joseph Jacotot, revolucionario exiliado y lector de literatura francesa en la Universidad de Lovaina, empez\u00f3 a sembrar el p\u00e1nico en la Europa sabia. No contento con haber ense\u00f1ado el franc\u00e9s a los estudiantes flamencos sin darles ninguna lecci\u00f3n, se puso a ense\u00f1ar lo que \u00e9l ignoraba y a proclamar la palabra de orden de la emancipaci\u00f3n intelectual: todos los hombres tienen igual inteligencia. Se puede aprender solo, sin maestro explicador, y un padre de familia pobre e ignorante puede hacerse instructor de su hijo. La instrucci\u00f3n es como la libertad: no se da, se toma. La distancia que el explicador pretende reducir es aquella de la que vive y la que, por tanto, no cesa de reproducir al igual que hace tanto la Escuela como la sociedad pedagogizada. La igualdad no es fin a conseguir, sino punto de partida. Quien justifica su propia explicaci\u00f3n en nombre de la igualdad desde una situaci\u00f3n desigualitaria la coloca de hecho en un lugar inalcanzable. La igualdad nunca viene despu\u00e9s, como un resultado a alcanzar. Ella debe estar siempre delante. Instruir puede significar dos cosas exactamente opuestas: confirmar una incapacidad en el acto mismo que pretende reducirla o, a la inversa, forzar a una capacidad, que se ignora o se niega, a reconocerse y a desarrollar todas las consecuencias de este reconocimiento. El primer acto se llama atontamiento, el segundo emancipaci\u00f3n. Es una cuesti\u00f3n de filosof\u00eda: se trata de saber si el acto mismo de recibir la palabra del maestro -la palabra del otro- es un testimonio de igualdad o de desigualdad. Es una cuesti\u00f3n de pol\u00edtica: se trata de saber si un sistema de ense\u00f1anza tiene como presupuesto una desigualdad para &#8220;reducir&#8221; o una igualdad para verificar. La raz\u00f3n no vive sino de igualdad. Pero la ficci\u00f3n social no vive m\u00e1s que los rangos y de sus incansables explicaciones. A quien habla de emancipaci\u00f3n y de igualdad de las inteligencias, la raz\u00f3n responde prometiendo el progreso y la reducci\u00f3n de las desigualdades: a\u00fan un poco m\u00e1s de explicaciones, de comisiones, de informes, de reformas&#8230; y ya llegaremos all\u00ed. La sociedad pedagogizada est\u00e1 ante nosotros. Y a su modo ir\u00f3nico, Joseph Jacotot nos desea buenos vientos.<\/div>\n<\/div>\n","protected":false},"excerpt":{"rendered":"<p>En el a\u00f1o 1818, Joseph Jacotot, revolucionario exiliado y lector de literatura francesa en la Universidad de Lovaina, empez\u00f3 a sembrar el p\u00e1nico en la Europa sabia. No contento con haber ense\u00f1ado el franc\u00e9s a los estudiantes flamencos sin darles ninguna lecci\u00f3n, se puso a ense\u00f1ar lo que \u00e9l ignoraba y a proclamar la palabra&hellip;&nbsp;<a href=\"https:\/\/www.libertocitybell.com\/?product=el-maestro-ignorante-jacques-ranciere\" class=\"\" rel=\"bookmark\">Leer m\u00e1s &raquo;<span class=\"screen-reader-text\">El maestro ignorante &#8211; Jacques Ranci\u00e8re<\/span><\/a><\/p>\n","protected":false},"featured_media":92,"comment_status":"open","ping_status":"closed","template":"","meta":{"_coblocks_attr":"","_coblocks_dimensions":"","_coblocks_responsive_height":"","_coblocks_accordion_ie_support":"","neve_meta_sidebar":"","neve_meta_container":"","neve_meta_enable_content_width":"","neve_meta_content_width":0,"neve_meta_title_alignment":"","neve_meta_author_avatar":"","neve_post_elements_order":"","neve_meta_disable_header":"","neve_meta_disable_footer":"","neve_meta_disable_title":"","spay_email":"","jetpack_publicize_message":"","jetpack_is_tweetstorm":false,"jetpack_publicize_feature_enabled":true},"product_cat":[20],"product_tag":[],"class_list":{"0":"post-91","1":"product","2":"type-product","3":"status-publish","4":"has-post-thumbnail","6":"product_cat-narrativa-internacional","8":"first","9":"outofstock","10":"taxable","11":"shipping-taxable","12":"purchasable","13":"product-type-simple"},"jetpack_publicize_connections":[],"_links":{"self":[{"href":"https:\/\/www.libertocitybell.com\/index.php?rest_route=\/wp\/v2\/product\/91","targetHints":{"allow":["GET"]}}],"collection":[{"href":"https:\/\/www.libertocitybell.com\/index.php?rest_route=\/wp\/v2\/product"}],"about":[{"href":"https:\/\/www.libertocitybell.com\/index.php?rest_route=\/wp\/v2\/types\/product"}],"replies":[{"embeddable":true,"href":"https:\/\/www.libertocitybell.com\/index.php?rest_route=%2Fwp%2Fv2%2Fcomments&post=91"}],"wp:featuredmedia":[{"embeddable":true,"href":"https:\/\/www.libertocitybell.com\/index.php?rest_route=\/wp\/v2\/media\/92"}],"wp:attachment":[{"href":"https:\/\/www.libertocitybell.com\/index.php?rest_route=%2Fwp%2Fv2%2Fmedia&parent=91"}],"wp:term":[{"taxonomy":"product_cat","embeddable":true,"href":"https:\/\/www.libertocitybell.com\/index.php?rest_route=%2Fwp%2Fv2%2Fproduct_cat&post=91"},{"taxonomy":"product_tag","embeddable":true,"href":"https:\/\/www.libertocitybell.com\/index.php?rest_route=%2Fwp%2Fv2%2Fproduct_tag&post=91"}],"curies":[{"name":"wp","href":"https:\/\/api.w.org\/{rel}","templated":true}]}}