{"id":838,"date":"2021-02-08T20:05:17","date_gmt":"2021-02-08T23:05:17","guid":{"rendered":"http:\/\/www.libertocitybell.com\/?post_type=product&#038;p=838"},"modified":"2023-02-09T20:45:59","modified_gmt":"2023-02-09T23:45:59","slug":"shabono-florinda-donner","status":"publish","type":"product","link":"https:\/\/www.libertocitybell.com\/?product=shabono-florinda-donner","title":{"rendered":"Shabono &#8211; Florinda Donner"},"content":{"rendered":"<p>En un remoto asentamiento -shabono- en las profundidades de la selva amaz\u00f3nica, entre Venezuela y el norte del Brasil, vive un grupo de indios yanomanas.\u00a0<strong>Florinda Donner<\/strong>, antrop\u00f3loga reconocida, disc\u00edpula de\u00a0<strong>Carlos Castaneda<\/strong>, fue a su encuentro en lo que imaginaba como una visita breve. Poco a poco, sin embargo, ese mundo virgen y puro, elusivo y misterioso, la fue hechizando y termin\u00f3 qued\u00e1ndose un a\u00f1o all\u00ed.<\/p>\n<p>Este libro es el relato de sus aventuras y descubrimientos durante ese viaje, inici\u00e1tico en m\u00e1s de un sentido, que\u00a0<strong>Donner\u00a0<\/strong>narra con frescura palpitante. Las actividades diarias se alternan con acontecimientos importantes: la caza, los festejos, los combates, el nacimiento de los hijos, los ritos de iniciaci\u00f3n, los modos de vestirse, las comidas&#8230; la prosa \u00e1gil de la autora logra trasmitir la belleza salvaje del lugar, la intensidad de sus vivencias y, sobre todo, la magia y el poder que a\u00fan hoy conservan los rituales cham\u00e1nicos de una cultura que se extingue.<\/p>\n","protected":false},"excerpt":{"rendered":"<p>En un remoto asentamiento -shabono- en las profundidades de la selva amaz\u00f3nica, entre Venezuela y el norte del Brasil, vive un grupo de indios yanomanas.\u00a0Florinda Donner, antrop\u00f3loga reconocida, disc\u00edpula de\u00a0Carlos Castaneda, fue a su encuentro en lo que imaginaba como una visita breve. Poco a poco, sin embargo, ese mundo virgen y puro, elusivo y&hellip;&nbsp;<a href=\"https:\/\/www.libertocitybell.com\/?product=shabono-florinda-donner\" class=\"\" rel=\"bookmark\">Leer m\u00e1s &raquo;<span class=\"screen-reader-text\">Shabono &#8211; Florinda Donner<\/span><\/a><\/p>\n","protected":false},"featured_media":854,"comment_status":"open","ping_status":"closed","template":"","meta":{"_coblocks_attr":"","_coblocks_dimensions":"","_coblocks_responsive_height":"","_coblocks_accordion_ie_support":"","neve_meta_sidebar":"","neve_meta_container":"","neve_meta_enable_content_width":"off","neve_meta_content_width":0,"neve_meta_title_alignment":"","neve_meta_author_avatar":"","neve_post_elements_order":"","neve_meta_disable_header":"","neve_meta_disable_footer":"","neve_meta_disable_title":"","spay_email":"","jetpack_publicize_message":"","jetpack_is_tweetstorm":false,"jetpack_publicize_feature_enabled":true},"product_cat":[26],"product_tag":[],"class_list":{"0":"post-838","1":"product","2":"type-product","3":"status-publish","4":"has-post-thumbnail","6":"product_cat-esoterismo","8":"first","9":"outofstock","10":"taxable","11":"shipping-taxable","12":"purchasable","13":"product-type-simple"},"jetpack_publicize_connections":[],"_links":{"self":[{"href":"https:\/\/www.libertocitybell.com\/index.php?rest_route=\/wp\/v2\/product\/838","targetHints":{"allow":["GET"]}}],"collection":[{"href":"https:\/\/www.libertocitybell.com\/index.php?rest_route=\/wp\/v2\/product"}],"about":[{"href":"https:\/\/www.libertocitybell.com\/index.php?rest_route=\/wp\/v2\/types\/product"}],"replies":[{"embeddable":true,"href":"https:\/\/www.libertocitybell.com\/index.php?rest_route=%2Fwp%2Fv2%2Fcomments&post=838"}],"wp:featuredmedia":[{"embeddable":true,"href":"https:\/\/www.libertocitybell.com\/index.php?rest_route=\/wp\/v2\/media\/854"}],"wp:attachment":[{"href":"https:\/\/www.libertocitybell.com\/index.php?rest_route=%2Fwp%2Fv2%2Fmedia&parent=838"}],"wp:term":[{"taxonomy":"product_cat","embeddable":true,"href":"https:\/\/www.libertocitybell.com\/index.php?rest_route=%2Fwp%2Fv2%2Fproduct_cat&post=838"},{"taxonomy":"product_tag","embeddable":true,"href":"https:\/\/www.libertocitybell.com\/index.php?rest_route=%2Fwp%2Fv2%2Fproduct_tag&post=838"}],"curies":[{"name":"wp","href":"https:\/\/api.w.org\/{rel}","templated":true}]}}