{"id":81,"date":"2020-10-02T17:57:45","date_gmt":"2020-10-02T20:57:45","guid":{"rendered":"http:\/\/libertocitybell-com.preview-domain.com\/?post_type=product&#038;p=81"},"modified":"2023-02-09T20:30:14","modified_gmt":"2023-02-09T23:30:14","slug":"lea-este-libro-si-desea-tomar-buenas-fotografias-henry-carroll","status":"publish","type":"product","link":"https:\/\/www.libertocitybell.com\/?product=lea-este-libro-si-desea-tomar-buenas-fotografias-henry-carroll","title":{"rendered":"Lea este libro si desea tomar buenas fotograf\u00edas &#8211; Henry Carroll"},"content":{"rendered":"<p>&#8220;Una gu\u00eda a trav\u00e9s de los fundamentos de la composici\u00f3n, la exposici\u00f3n, la luz, las \u00f3pticas y el imprescindible arte de ver sin ahogarle en tecnicismos. Ideal para usuarios de DSLR, c\u00e1maras compactas y de tipo puente. Este libro no es un manual, ni incluye gr\u00e1ficos ni jerga especializada para explicar los fundamentos de la fotograf\u00eda. Se trata de una obra repleta de consejos pr\u00e1cticos que transformar\u00e1n sus fotograf\u00edas al instante. Incluye numerosas im\u00e1genes de 50 fot\u00f3grafos de reconocido prestigio, entre ellos Henri Cartier-Bresson, Martin Parr, Bill Brandt o Cristina Garc\u00eda Rodero, que le servir\u00e1n de inspiraci\u00f3n para tomar la c\u00e1mara y ponerlo todo en pr\u00e1ctica.<\/p>\n","protected":false},"excerpt":{"rendered":"<p>&#8220;Una gu\u00eda a trav\u00e9s de los fundamentos de la composici\u00f3n, la exposici\u00f3n, la luz, las \u00f3pticas y el imprescindible arte de ver sin ahogarle en tecnicismos. Ideal para usuarios de DSLR, c\u00e1maras compactas y de tipo puente. Este libro no es un manual, ni incluye gr\u00e1ficos ni jerga especializada para explicar los fundamentos de la&hellip;&nbsp;<a href=\"https:\/\/www.libertocitybell.com\/?product=lea-este-libro-si-desea-tomar-buenas-fotografias-henry-carroll\" class=\"\" rel=\"bookmark\">Leer m\u00e1s &raquo;<span class=\"screen-reader-text\">Lea este libro si desea tomar buenas fotograf\u00edas &#8211; Henry Carroll<\/span><\/a><\/p>\n","protected":false},"featured_media":82,"comment_status":"open","ping_status":"closed","template":"","meta":{"_coblocks_attr":"","_coblocks_dimensions":"","_coblocks_responsive_height":"","_coblocks_accordion_ie_support":"","neve_meta_sidebar":"","neve_meta_container":"","neve_meta_enable_content_width":"","neve_meta_content_width":0,"neve_meta_title_alignment":"","neve_meta_author_avatar":"","neve_post_elements_order":"","neve_meta_disable_header":"","neve_meta_disable_footer":"","neve_meta_disable_title":"","spay_email":"","jetpack_publicize_message":"","jetpack_is_tweetstorm":false,"jetpack_publicize_feature_enabled":true},"product_cat":[24],"product_tag":[],"class_list":{"0":"post-81","1":"product","2":"type-product","3":"status-publish","4":"has-post-thumbnail","6":"product_cat-fotografia","8":"first","9":"outofstock","10":"taxable","11":"shipping-taxable","12":"purchasable","13":"product-type-simple"},"jetpack_publicize_connections":[],"_links":{"self":[{"href":"https:\/\/www.libertocitybell.com\/index.php?rest_route=\/wp\/v2\/product\/81","targetHints":{"allow":["GET"]}}],"collection":[{"href":"https:\/\/www.libertocitybell.com\/index.php?rest_route=\/wp\/v2\/product"}],"about":[{"href":"https:\/\/www.libertocitybell.com\/index.php?rest_route=\/wp\/v2\/types\/product"}],"replies":[{"embeddable":true,"href":"https:\/\/www.libertocitybell.com\/index.php?rest_route=%2Fwp%2Fv2%2Fcomments&post=81"}],"wp:featuredmedia":[{"embeddable":true,"href":"https:\/\/www.libertocitybell.com\/index.php?rest_route=\/wp\/v2\/media\/82"}],"wp:attachment":[{"href":"https:\/\/www.libertocitybell.com\/index.php?rest_route=%2Fwp%2Fv2%2Fmedia&parent=81"}],"wp:term":[{"taxonomy":"product_cat","embeddable":true,"href":"https:\/\/www.libertocitybell.com\/index.php?rest_route=%2Fwp%2Fv2%2Fproduct_cat&post=81"},{"taxonomy":"product_tag","embeddable":true,"href":"https:\/\/www.libertocitybell.com\/index.php?rest_route=%2Fwp%2Fv2%2Fproduct_tag&post=81"}],"curies":[{"name":"wp","href":"https:\/\/api.w.org\/{rel}","templated":true}]}}