{"id":807,"date":"2021-02-08T15:57:26","date_gmt":"2021-02-08T18:57:26","guid":{"rendered":"http:\/\/www.libertocitybell.com\/?post_type=product&#038;p=807"},"modified":"2023-02-09T20:09:56","modified_gmt":"2023-02-09T23:09:56","slug":"guia-del-autoestopista-galactico-douglas-adams","status":"publish","type":"product","link":"https:\/\/www.libertocitybell.com\/?product=guia-del-autoestopista-galactico-douglas-adams","title":{"rendered":"Gu\u00eda del autoestopista gal\u00e1ctico &#8211; Douglas Adams"},"content":{"rendered":"<p>Un jueves a la hora de comer, la Tierra es inesperadamente demolida para poder construir una nueva autopista hiperespacial. Arthur Dent, un tipo de lo m\u00e1s corriente que esa misma ma\u00f1ana ha visto c\u00f3mo echaban abajo su propia casa, considera que eso supera lo que una persona puede soportar. Pero, desgraciadamente, el fin de semana no ha hecho m\u00e1s que empezar, y la galaxia es un lugar extra\u00f1o y sorprendente.<\/p>\n<p>Arthur huir\u00e1 de la Tierra junto a un amigo suyo, Ford Perfect, que resultar\u00e1 ser un extraterrestre emparentado con Zaphod Beeblebrox, un pirata esquizoide de dos cabezas que fue Presidente de la Galaxia, en la nave del cual conocer\u00e1 al resto de personajes que lo acompa\u00f1ar\u00e1n a lo largo de su periplo espacial: un androide paranoide y una terr\u00edcola que, como \u00e9l, ha logrado escapar.<\/p>\n<p>Gracias a esta ineludible aventura, Dent descubrir\u00e1 muchas cosas acerca de la existencia, pero tal como aconseja la Gu\u00eda del autoestopista gal\u00e1ctico, que no cunda el p\u00e1nico. Douglas Adams fue el creador de toda una serie de manifestaciones diversas y contradictorias de la Gu\u00eda del autoestopista gal\u00e1ctico, que sali\u00f3 a la luz por primera vez en forma de novela radiof\u00f3nica.<\/p>\n<p>Tras el rotundo \u00e9xito de la radionovela, el autor la convirti\u00f3 en libro, y m\u00e1s adelante particip\u00f3 en las adaptaciones de la mima a series televisivas y teatrales, un juego de ordenador, c\u00f3mics y toallas de ba\u00f1o. Tras su muerte, la pel\u00edcula Autoestopista ascendi\u00f3 hasta las altas cumbres de la producci\u00f3n cinematogr\u00e1fica. Douglas comparte los t\u00edtulos de cr\u00e9dito de la pel\u00edcula, una superporducci\u00f3n de Touchstone Pictures, con Karey Kirkpatrick. Esta edici\u00f3n cuenta con entrevistas y material a partir del rodaje.<\/p>\n","protected":false},"excerpt":{"rendered":"<p>Un jueves a la hora de comer, la Tierra es inesperadamente demolida para poder construir una nueva autopista hiperespacial. Arthur Dent, un tipo de lo m\u00e1s corriente que esa misma ma\u00f1ana ha visto c\u00f3mo echaban abajo su propia casa, considera que eso supera lo que una persona puede soportar. Pero, desgraciadamente, el fin de semana&hellip;&nbsp;<a href=\"https:\/\/www.libertocitybell.com\/?product=guia-del-autoestopista-galactico-douglas-adams\" class=\"\" rel=\"bookmark\">Leer m\u00e1s &raquo;<span class=\"screen-reader-text\">Gu\u00eda del autoestopista gal\u00e1ctico &#8211; Douglas Adams<\/span><\/a><\/p>\n","protected":false},"featured_media":808,"comment_status":"open","ping_status":"closed","template":"","meta":{"_coblocks_attr":"","_coblocks_dimensions":"","_coblocks_responsive_height":"","_coblocks_accordion_ie_support":"","neve_meta_sidebar":"","neve_meta_container":"","neve_meta_enable_content_width":"off","neve_meta_content_width":0,"neve_meta_title_alignment":"","neve_meta_author_avatar":"","neve_post_elements_order":"","neve_meta_disable_header":"","neve_meta_disable_footer":"","neve_meta_disable_title":"","spay_email":"","jetpack_publicize_message":"","jetpack_is_tweetstorm":false,"jetpack_publicize_feature_enabled":true},"product_cat":[20],"product_tag":[],"class_list":{"0":"post-807","1":"product","2":"type-product","3":"status-publish","4":"has-post-thumbnail","6":"product_cat-narrativa-internacional","8":"first","9":"outofstock","10":"taxable","11":"shipping-taxable","12":"purchasable","13":"product-type-simple"},"jetpack_publicize_connections":[],"_links":{"self":[{"href":"https:\/\/www.libertocitybell.com\/index.php?rest_route=\/wp\/v2\/product\/807","targetHints":{"allow":["GET"]}}],"collection":[{"href":"https:\/\/www.libertocitybell.com\/index.php?rest_route=\/wp\/v2\/product"}],"about":[{"href":"https:\/\/www.libertocitybell.com\/index.php?rest_route=\/wp\/v2\/types\/product"}],"replies":[{"embeddable":true,"href":"https:\/\/www.libertocitybell.com\/index.php?rest_route=%2Fwp%2Fv2%2Fcomments&post=807"}],"wp:featuredmedia":[{"embeddable":true,"href":"https:\/\/www.libertocitybell.com\/index.php?rest_route=\/wp\/v2\/media\/808"}],"wp:attachment":[{"href":"https:\/\/www.libertocitybell.com\/index.php?rest_route=%2Fwp%2Fv2%2Fmedia&parent=807"}],"wp:term":[{"taxonomy":"product_cat","embeddable":true,"href":"https:\/\/www.libertocitybell.com\/index.php?rest_route=%2Fwp%2Fv2%2Fproduct_cat&post=807"},{"taxonomy":"product_tag","embeddable":true,"href":"https:\/\/www.libertocitybell.com\/index.php?rest_route=%2Fwp%2Fv2%2Fproduct_tag&post=807"}],"curies":[{"name":"wp","href":"https:\/\/api.w.org\/{rel}","templated":true}]}}