{"id":767,"date":"2021-02-08T13:11:23","date_gmt":"2021-02-08T16:11:23","guid":{"rendered":"http:\/\/www.libertocitybell.com\/?post_type=product&#038;p=767"},"modified":"2023-02-09T20:09:46","modified_gmt":"2023-02-09T23:09:46","slug":"gravedad-sergio-bizzio","status":"publish","type":"product","link":"https:\/\/www.libertocitybell.com\/?product=gravedad-sergio-bizzio","title":{"rendered":"Gravedad &#8211; Sergio Bizzio"},"content":{"rendered":"<p>En &#8220;Gravedad&#8221;, Sergio Bizzio abre un mundo ins\u00f3lito, iconoclasta para la dramaturgia argentina. En una nave espacial tres astronautas nacionales, una mujer y dos hombres, flotan sin rumbo por el paisaje ultraterrestre. Reciben la visita de un marciano. \u00bfLa Argentina se ha convertido en una superpotencia que manda expediciones al espacio? Sin embargo, los argentinos siguen siendo muy parecidos a lo que siempre fueron. Los tres astronautas no pueden regresar a la Tierra porque el pa\u00eds est\u00e1 en crisis a causa de una revoluci\u00f3n militar. Deben permanecer en \u00f3rbita por tiempo indefinido.<\/p>\n<p>Gravedad hace estallar el realismo por la v\u00eda de la risa, parodia todos los convencionalismos del costumbrismo de clase media y desaf\u00eda a los lectores y a los artistas de teatro a imaginar una puesta en escena extraordinaria. Bizzio construye un punto de vista extraterritorial: los astronautas pueden ver de lejos la Tierra y la humanidad como un \u00fanico sujeto. Pero fuera del campo de gravedad, la atracci\u00f3n de la Tierra sigue pesando.<\/p>\n<p>InterZona se enorgullece de recuperar, para los significados del presente, este texto clave en la renovaci\u00f3n de la dramaturgia argentina de los noventa.<\/p>\n","protected":false},"excerpt":{"rendered":"<p>En &#8220;Gravedad&#8221;, Sergio Bizzio abre un mundo ins\u00f3lito, iconoclasta para la dramaturgia argentina. En una nave espacial tres astronautas nacionales, una mujer y dos hombres, flotan sin rumbo por el paisaje ultraterrestre. Reciben la visita de un marciano. \u00bfLa Argentina se ha convertido en una superpotencia que manda expediciones al espacio? Sin embargo, los argentinos&hellip;&nbsp;<a href=\"https:\/\/www.libertocitybell.com\/?product=gravedad-sergio-bizzio\" class=\"\" rel=\"bookmark\">Leer m\u00e1s &raquo;<span class=\"screen-reader-text\">Gravedad &#8211; Sergio Bizzio<\/span><\/a><\/p>\n","protected":false},"featured_media":768,"comment_status":"open","ping_status":"closed","template":"","meta":{"_coblocks_attr":"","_coblocks_dimensions":"","_coblocks_responsive_height":"","_coblocks_accordion_ie_support":"","neve_meta_sidebar":"","neve_meta_container":"","neve_meta_enable_content_width":"off","neve_meta_content_width":0,"neve_meta_title_alignment":"","neve_meta_author_avatar":"","neve_post_elements_order":"","neve_meta_disable_header":"","neve_meta_disable_footer":"","neve_meta_disable_title":"","spay_email":"","jetpack_publicize_message":"","jetpack_is_tweetstorm":false,"jetpack_publicize_feature_enabled":true},"product_cat":[21],"product_tag":[],"class_list":{"0":"post-767","1":"product","2":"type-product","3":"status-publish","4":"has-post-thumbnail","6":"product_cat-narrativa-argentina","8":"first","9":"outofstock","10":"taxable","11":"shipping-taxable","12":"purchasable","13":"product-type-simple"},"jetpack_publicize_connections":[],"_links":{"self":[{"href":"https:\/\/www.libertocitybell.com\/index.php?rest_route=\/wp\/v2\/product\/767","targetHints":{"allow":["GET"]}}],"collection":[{"href":"https:\/\/www.libertocitybell.com\/index.php?rest_route=\/wp\/v2\/product"}],"about":[{"href":"https:\/\/www.libertocitybell.com\/index.php?rest_route=\/wp\/v2\/types\/product"}],"replies":[{"embeddable":true,"href":"https:\/\/www.libertocitybell.com\/index.php?rest_route=%2Fwp%2Fv2%2Fcomments&post=767"}],"wp:featuredmedia":[{"embeddable":true,"href":"https:\/\/www.libertocitybell.com\/index.php?rest_route=\/wp\/v2\/media\/768"}],"wp:attachment":[{"href":"https:\/\/www.libertocitybell.com\/index.php?rest_route=%2Fwp%2Fv2%2Fmedia&parent=767"}],"wp:term":[{"taxonomy":"product_cat","embeddable":true,"href":"https:\/\/www.libertocitybell.com\/index.php?rest_route=%2Fwp%2Fv2%2Fproduct_cat&post=767"},{"taxonomy":"product_tag","embeddable":true,"href":"https:\/\/www.libertocitybell.com\/index.php?rest_route=%2Fwp%2Fv2%2Fproduct_tag&post=767"}],"curies":[{"name":"wp","href":"https:\/\/api.w.org\/{rel}","templated":true}]}}