{"id":756,"date":"2021-02-08T12:45:30","date_gmt":"2021-02-08T15:45:30","guid":{"rendered":"http:\/\/www.libertocitybell.com\/?post_type=product&#038;p=756"},"modified":"2023-02-09T20:32:38","modified_gmt":"2023-02-09T23:32:38","slug":"los-desterrados-horacio-quiroga","status":"publish","type":"product","link":"https:\/\/www.libertocitybell.com\/?product=los-desterrados-horacio-quiroga","title":{"rendered":"Los desterrados &#8211; Horacio Quiroga"},"content":{"rendered":"<p>Desde el comienzo el personaje principal del libro es el destierro. Cobra vida a trav\u00e9s del tema y de los personajes en los que se encarna, se entremete en las decisiones y se escabulle entre el paisaje. El primer desterrado es el ambiente. Como el t\u00edtulo de la primera parte lo indica, es personaje no por ser una mera introducci\u00f3n o pr\u00f3logo que narra el lugar en donde vivir\u00e1n \u201clos tipos\u201d, sino porque es el ambiente el primero en sufrir la condici\u00f3n de desterrado. Desterrado de su soledad, de su comuni\u00f3n con el resto de \u201clos elementos nativos del tr\u00f3pico\u201d. El hombre lo ha invadido y el exilio es inminente, se exila con sequ\u00eda y falta de hospitalidad a los animales.<\/p>\n<p>El problema es por la originalidad y por la esencia \u00bfQui\u00e9n habit\u00f3 primero aquellas las tierras? Al igual que en Do\u00f1a B\u00e1rbara de R\u00f3mulo Gallegos, flora y fauna son elementos polimorfos e indisolubles. Abundan las descripciones grandilocuentes y se confunden sus cualidades. Las comparaciones son met\u00e1foras de la difuminaci\u00f3n de los l\u00edmites entre los unos y el otro. La tierra se animaliza y los animales se zambullen en la hierba hasta hacerse transparentes.<\/p>\n<p>La extranjerizaci\u00f3n es un problema del libro y de la regi\u00f3n. Los desterrados se anticipa a \u201cNoches de Coca\u00edna\u201d de Ballard. En este, el turismo ingl\u00e9s de un peque\u00f1o poblado de la costa espa\u00f1ola transforma las costumbres conservadoras con televisi\u00f3n, inflaci\u00f3n e inseguridad. Sin esos motores el cambio terminaba siendo absorbido por las tradiciones y la quietud del poblado. Con sacudidas medi\u00e1ticas y shocks sociales, el mundo es m\u00e1s propicio a un v\u00e9rtigo propio del consumo y el progreso. Misiones nada en el presente de Quiroga y hace la planchita en el futuro de Ballard. La teogon\u00eda que forj\u00f3 el lugar, que ensuci\u00f3 por primera vez la selva y manch\u00f3 la humedad, deber\u00e1 desterrarse y empolvarse en el paso irremediable del tiempo e imponerse a s\u00ed mismo una y otra vez el cambio, cada vez m\u00e1s r\u00e1pido, en lo posible.<\/p>\n<p>Quiroga fue un desterrado y lo es ahora tambi\u00e9n. De Salto y de San Ignacio. Pocas cosas quedan de \u00e9l en la r\u00e9plica de su casa. S\u00f3lo algunas herramientas. Todo ha sido trasladado y hay m\u00e1s pertenencias en Resistencia, Chaco (lugar que habit\u00f3 en un per\u00edodo corto) que en tierras misioneras. Esto, probablemente, a la no muy buena imagen que el poblado tiene de \u00e9l. Pero estoy seguro que, de vivir, volver\u00eda a zambullirse en estas tierras subtropicales, pues, igual al personaje que fue hasta el lugar a ver las ruinas y se qued\u00f3 veinte a\u00f1os, se pondr\u00eda un local de venta de celulares en Paraguay y cruzar\u00eda a Ciudad del Este o Encarnaci\u00f3n a comprar d\u00f3lares.<\/p>\n","protected":false},"excerpt":{"rendered":"<p>Desde el comienzo el personaje principal del libro es el destierro. Cobra vida a trav\u00e9s del tema y de los personajes en los que se encarna, se entremete en las decisiones y se escabulle entre el paisaje. El primer desterrado es el ambiente. Como el t\u00edtulo de la primera parte lo indica, es personaje no&hellip;&nbsp;<a href=\"https:\/\/www.libertocitybell.com\/?product=los-desterrados-horacio-quiroga\" class=\"\" rel=\"bookmark\">Leer m\u00e1s &raquo;<span class=\"screen-reader-text\">Los desterrados &#8211; Horacio Quiroga<\/span><\/a><\/p>\n","protected":false},"featured_media":847,"comment_status":"open","ping_status":"closed","template":"","meta":{"_coblocks_attr":"","_coblocks_dimensions":"","_coblocks_responsive_height":"","_coblocks_accordion_ie_support":"","neve_meta_sidebar":"","neve_meta_container":"","neve_meta_enable_content_width":"off","neve_meta_content_width":0,"neve_meta_title_alignment":"","neve_meta_author_avatar":"","neve_post_elements_order":"","neve_meta_disable_header":"","neve_meta_disable_footer":"","neve_meta_disable_title":"","spay_email":"","jetpack_publicize_message":"","jetpack_is_tweetstorm":false,"jetpack_publicize_feature_enabled":true},"product_cat":[22],"product_tag":[],"class_list":{"0":"post-756","1":"product","2":"type-product","3":"status-publish","4":"has-post-thumbnail","6":"product_cat-narrativa-latinoamericana","8":"first","9":"outofstock","10":"taxable","11":"shipping-taxable","12":"purchasable","13":"product-type-simple"},"jetpack_publicize_connections":[],"_links":{"self":[{"href":"https:\/\/www.libertocitybell.com\/index.php?rest_route=\/wp\/v2\/product\/756","targetHints":{"allow":["GET"]}}],"collection":[{"href":"https:\/\/www.libertocitybell.com\/index.php?rest_route=\/wp\/v2\/product"}],"about":[{"href":"https:\/\/www.libertocitybell.com\/index.php?rest_route=\/wp\/v2\/types\/product"}],"replies":[{"embeddable":true,"href":"https:\/\/www.libertocitybell.com\/index.php?rest_route=%2Fwp%2Fv2%2Fcomments&post=756"}],"wp:featuredmedia":[{"embeddable":true,"href":"https:\/\/www.libertocitybell.com\/index.php?rest_route=\/wp\/v2\/media\/847"}],"wp:attachment":[{"href":"https:\/\/www.libertocitybell.com\/index.php?rest_route=%2Fwp%2Fv2%2Fmedia&parent=756"}],"wp:term":[{"taxonomy":"product_cat","embeddable":true,"href":"https:\/\/www.libertocitybell.com\/index.php?rest_route=%2Fwp%2Fv2%2Fproduct_cat&post=756"},{"taxonomy":"product_tag","embeddable":true,"href":"https:\/\/www.libertocitybell.com\/index.php?rest_route=%2Fwp%2Fv2%2Fproduct_tag&post=756"}],"curies":[{"name":"wp","href":"https:\/\/api.w.org\/{rel}","templated":true}]}}