{"id":645,"date":"2020-11-20T12:40:18","date_gmt":"2020-11-20T15:40:18","guid":{"rendered":"http:\/\/www.libertocitybell.com\/?post_type=product&#038;p=645"},"modified":"2023-02-09T20:44:46","modified_gmt":"2023-02-09T23:44:46","slug":"proverbios-budistas-japoneses-lafcadio-hearn","status":"publish","type":"product","link":"https:\/\/www.libertocitybell.com\/?product=proverbios-budistas-japoneses-lafcadio-hearn","title":{"rendered":"Proverbios budistas japoneses &#8211; Lafcadio Hearn"},"content":{"rendered":"<p>&#8220;La nube explora a la luna, el viento las flores.\u201d<br \/>\nLa belleza de la luna es oscurecida por grupos de nubes; los \u00e1rboles no han florecido todav\u00eda cuando sus flores son quebradas por el viento.<br \/>\nToda belleza es evanescente.<\/p>\n<p>&nbsp;<\/p>\n<p>Patrick Lafcadio Hearn\u00a0(Santa Maura, isla de\u00a0L\u00e9ucade,\u00a0mar J\u00f3nico,\u00a0Grecia;\u00a027 de junio\u00a0de\u00a01850-Tokio,\u00a026 de septiembre\u00a0de\u00a01904) fue un periodista, traductor, orientalista y escritor\u00a0grecoirland\u00e9s\u00a0que dio a conocer la\u00a0cultura japonesa\u00a0en Occidente.<\/p>\n<p>Se nacionaliz\u00f3 japon\u00e9s y adopt\u00f3 el nombre de\u00a0Yakumo Koizumi\u00a0(\u5c0f\u6cc9\u516b\u96f2\u00a0Koizumi Yakumo).<\/p>\n","protected":false},"excerpt":{"rendered":"<p>&#8220;La nube explora a la luna, el viento las flores.\u201d La belleza de la luna es oscurecida por grupos de nubes; los \u00e1rboles no han florecido todav\u00eda cuando sus flores son quebradas por el viento. Toda belleza es evanescente. &nbsp; Patrick Lafcadio Hearn\u00a0(Santa Maura, isla de\u00a0L\u00e9ucade,\u00a0mar J\u00f3nico,\u00a0Grecia;\u00a027 de junio\u00a0de\u00a01850-Tokio,\u00a026 de septiembre\u00a0de\u00a01904) fue un periodista, traductor,&hellip;&nbsp;<a href=\"https:\/\/www.libertocitybell.com\/?product=proverbios-budistas-japoneses-lafcadio-hearn\" class=\"\" rel=\"bookmark\">Leer m\u00e1s &raquo;<span class=\"screen-reader-text\">Proverbios budistas japoneses &#8211; Lafcadio Hearn<\/span><\/a><\/p>\n","protected":false},"featured_media":646,"comment_status":"open","ping_status":"closed","template":"","meta":{"_coblocks_attr":"","_coblocks_dimensions":"","_coblocks_responsive_height":"","_coblocks_accordion_ie_support":"","neve_meta_sidebar":"","neve_meta_container":"","neve_meta_enable_content_width":"off","neve_meta_content_width":0,"neve_meta_title_alignment":"","neve_meta_author_avatar":"","neve_post_elements_order":"","neve_meta_disable_header":"","neve_meta_disable_footer":"","neve_meta_disable_title":"","spay_email":"","jetpack_publicize_message":"","jetpack_is_tweetstorm":false,"jetpack_publicize_feature_enabled":true},"product_cat":[44,42],"product_tag":[],"class_list":{"0":"post-645","1":"product","2":"type-product","3":"status-publish","4":"has-post-thumbnail","6":"product_cat-orientalismo","7":"product_cat-poesia","9":"first","10":"outofstock","11":"taxable","12":"shipping-taxable","13":"purchasable","14":"product-type-simple"},"jetpack_publicize_connections":[],"_links":{"self":[{"href":"https:\/\/www.libertocitybell.com\/index.php?rest_route=\/wp\/v2\/product\/645","targetHints":{"allow":["GET"]}}],"collection":[{"href":"https:\/\/www.libertocitybell.com\/index.php?rest_route=\/wp\/v2\/product"}],"about":[{"href":"https:\/\/www.libertocitybell.com\/index.php?rest_route=\/wp\/v2\/types\/product"}],"replies":[{"embeddable":true,"href":"https:\/\/www.libertocitybell.com\/index.php?rest_route=%2Fwp%2Fv2%2Fcomments&post=645"}],"wp:featuredmedia":[{"embeddable":true,"href":"https:\/\/www.libertocitybell.com\/index.php?rest_route=\/wp\/v2\/media\/646"}],"wp:attachment":[{"href":"https:\/\/www.libertocitybell.com\/index.php?rest_route=%2Fwp%2Fv2%2Fmedia&parent=645"}],"wp:term":[{"taxonomy":"product_cat","embeddable":true,"href":"https:\/\/www.libertocitybell.com\/index.php?rest_route=%2Fwp%2Fv2%2Fproduct_cat&post=645"},{"taxonomy":"product_tag","embeddable":true,"href":"https:\/\/www.libertocitybell.com\/index.php?rest_route=%2Fwp%2Fv2%2Fproduct_tag&post=645"}],"curies":[{"name":"wp","href":"https:\/\/api.w.org\/{rel}","templated":true}]}}