{"id":636,"date":"2020-11-20T12:08:53","date_gmt":"2020-11-20T15:08:53","guid":{"rendered":"http:\/\/www.libertocitybell.com\/?post_type=product&#038;p=636"},"modified":"2023-02-09T20:13:54","modified_gmt":"2023-02-09T23:13:54","slug":"la-inteligencia-henri-bergson","status":"publish","type":"product","link":"https:\/\/www.libertocitybell.com\/?product=la-inteligencia-henri-bergson","title":{"rendered":"La inteligencia &#8211; Henri Bergson"},"content":{"rendered":"<p>No, no es ni la ciencia pura ni el razonamiento solo, ni nada que se aprenda de memoria, ni nada que se exprese en f\u00f3rmulas. Es una adaptaci\u00f3n exacta del esp\u00edritu a su objeto, una adaptaci\u00f3n perfecta de la atenci\u00f3n, una cierta tensi\u00f3n interior, que nos da en el momento deseado la fuerza necesaria para aprehender con rapidez, estrechar con vigor y retener a largo plazo. Es, en suma, en el sentido propio de la palabra, la inteligencia.<\/p>\n<p>&nbsp;<\/p>\n<p>Henri Bergson\u00a0(Par\u00eds,\u00a018 de octubre\u00a0de\u00a01859\u00a0\u2013 Par\u00eds,\u00a04 de enero\u00a0de\u00a01941) fue un\u00a0fil\u00f3sofo\u00a0franc\u00e9s, ganador del\u00a0Premio Nobel de Literatura\u00a0en\u00a01927.<\/p>\n<p>Fue parte de un gran fen\u00f3meno europeo, cuya culminaci\u00f3n se dio en Francia. Los nombres m\u00e1s importantes son:\u00a0Ravaisson, los Boutroux,\u00a0Blondel\u00a0y Bergson. Los problemas que abordaron fueron: los derechos de la conciencia y los derechos inalienables de la persona. Problemas que eran percibidos como urgentes y a los que no respond\u00edan las ciencias particulares y que necesitaban de una respuesta racional.<\/p>\n","protected":false},"excerpt":{"rendered":"<p>No, no es ni la ciencia pura ni el razonamiento solo, ni nada que se aprenda de memoria, ni nada que se exprese en f\u00f3rmulas. Es una adaptaci\u00f3n exacta del esp\u00edritu a su objeto, una adaptaci\u00f3n perfecta de la atenci\u00f3n, una cierta tensi\u00f3n interior, que nos da en el momento deseado la fuerza necesaria para&hellip;&nbsp;<a href=\"https:\/\/www.libertocitybell.com\/?product=la-inteligencia-henri-bergson\" class=\"\" rel=\"bookmark\">Leer m\u00e1s &raquo;<span class=\"screen-reader-text\">La inteligencia &#8211; Henri Bergson<\/span><\/a><\/p>\n","protected":false},"featured_media":637,"comment_status":"open","ping_status":"closed","template":"","meta":{"_coblocks_attr":"","_coblocks_dimensions":"","_coblocks_responsive_height":"","_coblocks_accordion_ie_support":"","neve_meta_sidebar":"","neve_meta_container":"","neve_meta_enable_content_width":"off","neve_meta_content_width":0,"neve_meta_title_alignment":"","neve_meta_author_avatar":"","neve_post_elements_order":"","neve_meta_disable_header":"","neve_meta_disable_footer":"","neve_meta_disable_title":"","spay_email":"","jetpack_publicize_message":"","jetpack_is_tweetstorm":false,"jetpack_publicize_feature_enabled":true},"product_cat":[20],"product_tag":[],"class_list":{"0":"post-636","1":"product","2":"type-product","3":"status-publish","4":"has-post-thumbnail","6":"product_cat-narrativa-internacional","8":"first","9":"outofstock","10":"taxable","11":"shipping-taxable","12":"purchasable","13":"product-type-simple"},"jetpack_publicize_connections":[],"_links":{"self":[{"href":"https:\/\/www.libertocitybell.com\/index.php?rest_route=\/wp\/v2\/product\/636","targetHints":{"allow":["GET"]}}],"collection":[{"href":"https:\/\/www.libertocitybell.com\/index.php?rest_route=\/wp\/v2\/product"}],"about":[{"href":"https:\/\/www.libertocitybell.com\/index.php?rest_route=\/wp\/v2\/types\/product"}],"replies":[{"embeddable":true,"href":"https:\/\/www.libertocitybell.com\/index.php?rest_route=%2Fwp%2Fv2%2Fcomments&post=636"}],"wp:featuredmedia":[{"embeddable":true,"href":"https:\/\/www.libertocitybell.com\/index.php?rest_route=\/wp\/v2\/media\/637"}],"wp:attachment":[{"href":"https:\/\/www.libertocitybell.com\/index.php?rest_route=%2Fwp%2Fv2%2Fmedia&parent=636"}],"wp:term":[{"taxonomy":"product_cat","embeddable":true,"href":"https:\/\/www.libertocitybell.com\/index.php?rest_route=%2Fwp%2Fv2%2Fproduct_cat&post=636"},{"taxonomy":"product_tag","embeddable":true,"href":"https:\/\/www.libertocitybell.com\/index.php?rest_route=%2Fwp%2Fv2%2Fproduct_tag&post=636"}],"curies":[{"name":"wp","href":"https:\/\/api.w.org\/{rel}","templated":true}]}}