{"id":63,"date":"2020-10-02T16:24:35","date_gmt":"2020-10-02T19:24:35","guid":{"rendered":"http:\/\/libertocitybell-com.preview-domain.com\/?post_type=product&#038;p=63"},"modified":"2023-02-09T20:05:45","modified_gmt":"2023-02-09T23:05:45","slug":"el-nervio-optico-maria-gainza","status":"publish","type":"product","link":"https:\/\/www.libertocitybell.com\/?product=el-nervio-optico-maria-gainza","title":{"rendered":"El nervio \u00f3ptico &#8211; Mar\u00eda Gainza"},"content":{"rendered":"<p>Este es un libro hecho de miradas. Miradas sobre cuadros, sobre los artistas que los pintaron y sobre la intimidad de la narradora y su entorno. Este es un libro singular y fascinante, inclasificable, en el que la vida y el arte se entretejen. Consta de once partes: once partes que son once cap\u00edtulos de una novela que relata una historia personal y familiar, pero que tambi\u00e9n pueden leerse como once cuentos, u once incursiones furtivas en la historia de la pintura, u once ensayos narrativos que tratan de desentra\u00f1ar los misteriosos v\u00ednculos entre una obra pict\u00f3rica y quien la contempla.<\/p>\n","protected":false},"excerpt":{"rendered":"<p>Este es un libro hecho de miradas. Miradas sobre cuadros, sobre los artistas que los pintaron y sobre la intimidad de la narradora y su entorno. Este es un libro singular y fascinante, inclasificable, en el que la vida y el arte se entretejen. Consta de once partes: once partes que son once cap\u00edtulos de&hellip;&nbsp;<a href=\"https:\/\/www.libertocitybell.com\/?product=el-nervio-optico-maria-gainza\" class=\"\" rel=\"bookmark\">Leer m\u00e1s &raquo;<span class=\"screen-reader-text\">El nervio \u00f3ptico &#8211; Mar\u00eda Gainza<\/span><\/a><\/p>\n","protected":false},"featured_media":64,"comment_status":"open","ping_status":"closed","template":"","meta":{"_coblocks_attr":"","_coblocks_dimensions":"","_coblocks_responsive_height":"","_coblocks_accordion_ie_support":"","neve_meta_sidebar":"","neve_meta_container":"","neve_meta_enable_content_width":"","neve_meta_content_width":0,"neve_meta_title_alignment":"","neve_meta_author_avatar":"","neve_post_elements_order":"","neve_meta_disable_header":"","neve_meta_disable_footer":"","neve_meta_disable_title":"","spay_email":"","jetpack_publicize_message":"","jetpack_is_tweetstorm":false,"jetpack_publicize_feature_enabled":true},"product_cat":[21],"product_tag":[],"class_list":{"0":"post-63","1":"product","2":"type-product","3":"status-publish","4":"has-post-thumbnail","6":"product_cat-narrativa-argentina","8":"first","9":"outofstock","10":"taxable","11":"shipping-taxable","12":"purchasable","13":"product-type-simple"},"jetpack_publicize_connections":[],"_links":{"self":[{"href":"https:\/\/www.libertocitybell.com\/index.php?rest_route=\/wp\/v2\/product\/63","targetHints":{"allow":["GET"]}}],"collection":[{"href":"https:\/\/www.libertocitybell.com\/index.php?rest_route=\/wp\/v2\/product"}],"about":[{"href":"https:\/\/www.libertocitybell.com\/index.php?rest_route=\/wp\/v2\/types\/product"}],"replies":[{"embeddable":true,"href":"https:\/\/www.libertocitybell.com\/index.php?rest_route=%2Fwp%2Fv2%2Fcomments&post=63"}],"wp:featuredmedia":[{"embeddable":true,"href":"https:\/\/www.libertocitybell.com\/index.php?rest_route=\/wp\/v2\/media\/64"}],"wp:attachment":[{"href":"https:\/\/www.libertocitybell.com\/index.php?rest_route=%2Fwp%2Fv2%2Fmedia&parent=63"}],"wp:term":[{"taxonomy":"product_cat","embeddable":true,"href":"https:\/\/www.libertocitybell.com\/index.php?rest_route=%2Fwp%2Fv2%2Fproduct_cat&post=63"},{"taxonomy":"product_tag","embeddable":true,"href":"https:\/\/www.libertocitybell.com\/index.php?rest_route=%2Fwp%2Fv2%2Fproduct_tag&post=63"}],"curies":[{"name":"wp","href":"https:\/\/api.w.org\/{rel}","templated":true}]}}