{"id":627,"date":"2020-11-20T11:24:49","date_gmt":"2020-11-20T14:24:49","guid":{"rendered":"http:\/\/www.libertocitybell.com\/?post_type=product&#038;p=627"},"modified":"2023-02-09T20:10:04","modified_gmt":"2023-02-09T23:10:04","slug":"guitarra-negra-luis-alberto-spinetta","status":"publish","type":"product","link":"https:\/\/www.libertocitybell.com\/?product=guitarra-negra-luis-alberto-spinetta","title":{"rendered":"Guitarra negra &#8211; Luis Alberto Spinetta"},"content":{"rendered":"<p>Guitarra negra es un pu\u00f1ado de poemas, es el primer y \u00fanico libro de poes\u00eda de Spinetta. Se articula en siete partes sin t\u00edtulo y una octava denominada &#8220;escorias diferenciales del alma de la letra po\u00e9tica&#8221;.<br \/>\nUn Spinetta de juventud, donde se funden la poes\u00eda y el problema crucial del ser. Son poemas decididamente surrealistas, de tono on\u00edrico.<\/p>\n<p>&#8220;Voy a buscar a la muerte para nacerla \/ alejar\u00e9 de mi propia vaguedad el v\u00f3rtice \/ voy a cantar a la luna rosa \/ har\u00e9 un verso \/ prometer\u00e9 mi calma&#8221;.<\/p>\n","protected":false},"excerpt":{"rendered":"<p>Guitarra negra es un pu\u00f1ado de poemas, es el primer y \u00fanico libro de poes\u00eda de Spinetta. Se articula en siete partes sin t\u00edtulo y una octava denominada &#8220;escorias diferenciales del alma de la letra po\u00e9tica&#8221;. Un Spinetta de juventud, donde se funden la poes\u00eda y el problema crucial del ser. Son poemas decididamente surrealistas,&hellip;&nbsp;<a href=\"https:\/\/www.libertocitybell.com\/?product=guitarra-negra-luis-alberto-spinetta\" class=\"\" rel=\"bookmark\">Leer m\u00e1s &raquo;<span class=\"screen-reader-text\">Guitarra negra &#8211; Luis Alberto Spinetta<\/span><\/a><\/p>\n","protected":false},"featured_media":628,"comment_status":"open","ping_status":"closed","template":"","meta":{"_coblocks_attr":"","_coblocks_dimensions":"","_coblocks_responsive_height":"","_coblocks_accordion_ie_support":"","neve_meta_sidebar":"","neve_meta_container":"","neve_meta_enable_content_width":"off","neve_meta_content_width":0,"neve_meta_title_alignment":"","neve_meta_author_avatar":"","neve_post_elements_order":"","neve_meta_disable_header":"","neve_meta_disable_footer":"","neve_meta_disable_title":"","spay_email":"","jetpack_publicize_message":"","jetpack_is_tweetstorm":false,"jetpack_publicize_feature_enabled":true},"product_cat":[21,42],"product_tag":[],"class_list":{"0":"post-627","1":"product","2":"type-product","3":"status-publish","4":"has-post-thumbnail","6":"product_cat-narrativa-argentina","7":"product_cat-poesia","9":"first","10":"outofstock","11":"taxable","12":"shipping-taxable","13":"purchasable","14":"product-type-simple"},"jetpack_publicize_connections":[],"_links":{"self":[{"href":"https:\/\/www.libertocitybell.com\/index.php?rest_route=\/wp\/v2\/product\/627","targetHints":{"allow":["GET"]}}],"collection":[{"href":"https:\/\/www.libertocitybell.com\/index.php?rest_route=\/wp\/v2\/product"}],"about":[{"href":"https:\/\/www.libertocitybell.com\/index.php?rest_route=\/wp\/v2\/types\/product"}],"replies":[{"embeddable":true,"href":"https:\/\/www.libertocitybell.com\/index.php?rest_route=%2Fwp%2Fv2%2Fcomments&post=627"}],"wp:featuredmedia":[{"embeddable":true,"href":"https:\/\/www.libertocitybell.com\/index.php?rest_route=\/wp\/v2\/media\/628"}],"wp:attachment":[{"href":"https:\/\/www.libertocitybell.com\/index.php?rest_route=%2Fwp%2Fv2%2Fmedia&parent=627"}],"wp:term":[{"taxonomy":"product_cat","embeddable":true,"href":"https:\/\/www.libertocitybell.com\/index.php?rest_route=%2Fwp%2Fv2%2Fproduct_cat&post=627"},{"taxonomy":"product_tag","embeddable":true,"href":"https:\/\/www.libertocitybell.com\/index.php?rest_route=%2Fwp%2Fv2%2Fproduct_tag&post=627"}],"curies":[{"name":"wp","href":"https:\/\/api.w.org\/{rel}","templated":true}]}}