{"id":619,"date":"2020-11-20T10:58:18","date_gmt":"2020-11-20T13:58:18","guid":{"rendered":"http:\/\/www.libertocitybell.com\/?post_type=product&#038;p=619"},"modified":"2023-02-09T16:28:32","modified_gmt":"2023-02-09T19:28:32","slug":"el-hilito-flor-balestra","status":"publish","type":"product","link":"https:\/\/www.libertocitybell.com\/?product=el-hilito-flor-balestra","title":{"rendered":"El hilito &#8211; Flor Balestra"},"content":{"rendered":"<p>Flor Balestra (Rosario, 1959). Dibujante, dise\u00f1adora y productora rosarina, egresada de Bellas Artes (UNR). Creadora y gestora de Cultura Pasajera y Cultura Pan, encuentros culturales llevados adelante durante diez a\u00f1os (2004-2014) en el pasaje Pan de Rosario. En ese mismo pasaje tuvo dos locales propios de exposiciones y venta de objetos de arte: \u201cPeccata Minuta\u201d y \u201cFloR, objetos irresistibles\u201d, pioneros en la oferta de productos y objetos puramente rosarinos. En el a\u00f1o 2008 fue designada Subsecretaria de Cultura y Educaci\u00f3n de la Municipalidad de Rosario. Cre\u00f3 y dise\u00f1\u00f3 las campa\u00f1as sobre marca-ciudad \u201cRosario, la quiero\u201d y \u201cMuy Rosario\u201d.<br \/>\nAutora de los libros\u00a0<em>El hilito\u00a0<\/em>(2003), un \u00e9xito editorial que lleva varias ediciones y que se ampli\u00f3 en el a\u00f1o 2017 a\u00a0<em>El hilito plus<\/em>, editado en once idiomas (ambos editados por la marca editora).<\/p>\n<p>Ilustr\u00f3\u00a0<em>Una lecci\u00f3n de vida<\/em>, de Roberto Fontanarrosa y\u00a0<em>Versos para cebollitas<\/em>\u00a0de Mar\u00eda Elena Walsh. Public\u00f3 humor gr\u00e1fico en revistas como\u00a0<em>Tres Puntos<\/em>,\u00a0<em>El Amante<\/em>,\u00a0<em>Cosmopolitan<\/em>,\u00a0<em>Secci\u00f3n \u00c1urea<\/em>,<em>\u00a0L\u00e1piz Japon\u00e9s<\/em>,\u00a0<em>Risario\u00a0<\/em>y\u00a0<em>Barcelona<\/em>, entre otras. Realiz\u00f3 dibujos animados para m\u00fasicos como Juana Molina, Fernando Kabusacki y para la pel\u00edcula animada\u00a0<em>Anima Buenos Aires\u00a0<\/em>de Caloi y Mar\u00eda Ver\u00f3nica Ram\u00edrez. Expuso en Rosario, Buenos Aires y tambi\u00e9n en el exterior.<\/p>\n","protected":false},"excerpt":{"rendered":"<p>Flor Balestra (Rosario, 1959). Dibujante, dise\u00f1adora y productora rosarina, egresada de Bellas Artes (UNR). Creadora y gestora de Cultura Pasajera y Cultura Pan, encuentros culturales llevados adelante durante diez a\u00f1os (2004-2014) en el pasaje Pan de Rosario. En ese mismo pasaje tuvo dos locales propios de exposiciones y venta de objetos de arte: \u201cPeccata Minuta\u201d&hellip;&nbsp;<a href=\"https:\/\/www.libertocitybell.com\/?product=el-hilito-flor-balestra\" class=\"\" rel=\"bookmark\">Leer m\u00e1s &raquo;<span class=\"screen-reader-text\">El hilito &#8211; Flor Balestra<\/span><\/a><\/p>\n","protected":false},"featured_media":1340,"comment_status":"open","ping_status":"closed","template":"","meta":{"_coblocks_attr":"","_coblocks_dimensions":"","_coblocks_responsive_height":"","_coblocks_accordion_ie_support":"","neve_meta_sidebar":"","neve_meta_container":"","neve_meta_enable_content_width":"off","neve_meta_content_width":0,"neve_meta_title_alignment":"","neve_meta_author_avatar":"","neve_post_elements_order":"","neve_meta_disable_header":"","neve_meta_disable_footer":"","neve_meta_disable_title":"","spay_email":"","jetpack_publicize_message":"","jetpack_is_tweetstorm":false,"jetpack_publicize_feature_enabled":true},"product_cat":[21,30],"product_tag":[],"class_list":{"0":"post-619","1":"product","2":"type-product","3":"status-publish","4":"has-post-thumbnail","6":"product_cat-narrativa-argentina","7":"product_cat-ninos-jovenes","9":"first","10":"outofstock","11":"taxable","12":"shipping-taxable","13":"purchasable","14":"product-type-simple"},"jetpack_publicize_connections":[],"_links":{"self":[{"href":"https:\/\/www.libertocitybell.com\/index.php?rest_route=\/wp\/v2\/product\/619","targetHints":{"allow":["GET"]}}],"collection":[{"href":"https:\/\/www.libertocitybell.com\/index.php?rest_route=\/wp\/v2\/product"}],"about":[{"href":"https:\/\/www.libertocitybell.com\/index.php?rest_route=\/wp\/v2\/types\/product"}],"replies":[{"embeddable":true,"href":"https:\/\/www.libertocitybell.com\/index.php?rest_route=%2Fwp%2Fv2%2Fcomments&post=619"}],"wp:featuredmedia":[{"embeddable":true,"href":"https:\/\/www.libertocitybell.com\/index.php?rest_route=\/wp\/v2\/media\/1340"}],"wp:attachment":[{"href":"https:\/\/www.libertocitybell.com\/index.php?rest_route=%2Fwp%2Fv2%2Fmedia&parent=619"}],"wp:term":[{"taxonomy":"product_cat","embeddable":true,"href":"https:\/\/www.libertocitybell.com\/index.php?rest_route=%2Fwp%2Fv2%2Fproduct_cat&post=619"},{"taxonomy":"product_tag","embeddable":true,"href":"https:\/\/www.libertocitybell.com\/index.php?rest_route=%2Fwp%2Fv2%2Fproduct_tag&post=619"}],"curies":[{"name":"wp","href":"https:\/\/api.w.org\/{rel}","templated":true}]}}