{"id":617,"date":"2020-11-20T10:48:36","date_gmt":"2020-11-20T13:48:36","guid":{"rendered":"http:\/\/www.libertocitybell.com\/?post_type=product&#038;p=617"},"modified":"2023-02-09T16:25:00","modified_gmt":"2023-02-09T19:25:00","slug":"discurso-sobre-la-servidumbre-voluntaria-etienne-de-la-boetie","status":"publish","type":"product","link":"https:\/\/www.libertocitybell.com\/?product=discurso-sobre-la-servidumbre-voluntaria-etienne-de-la-boetie","title":{"rendered":"Discurso sobre la servidumbre voluntaria &#8211; \u00c9tienne De la Bo\u00e9tie"},"content":{"rendered":"<p>Con frecuencia el pueblo, consciente del mal que sufre, no acusa al tirano sino a los que lo gobiernan: los pueblos, las naciones, todo el mundo, hasta los campesinos y los labra dores, saben sus nombres, descifran sus vicios, amontonan sobre ellos mil ultrajes, mil villan\u00edas, mil maldiciones. Todas sus oraciones, todos sus deseos son contra ellos; todas las desdichas, todas las pestes, todas sus hambrunas, se las reprochan a ellos; y, si alguna vez les rinden aparentemente alg\u00fan honor, en el fondo, reniegan de ellos en su coraz\u00f3n y sienten ante ellos m\u00e1s horror que ante una bestia salvaje.<\/p>\n<p>&nbsp;<\/p>\n<p>\u00c9tienne de La Bo\u00e9tie (Sarlat,\u00a01 de noviembre\u00a0de\u00a01530\u00a0&#8211; Germignan, 18 de agosto\u00a0de\u00a01563), fue un escritor y pol\u00edtico\u00a0franc\u00e9s. Se interes\u00f3 desde muy joven en los autores cl\u00e1sicos\u00a0griegos\u00a0y\u00a0latinos. A los 18 a\u00f1os escribi\u00f3<em>\u00a0Discours de la servitude volontaire ou le Contr&#8217;un<\/em>\u00a0(<em>Discurso sobre la servidumbre voluntaria o el Contra uno<\/em>), publicado en\u00a01548, que se convertir\u00eda en una de sus obras m\u00e1s reconocidas.\u00a0Despu\u00e9s de cursar estudios de Derecho en la\u00a0Universit\u00e9 d&#8217;Orl\u00e9ans, en 1553 se convierte en consejero del Parlamento de\u00a0Burdeos.<\/p>\n<section id=\"second\">\n<div class=\"bloque autor\">\n<div class=\"contenido\">\n<p>Si bien\u00a0La Bo\u00e9tie\u00a0fue un servidor del orden p\u00fablico, es considerado por muchos como un precursor intelectual del\u00a0anarquismo.\u00a0Muri\u00f3 por la\u00a0peste\u00a0en Germignan el 18 de agosto de 1563 a los 33 a\u00f1os.<\/p>\n<\/div>\n<\/div>\n<\/section>\n","protected":false},"excerpt":{"rendered":"<p>Con frecuencia el pueblo, consciente del mal que sufre, no acusa al tirano sino a los que lo gobiernan: los pueblos, las naciones, todo el mundo, hasta los campesinos y los labra dores, saben sus nombres, descifran sus vicios, amontonan sobre ellos mil ultrajes, mil villan\u00edas, mil maldiciones. Todas sus oraciones, todos sus deseos son&hellip;&nbsp;<a href=\"https:\/\/www.libertocitybell.com\/?product=discurso-sobre-la-servidumbre-voluntaria-etienne-de-la-boetie\" class=\"\" rel=\"bookmark\">Leer m\u00e1s &raquo;<span class=\"screen-reader-text\">Discurso sobre la servidumbre voluntaria &#8211; \u00c9tienne De la Bo\u00e9tie<\/span><\/a><\/p>\n","protected":false},"featured_media":618,"comment_status":"open","ping_status":"closed","template":"","meta":{"_coblocks_attr":"","_coblocks_dimensions":"","_coblocks_responsive_height":"","_coblocks_accordion_ie_support":"","neve_meta_sidebar":"","neve_meta_container":"","neve_meta_enable_content_width":"off","neve_meta_content_width":0,"neve_meta_title_alignment":"","neve_meta_author_avatar":"","neve_post_elements_order":"","neve_meta_disable_header":"","neve_meta_disable_footer":"","neve_meta_disable_title":"","spay_email":"","jetpack_publicize_message":"","jetpack_is_tweetstorm":false,"jetpack_publicize_feature_enabled":true},"product_cat":[20],"product_tag":[],"class_list":{"0":"post-617","1":"product","2":"type-product","3":"status-publish","4":"has-post-thumbnail","6":"product_cat-narrativa-internacional","8":"first","9":"outofstock","10":"taxable","11":"shipping-taxable","12":"purchasable","13":"product-type-simple"},"jetpack_publicize_connections":[],"_links":{"self":[{"href":"https:\/\/www.libertocitybell.com\/index.php?rest_route=\/wp\/v2\/product\/617","targetHints":{"allow":["GET"]}}],"collection":[{"href":"https:\/\/www.libertocitybell.com\/index.php?rest_route=\/wp\/v2\/product"}],"about":[{"href":"https:\/\/www.libertocitybell.com\/index.php?rest_route=\/wp\/v2\/types\/product"}],"replies":[{"embeddable":true,"href":"https:\/\/www.libertocitybell.com\/index.php?rest_route=%2Fwp%2Fv2%2Fcomments&post=617"}],"wp:featuredmedia":[{"embeddable":true,"href":"https:\/\/www.libertocitybell.com\/index.php?rest_route=\/wp\/v2\/media\/618"}],"wp:attachment":[{"href":"https:\/\/www.libertocitybell.com\/index.php?rest_route=%2Fwp%2Fv2%2Fmedia&parent=617"}],"wp:term":[{"taxonomy":"product_cat","embeddable":true,"href":"https:\/\/www.libertocitybell.com\/index.php?rest_route=%2Fwp%2Fv2%2Fproduct_cat&post=617"},{"taxonomy":"product_tag","embeddable":true,"href":"https:\/\/www.libertocitybell.com\/index.php?rest_route=%2Fwp%2Fv2%2Fproduct_tag&post=617"}],"curies":[{"name":"wp","href":"https:\/\/api.w.org\/{rel}","templated":true}]}}