{"id":613,"date":"2020-11-19T17:53:20","date_gmt":"2020-11-19T20:53:20","guid":{"rendered":"http:\/\/www.libertocitybell.com\/?post_type=product&#038;p=613"},"modified":"2023-02-09T16:24:14","modified_gmt":"2023-02-09T19:24:14","slug":"desasosiegos-fernando-pessoa","status":"publish","type":"product","link":"https:\/\/www.libertocitybell.com\/?product=desasosiegos-fernando-pessoa","title":{"rendered":"Desasosiegos &#8211; Fernando Pessoa"},"content":{"rendered":"<p>Podr\u00eda parecer una exageraci\u00f3n: fragmentos de un libro de estructura fragmentaria. Cuando un rostro se asoma a un espejo roto, la imagen que ah\u00ed se refleja nos habla de la imposibilidad de recomponer los trazos de una continuidad. Cada fragmento guarda su verdad. Y toda la obra de Fernando Pessoa fue fragmentaria. Solo dio unidad a un libro. Lo que escribi\u00f3 qued\u00f3 desperdigado en papeles de toda clase. Ni siquiera se molest\u00f3 en escribir sus renglones en un cuaderno. No es pues una arbitrariedad presentar fragmentos de un fragmento. La posible unidad es tarea de cada lector.<\/p>\n","protected":false},"excerpt":{"rendered":"<p>Podr\u00eda parecer una exageraci\u00f3n: fragmentos de un libro de estructura fragmentaria. Cuando un rostro se asoma a un espejo roto, la imagen que ah\u00ed se refleja nos habla de la imposibilidad de recomponer los trazos de una continuidad. Cada fragmento guarda su verdad. Y toda la obra de Fernando Pessoa fue fragmentaria. Solo dio unidad&hellip;&nbsp;<a href=\"https:\/\/www.libertocitybell.com\/?product=desasosiegos-fernando-pessoa\" class=\"\" rel=\"bookmark\">Leer m\u00e1s &raquo;<span class=\"screen-reader-text\">Desasosiegos &#8211; Fernando Pessoa<\/span><\/a><\/p>\n","protected":false},"featured_media":614,"comment_status":"open","ping_status":"closed","template":"","meta":{"_coblocks_attr":"","_coblocks_dimensions":"","_coblocks_responsive_height":"","_coblocks_accordion_ie_support":"","neve_meta_sidebar":"","neve_meta_container":"","neve_meta_enable_content_width":"off","neve_meta_content_width":0,"neve_meta_title_alignment":"","neve_meta_author_avatar":"","neve_post_elements_order":"","neve_meta_disable_header":"","neve_meta_disable_footer":"","neve_meta_disable_title":"","spay_email":"","jetpack_publicize_message":"","jetpack_is_tweetstorm":false,"jetpack_publicize_feature_enabled":true},"product_cat":[20],"product_tag":[],"class_list":{"0":"post-613","1":"product","2":"type-product","3":"status-publish","4":"has-post-thumbnail","6":"product_cat-narrativa-internacional","8":"first","9":"outofstock","10":"taxable","11":"shipping-taxable","12":"purchasable","13":"product-type-simple"},"jetpack_publicize_connections":[],"_links":{"self":[{"href":"https:\/\/www.libertocitybell.com\/index.php?rest_route=\/wp\/v2\/product\/613","targetHints":{"allow":["GET"]}}],"collection":[{"href":"https:\/\/www.libertocitybell.com\/index.php?rest_route=\/wp\/v2\/product"}],"about":[{"href":"https:\/\/www.libertocitybell.com\/index.php?rest_route=\/wp\/v2\/types\/product"}],"replies":[{"embeddable":true,"href":"https:\/\/www.libertocitybell.com\/index.php?rest_route=%2Fwp%2Fv2%2Fcomments&post=613"}],"wp:featuredmedia":[{"embeddable":true,"href":"https:\/\/www.libertocitybell.com\/index.php?rest_route=\/wp\/v2\/media\/614"}],"wp:attachment":[{"href":"https:\/\/www.libertocitybell.com\/index.php?rest_route=%2Fwp%2Fv2%2Fmedia&parent=613"}],"wp:term":[{"taxonomy":"product_cat","embeddable":true,"href":"https:\/\/www.libertocitybell.com\/index.php?rest_route=%2Fwp%2Fv2%2Fproduct_cat&post=613"},{"taxonomy":"product_tag","embeddable":true,"href":"https:\/\/www.libertocitybell.com\/index.php?rest_route=%2Fwp%2Fv2%2Fproduct_tag&post=613"}],"curies":[{"name":"wp","href":"https:\/\/api.w.org\/{rel}","templated":true}]}}