{"id":61,"date":"2020-10-02T16:19:38","date_gmt":"2020-10-02T19:19:38","guid":{"rendered":"http:\/\/libertocitybell-com.preview-domain.com\/?post_type=product&#038;p=61"},"modified":"2023-02-09T20:45:50","modified_gmt":"2023-02-09T23:45:50","slug":"seda-alessandro-baricco","status":"publish","type":"product","link":"https:\/\/www.libertocitybell.com\/?product=seda-alessandro-baricco","title":{"rendered":"Seda &#8211; Alessandro Baricco"},"content":{"rendered":"<p>\u201cAunque su padre hubiera imaginado para \u00e9l un brillante porvenir en el ejercito, Herv\u00e9 Joncour hab\u00eda terminado por ganarse la vida con un oficio ins\u00f3lito, al cual no le era extra\u00f1a, por singular iron\u00eda, una caracter\u00edstica tan amable que traicionaba una vaga entonaci\u00f3n femenina.<br \/>\nPara vivir; Herv\u00e9 Joncour compraba y vend\u00eda gusanos de seda.<br \/>\nCorr\u00eda el a\u00f1o de 1861. Flaubert estaba escribiendo Salamb\u00f3, la iluminaci\u00f3n el\u00e9ctrica era todav\u00eda una hip\u00f3tesis y Abraham Lincoln, al otro lado del oc\u00e9ano, estaba combatiendo en una guerra de la cual no ver\u00eda el fin.<br \/>\nHerv\u00e9 Joncour ten\u00eda 32 a\u00f1os. Compraba y vend\u00eda. Gusanos de seda\u201d.<br \/>\nAs\u00ed comienza \u201cSeda\u201d, de Alessandro Baricco.<\/p>\n","protected":false},"excerpt":{"rendered":"<p>\u201cAunque su padre hubiera imaginado para \u00e9l un brillante porvenir en el ejercito, Herv\u00e9 Joncour hab\u00eda terminado por ganarse la vida con un oficio ins\u00f3lito, al cual no le era extra\u00f1a, por singular iron\u00eda, una caracter\u00edstica tan amable que traicionaba una vaga entonaci\u00f3n femenina. Para vivir; Herv\u00e9 Joncour compraba y vend\u00eda gusanos de seda. Corr\u00eda&hellip;&nbsp;<a href=\"https:\/\/www.libertocitybell.com\/?product=seda-alessandro-baricco\" class=\"\" rel=\"bookmark\">Leer m\u00e1s &raquo;<span class=\"screen-reader-text\">Seda &#8211; Alessandro Baricco<\/span><\/a><\/p>\n","protected":false},"featured_media":62,"comment_status":"open","ping_status":"closed","template":"","meta":{"_coblocks_attr":"","_coblocks_dimensions":"","_coblocks_responsive_height":"","_coblocks_accordion_ie_support":"","neve_meta_sidebar":"","neve_meta_container":"","neve_meta_enable_content_width":"","neve_meta_content_width":0,"neve_meta_title_alignment":"","neve_meta_author_avatar":"","neve_post_elements_order":"","neve_meta_disable_header":"","neve_meta_disable_footer":"","neve_meta_disable_title":"","spay_email":"","jetpack_publicize_message":"","jetpack_is_tweetstorm":false,"jetpack_publicize_feature_enabled":true},"product_cat":[20],"product_tag":[],"class_list":{"0":"post-61","1":"product","2":"type-product","3":"status-publish","4":"has-post-thumbnail","6":"product_cat-narrativa-internacional","8":"first","9":"outofstock","10":"taxable","11":"shipping-taxable","12":"purchasable","13":"product-type-simple"},"jetpack_publicize_connections":[],"_links":{"self":[{"href":"https:\/\/www.libertocitybell.com\/index.php?rest_route=\/wp\/v2\/product\/61","targetHints":{"allow":["GET"]}}],"collection":[{"href":"https:\/\/www.libertocitybell.com\/index.php?rest_route=\/wp\/v2\/product"}],"about":[{"href":"https:\/\/www.libertocitybell.com\/index.php?rest_route=\/wp\/v2\/types\/product"}],"replies":[{"embeddable":true,"href":"https:\/\/www.libertocitybell.com\/index.php?rest_route=%2Fwp%2Fv2%2Fcomments&post=61"}],"wp:featuredmedia":[{"embeddable":true,"href":"https:\/\/www.libertocitybell.com\/index.php?rest_route=\/wp\/v2\/media\/62"}],"wp:attachment":[{"href":"https:\/\/www.libertocitybell.com\/index.php?rest_route=%2Fwp%2Fv2%2Fmedia&parent=61"}],"wp:term":[{"taxonomy":"product_cat","embeddable":true,"href":"https:\/\/www.libertocitybell.com\/index.php?rest_route=%2Fwp%2Fv2%2Fproduct_cat&post=61"},{"taxonomy":"product_tag","embeddable":true,"href":"https:\/\/www.libertocitybell.com\/index.php?rest_route=%2Fwp%2Fv2%2Fproduct_tag&post=61"}],"curies":[{"name":"wp","href":"https:\/\/api.w.org\/{rel}","templated":true}]}}