{"id":589,"date":"2020-11-16T12:33:22","date_gmt":"2020-11-16T15:33:22","guid":{"rendered":"http:\/\/www.libertocitybell.com\/?post_type=product&#038;p=589"},"modified":"2023-02-09T16:27:01","modified_gmt":"2023-02-09T19:27:01","slug":"el-cielo-protector-paul-bowles","status":"publish","type":"product","link":"https:\/\/www.libertocitybell.com\/?product=el-cielo-protector-paul-bowles","title":{"rendered":"El cielo protector &#8211; Paul Bowles"},"content":{"rendered":"<p>Despu\u00e9s de la Segunda Guerra Mundial, un joven y refinado matrimonio de Nueva York, Port y Kit Moresby, viaja al desierto norteafricano acompa\u00f1ado de su amigo Tunner. Bajo el impresionante paisaje que los rodea se esconden los peligros de una cultura que les es completamente ajena y un entorno natural hostil. Poco a poco, el vac\u00edo y la crueldad del lugar los conducen hasta los l\u00edmites de la raz\u00f3n.<\/p>\n<p><em>El cielo protector<\/em>\u00a0es la obra m\u00e1s aclamada de Paul Bowles y una de las cumbres de la literatura americana del siglo XX. Traducida \u00edntegramente de nuevo, la novela incluye hoy el pr\u00f3logo escrito por Bowles para la \u00faltima edici\u00f3n americana que prepar\u00f3 en vida.<\/p>\n<p>Tennessee Williams, en una elogiosa cr\u00edtica escrita para The New York Times Book Review en 1949, dijo de la obra: \u00abEn su aspecto externo, la novela es la narraci\u00f3n de una asombrosa aventura. En su aspecto interno,\u00a0<em>El cielo protector<\/em>\u00a0es una alegor\u00eda de la aventura espiritual del hombre plenamente consciente en la vida moderna.\u00bb<\/p>\n","protected":false},"excerpt":{"rendered":"<p>Despu\u00e9s de la Segunda Guerra Mundial, un joven y refinado matrimonio de Nueva York, Port y Kit Moresby, viaja al desierto norteafricano acompa\u00f1ado de su amigo Tunner. Bajo el impresionante paisaje que los rodea se esconden los peligros de una cultura que les es completamente ajena y un entorno natural hostil. Poco a poco, el&hellip;&nbsp;<a href=\"https:\/\/www.libertocitybell.com\/?product=el-cielo-protector-paul-bowles\" class=\"\" rel=\"bookmark\">Leer m\u00e1s &raquo;<span class=\"screen-reader-text\">El cielo protector &#8211; Paul Bowles<\/span><\/a><\/p>\n","protected":false},"featured_media":546,"comment_status":"open","ping_status":"closed","template":"","meta":{"_coblocks_attr":"","_coblocks_dimensions":"","_coblocks_responsive_height":"","_coblocks_accordion_ie_support":"","neve_meta_sidebar":"","neve_meta_container":"","neve_meta_enable_content_width":"off","neve_meta_content_width":0,"neve_meta_title_alignment":"","neve_meta_author_avatar":"","neve_post_elements_order":"","neve_meta_disable_header":"","neve_meta_disable_footer":"","neve_meta_disable_title":"","spay_email":"","jetpack_publicize_message":"El cielo protector - Paul Bowles","jetpack_is_tweetstorm":false,"jetpack_publicize_feature_enabled":true},"product_cat":[20],"product_tag":[],"class_list":{"0":"post-589","1":"product","2":"type-product","3":"status-publish","4":"has-post-thumbnail","6":"product_cat-narrativa-internacional","8":"first","9":"outofstock","10":"taxable","11":"shipping-taxable","12":"purchasable","13":"product-type-simple"},"jetpack_publicize_connections":[],"_links":{"self":[{"href":"https:\/\/www.libertocitybell.com\/index.php?rest_route=\/wp\/v2\/product\/589","targetHints":{"allow":["GET"]}}],"collection":[{"href":"https:\/\/www.libertocitybell.com\/index.php?rest_route=\/wp\/v2\/product"}],"about":[{"href":"https:\/\/www.libertocitybell.com\/index.php?rest_route=\/wp\/v2\/types\/product"}],"replies":[{"embeddable":true,"href":"https:\/\/www.libertocitybell.com\/index.php?rest_route=%2Fwp%2Fv2%2Fcomments&post=589"}],"wp:featuredmedia":[{"embeddable":true,"href":"https:\/\/www.libertocitybell.com\/index.php?rest_route=\/wp\/v2\/media\/546"}],"wp:attachment":[{"href":"https:\/\/www.libertocitybell.com\/index.php?rest_route=%2Fwp%2Fv2%2Fmedia&parent=589"}],"wp:term":[{"taxonomy":"product_cat","embeddable":true,"href":"https:\/\/www.libertocitybell.com\/index.php?rest_route=%2Fwp%2Fv2%2Fproduct_cat&post=589"},{"taxonomy":"product_tag","embeddable":true,"href":"https:\/\/www.libertocitybell.com\/index.php?rest_route=%2Fwp%2Fv2%2Fproduct_tag&post=589"}],"curies":[{"name":"wp","href":"https:\/\/api.w.org\/{rel}","templated":true}]}}