{"id":588,"date":"2020-11-16T12:27:57","date_gmt":"2020-11-16T15:27:57","guid":{"rendered":"http:\/\/www.libertocitybell.com\/?post_type=product&#038;p=588"},"modified":"2023-02-09T20:29:16","modified_gmt":"2023-02-09T23:29:16","slug":"las-chicas-emma-cline","status":"publish","type":"product","link":"https:\/\/www.libertocitybell.com\/?product=las-chicas-emma-cline","title":{"rendered":"Las chicas &#8211; Emma Cline"},"content":{"rendered":"<p>California. Verano de 1969. Evie, una adolescente insegura y solitaria a punto de adentrarse en el incierto mundo de los adultos, se fija en un grupo de chicas en un parque: visten de un modo descuidado, van descalzas y parecen vivir felices y despreocupadas, al margen de las normas. D\u00edas despu\u00e9s, un encuentro fortuito propiciar\u00e1 que una de esas chicas \u2013Suzanne, unos a\u00f1os mayor que ella\u2013 la invite a acompa\u00f1arlas. Viven en un rancho solitario y forman parte de una comuna que gira alrededor de Russell, m\u00fasico frustrado, carism\u00e1tico, manipulador, l\u00edder, gur\u00fa.<\/p>\n<p>Fascinada y perpleja, Evie se sumerge en una espiral de drogas psicod\u00e9licas y amor libre, de manipulaci\u00f3n mental y sexual, que le har\u00e1 perder el contacto con su familia y con el mundo exterior. Y la deriva de esa comuna que deviene secta dominada por una creciente paranoia desembocar\u00e1 en un acto de violencia bestial, extremo\u2026<\/p>\n<p>Esta novela es obra de una debutante que, dada su juventud, ha dejado boquiabierta a la cr\u00edtica por la inusitada madurez con la que cincela la compleja psicolog\u00eda de sus personajes. Emma Cline construye un retrato excepcional de la fragilidad adolescente y del tormentoso proceso de hacerse adulto. Tambi\u00e9n aborda el tema de la culpa y las decisiones que nos marcar\u00e1n toda la vida. Y recrea aquellos a\u00f1os de paz y amor, de idealismo hippie, en los que germinaba un lado oscuro, muy oscuro. La autora se inspira libremente en un episodio c\u00e9lebre de la cr\u00f3nica negra americana: la matanza perpetrada por Charles Manson y su clan. Pero lo que le interesa no es la figura del psic\u00f3pata demoniaco, sino algo mucho m\u00e1s perturbador: aquellas chicas angelicales que cometieron un crimen atroz y sin embargo durante el juicio no perd\u00edan la sonrisa\u2026 Sobre ellas \u00a0\u2013\u00bfqu\u00e9 les llev\u00f3 a traspasar los l\u00edmites?, \u00bfcu\u00e1les fueron las consecuencias de unos actos que las perseguir\u00e1n siempre?\u2013 versa esta novela que deslumbra e inquieta.<\/p>\n","protected":false},"excerpt":{"rendered":"<p>California. Verano de 1969. Evie, una adolescente insegura y solitaria a punto de adentrarse en el incierto mundo de los adultos, se fija en un grupo de chicas en un parque: visten de un modo descuidado, van descalzas y parecen vivir felices y despreocupadas, al margen de las normas. D\u00edas despu\u00e9s, un encuentro fortuito propiciar\u00e1&hellip;&nbsp;<a href=\"https:\/\/www.libertocitybell.com\/?product=las-chicas-emma-cline\" class=\"\" rel=\"bookmark\">Leer m\u00e1s &raquo;<span class=\"screen-reader-text\">Las chicas &#8211; Emma Cline<\/span><\/a><\/p>\n","protected":false},"featured_media":517,"comment_status":"open","ping_status":"closed","template":"","meta":{"_coblocks_attr":"","_coblocks_dimensions":"","_coblocks_responsive_height":"","_coblocks_accordion_ie_support":"","neve_meta_sidebar":"","neve_meta_container":"","neve_meta_enable_content_width":"off","neve_meta_content_width":0,"neve_meta_title_alignment":"","neve_meta_author_avatar":"","neve_post_elements_order":"","neve_meta_disable_header":"","neve_meta_disable_footer":"","neve_meta_disable_title":"","spay_email":"","jetpack_publicize_message":"","jetpack_is_tweetstorm":false,"jetpack_publicize_feature_enabled":true},"product_cat":[20],"product_tag":[],"class_list":{"0":"post-588","1":"product","2":"type-product","3":"status-publish","4":"has-post-thumbnail","6":"product_cat-narrativa-internacional","8":"first","9":"outofstock","10":"taxable","11":"shipping-taxable","12":"purchasable","13":"product-type-simple"},"jetpack_publicize_connections":[],"_links":{"self":[{"href":"https:\/\/www.libertocitybell.com\/index.php?rest_route=\/wp\/v2\/product\/588","targetHints":{"allow":["GET"]}}],"collection":[{"href":"https:\/\/www.libertocitybell.com\/index.php?rest_route=\/wp\/v2\/product"}],"about":[{"href":"https:\/\/www.libertocitybell.com\/index.php?rest_route=\/wp\/v2\/types\/product"}],"replies":[{"embeddable":true,"href":"https:\/\/www.libertocitybell.com\/index.php?rest_route=%2Fwp%2Fv2%2Fcomments&post=588"}],"wp:featuredmedia":[{"embeddable":true,"href":"https:\/\/www.libertocitybell.com\/index.php?rest_route=\/wp\/v2\/media\/517"}],"wp:attachment":[{"href":"https:\/\/www.libertocitybell.com\/index.php?rest_route=%2Fwp%2Fv2%2Fmedia&parent=588"}],"wp:term":[{"taxonomy":"product_cat","embeddable":true,"href":"https:\/\/www.libertocitybell.com\/index.php?rest_route=%2Fwp%2Fv2%2Fproduct_cat&post=588"},{"taxonomy":"product_tag","embeddable":true,"href":"https:\/\/www.libertocitybell.com\/index.php?rest_route=%2Fwp%2Fv2%2Fproduct_tag&post=588"}],"curies":[{"name":"wp","href":"https:\/\/api.w.org\/{rel}","templated":true}]}}