{"id":580,"date":"2020-11-12T17:51:11","date_gmt":"2020-11-12T20:51:11","guid":{"rendered":"http:\/\/www.libertocitybell.com\/?post_type=product&#038;p=580"},"modified":"2023-02-09T20:13:41","modified_gmt":"2023-02-09T23:13:41","slug":"la-hija-unica-guadalupe-nettel-2","status":"publish","type":"product","link":"https:\/\/www.libertocitybell.com\/?product=la-hija-unica-guadalupe-nettel-2","title":{"rendered":"La hija \u00fanica &#8211; Guadalupe Nettel"},"content":{"rendered":"<p><strong>Tres mujeres enfrentadas a la maternidad. Tres maneras de afrontarla. Una intensa y deslumbrante novela sobre la familia en el mundo actual.\u00a0<\/strong><\/p>\n<p>Poco despu\u00e9s de cumplir los ocho meses de embarazo, a Alina le anuncian que su hija no podr\u00e1 sobrevivir al nacimiento. Ella y su compa\u00f1ero emprenden entonces un doloroso pero tambi\u00e9n sorprendente proceso de aceptaci\u00f3n y duelo. Ese \u00faltimo mes de gestaci\u00f3n se convierte para ellos en una extra\u00f1a oportunidad para conocer a esa hija a la que tanto trabajo les cuesta renunciar. Laura, la gran amiga de Alina, refiere el conflicto de esta pareja, mientras reflexiona sobre el amor y su l\u00f3gica a veces incomprensible, pero tambi\u00e9n sobre las estrategias que los seres humanos inventamos para superar la frustraci\u00f3n. Laura nos cuenta igualmente la historia de su vecina Doris, madre soltera de un ni\u00f1o encantador con problemas de comportamiento.<\/p>\n<p>Escrita con una sencillez solo aparente,\u00a0<em>La hija \u00fanica<\/em>\u00a0es una novela profunda y llena de sabidur\u00eda sobre la maternidad, sobre su negaci\u00f3n o su asunci\u00f3n; sobre las dudas, incertidumbres e incluso sentimientos de culpa que la envuelven; sobre las alegr\u00edas y las angustias que la acompa\u00f1an. Es tambi\u00e9n una novela sobre tres mujeres \u2013Laura, Alina, Doris\u2013 y los v\u00ednculos \u2013de amistad, de amor\u2013 que establecen entre ellas. Una novela sobre las formas diversas que puede tomar la familia en el mundo actual.<\/p>\n<p>&nbsp;<\/p>\n","protected":false},"excerpt":{"rendered":"<p>Tres mujeres enfrentadas a la maternidad. Tres maneras de afrontarla. Una intensa y deslumbrante novela sobre la familia en el mundo actual.\u00a0 Poco despu\u00e9s de cumplir los ocho meses de embarazo, a Alina le anuncian que su hija no podr\u00e1 sobrevivir al nacimiento. Ella y su compa\u00f1ero emprenden entonces un doloroso pero tambi\u00e9n sorprendente proceso&hellip;&nbsp;<a href=\"https:\/\/www.libertocitybell.com\/?product=la-hija-unica-guadalupe-nettel-2\" class=\"\" rel=\"bookmark\">Leer m\u00e1s &raquo;<span class=\"screen-reader-text\">La hija \u00fanica &#8211; Guadalupe Nettel<\/span><\/a><\/p>\n","protected":false},"featured_media":551,"comment_status":"open","ping_status":"closed","template":"","meta":{"_coblocks_attr":"","_coblocks_dimensions":"","_coblocks_responsive_height":"","_coblocks_accordion_ie_support":"","neve_meta_sidebar":"","neve_meta_container":"","neve_meta_enable_content_width":"off","neve_meta_content_width":0,"neve_meta_title_alignment":"","neve_meta_author_avatar":"","neve_post_elements_order":"","neve_meta_disable_header":"","neve_meta_disable_footer":"","neve_meta_disable_title":"","spay_email":"","jetpack_publicize_message":"","jetpack_is_tweetstorm":false,"jetpack_publicize_feature_enabled":true},"product_cat":[22],"product_tag":[],"class_list":{"0":"post-580","1":"product","2":"type-product","3":"status-publish","4":"has-post-thumbnail","6":"product_cat-narrativa-latinoamericana","8":"first","9":"outofstock","10":"taxable","11":"shipping-taxable","12":"purchasable","13":"product-type-simple"},"jetpack_publicize_connections":[],"_links":{"self":[{"href":"https:\/\/www.libertocitybell.com\/index.php?rest_route=\/wp\/v2\/product\/580","targetHints":{"allow":["GET"]}}],"collection":[{"href":"https:\/\/www.libertocitybell.com\/index.php?rest_route=\/wp\/v2\/product"}],"about":[{"href":"https:\/\/www.libertocitybell.com\/index.php?rest_route=\/wp\/v2\/types\/product"}],"replies":[{"embeddable":true,"href":"https:\/\/www.libertocitybell.com\/index.php?rest_route=%2Fwp%2Fv2%2Fcomments&post=580"}],"wp:featuredmedia":[{"embeddable":true,"href":"https:\/\/www.libertocitybell.com\/index.php?rest_route=\/wp\/v2\/media\/551"}],"wp:attachment":[{"href":"https:\/\/www.libertocitybell.com\/index.php?rest_route=%2Fwp%2Fv2%2Fmedia&parent=580"}],"wp:term":[{"taxonomy":"product_cat","embeddable":true,"href":"https:\/\/www.libertocitybell.com\/index.php?rest_route=%2Fwp%2Fv2%2Fproduct_cat&post=580"},{"taxonomy":"product_tag","embeddable":true,"href":"https:\/\/www.libertocitybell.com\/index.php?rest_route=%2Fwp%2Fv2%2Fproduct_tag&post=580"}],"curies":[{"name":"wp","href":"https:\/\/api.w.org\/{rel}","templated":true}]}}