{"id":482,"date":"2020-11-02T10:59:28","date_gmt":"2020-11-02T13:59:28","guid":{"rendered":"http:\/\/www.libertocitybell.com\/?post_type=product&#038;p=482"},"modified":"2023-02-09T20:44:56","modified_gmt":"2023-02-09T23:44:56","slug":"puzzle-artistas-rompecabezas-medita","status":"publish","type":"product","link":"https:\/\/www.libertocitybell.com\/?product=puzzle-artistas-rompecabezas-medita","title":{"rendered":"Puzzle Artistas Rompecabezas &#8211; Medita"},"content":{"rendered":"<div>Artistas Rompecabezas es un encuentro entre nuestras ganas de jugar y la imaginaci\u00f3n de nuestros artistas preferidos. Desconectate del mundo y conectate con vos mientras arm\u00e1s una bella obra de arte.<\/div>\n<div><\/div>\n<div>Cada puzzle terminado es una obra de arte para enmarcar y decorar tus espacios.<\/div>\n<div><\/div>\n<div><strong><br \/>\nCARACTER\u00cdSTICAS:<\/p>\n<p><\/strong><\/div>\n<div>Puzzle de 300 piezas<\/div>\n<div>Puzzle de 30 \u00d7 40 cm (armado)<\/div>\n<div>Incluye caja contenedora<br \/>\nColecci\u00f3n: Artistas Rompecebezas<\/div>\n","protected":false},"excerpt":{"rendered":"<p>Artistas Rompecabezas es un encuentro entre nuestras ganas de jugar y la imaginaci\u00f3n de nuestros artistas preferidos. Desconectate del mundo y conectate con vos mientras arm\u00e1s una bella obra de arte. Cada puzzle terminado es una obra de arte para enmarcar y decorar tus espacios. CARACTER\u00cdSTICAS: Puzzle de 300 piezas Puzzle de 30 \u00d7 40&hellip;&nbsp;<a href=\"https:\/\/www.libertocitybell.com\/?product=puzzle-artistas-rompecabezas-medita\" class=\"\" rel=\"bookmark\">Leer m\u00e1s &raquo;<span class=\"screen-reader-text\">Puzzle Artistas Rompecabezas &#8211; Medita<\/span><\/a><\/p>\n","protected":false},"featured_media":483,"comment_status":"open","ping_status":"closed","template":"","meta":{"_coblocks_attr":"","_coblocks_dimensions":"","_coblocks_responsive_height":"","_coblocks_accordion_ie_support":"","neve_meta_sidebar":"","neve_meta_container":"","neve_meta_enable_content_width":"off","neve_meta_content_width":0,"neve_meta_title_alignment":"","neve_meta_author_avatar":"","neve_post_elements_order":"","neve_meta_disable_header":"","neve_meta_disable_footer":"","neve_meta_disable_title":"","spay_email":"","jetpack_publicize_message":"","jetpack_is_tweetstorm":false,"jetpack_publicize_feature_enabled":true},"product_cat":[35,40],"product_tag":[],"class_list":{"0":"post-482","1":"product","2":"type-product","3":"status-publish","4":"has-post-thumbnail","6":"product_cat-monoblock","7":"product_cat-puzzles","9":"first","10":"outofstock","11":"taxable","12":"shipping-taxable","13":"purchasable","14":"product-type-simple"},"jetpack_publicize_connections":[],"_links":{"self":[{"href":"https:\/\/www.libertocitybell.com\/index.php?rest_route=\/wp\/v2\/product\/482","targetHints":{"allow":["GET"]}}],"collection":[{"href":"https:\/\/www.libertocitybell.com\/index.php?rest_route=\/wp\/v2\/product"}],"about":[{"href":"https:\/\/www.libertocitybell.com\/index.php?rest_route=\/wp\/v2\/types\/product"}],"replies":[{"embeddable":true,"href":"https:\/\/www.libertocitybell.com\/index.php?rest_route=%2Fwp%2Fv2%2Fcomments&post=482"}],"wp:featuredmedia":[{"embeddable":true,"href":"https:\/\/www.libertocitybell.com\/index.php?rest_route=\/wp\/v2\/media\/483"}],"wp:attachment":[{"href":"https:\/\/www.libertocitybell.com\/index.php?rest_route=%2Fwp%2Fv2%2Fmedia&parent=482"}],"wp:term":[{"taxonomy":"product_cat","embeddable":true,"href":"https:\/\/www.libertocitybell.com\/index.php?rest_route=%2Fwp%2Fv2%2Fproduct_cat&post=482"},{"taxonomy":"product_tag","embeddable":true,"href":"https:\/\/www.libertocitybell.com\/index.php?rest_route=%2Fwp%2Fv2%2Fproduct_tag&post=482"}],"curies":[{"name":"wp","href":"https:\/\/api.w.org\/{rel}","templated":true}]}}