{"id":390,"date":"2020-10-09T19:45:37","date_gmt":"2020-10-09T22:45:37","guid":{"rendered":"http:\/\/www.libertocitybell.com\/?post_type=product&#038;p=390"},"modified":"2023-02-09T16:31:21","modified_gmt":"2023-02-09T19:31:21","slug":"el-masnavi-yalaluddin-rumi","status":"publish","type":"product","link":"https:\/\/www.libertocitybell.com\/?product=el-masnavi-yalaluddin-rumi","title":{"rendered":"El Masnavi &#8211; Yalaluddin Rumi"},"content":{"rendered":"<p>\u2022 Extenso texto originalmente escrito en persa por Yalaludd\u00een Rumi: una de las obras m\u00e1s conocidas e influyentes del sufismo.<\/p>\n<p>\u2022 Colecci\u00f3n po\u00e9tica de an\u00e9cdotas e historias derivadas del Cor\u00e1n, fuentes de hadices y cuentos cotidianos, que tienen la intenci\u00f3n de ilustrar y moralizar.<\/p>\n<p>\u2022 Explica las diversas dimensiones de la vida espiritual y la pr\u00e1ctica de los disc\u00edpulos suf\u00edes y ayuda a cualquiera que desee reflexionar sobre el significado de la vida.<\/p>\n<div class=\"resena\">\n<p>El Masnavi consigue inspirar el amor por lo divino. Tal es el poder de la obra magna de Yalaludd\u00een Rumi (1207-1273), poeta y maestro suf\u00ed de origen persa m\u00e1s conocido como Mevl\u00e2na (nuestro maestro), que se estableci\u00f3 en Konya, actual Turqu\u00eda, donde est\u00e1 su mausoleo. No se trata de una simple obra po\u00e9tica, filos\u00f3fica o metaf\u00edsica; es todo ello y al mismo tiempo mucho m\u00e1s. Existe una t\u00e9cnica, practicada en los c\u00edrculos suf\u00edes, consistente en abrir al azar El Masnavi y leer la historia por la cual se ha abierto. Muchas personas atestiguan que a menudo esta t\u00e9cnica les ha dado respuesta a situaciones planteadas en su vida, o les ha hecho de espejo para reflejar aspectos de su alma a ser trabajados.<\/p>\n<\/div>\n","protected":false},"excerpt":{"rendered":"<p>\u2022 Extenso texto originalmente escrito en persa por Yalaludd\u00een Rumi: una de las obras m\u00e1s conocidas e influyentes del sufismo. \u2022 Colecci\u00f3n po\u00e9tica de an\u00e9cdotas e historias derivadas del Cor\u00e1n, fuentes de hadices y cuentos cotidianos, que tienen la intenci\u00f3n de ilustrar y moralizar. \u2022 Explica las diversas dimensiones de la vida espiritual y la&hellip;&nbsp;<a href=\"https:\/\/www.libertocitybell.com\/?product=el-masnavi-yalaluddin-rumi\" class=\"\" rel=\"bookmark\">Leer m\u00e1s &raquo;<span class=\"screen-reader-text\">El Masnavi &#8211; Yalaluddin Rumi<\/span><\/a><\/p>\n","protected":false},"featured_media":392,"comment_status":"open","ping_status":"closed","template":"","meta":{"_coblocks_attr":"","_coblocks_dimensions":"","_coblocks_responsive_height":"","_coblocks_accordion_ie_support":"","neve_meta_sidebar":"","neve_meta_container":"","neve_meta_enable_content_width":"off","neve_meta_content_width":0,"neve_meta_title_alignment":"","neve_meta_author_avatar":"","neve_post_elements_order":"","neve_meta_disable_header":"","neve_meta_disable_footer":"","neve_meta_disable_title":"","spay_email":"","jetpack_publicize_message":"","jetpack_is_tweetstorm":false,"jetpack_publicize_feature_enabled":true},"product_cat":[20],"product_tag":[],"class_list":{"0":"post-390","1":"product","2":"type-product","3":"status-publish","4":"has-post-thumbnail","6":"product_cat-narrativa-internacional","8":"first","9":"outofstock","10":"taxable","11":"shipping-taxable","12":"purchasable","13":"product-type-simple"},"jetpack_publicize_connections":[],"_links":{"self":[{"href":"https:\/\/www.libertocitybell.com\/index.php?rest_route=\/wp\/v2\/product\/390","targetHints":{"allow":["GET"]}}],"collection":[{"href":"https:\/\/www.libertocitybell.com\/index.php?rest_route=\/wp\/v2\/product"}],"about":[{"href":"https:\/\/www.libertocitybell.com\/index.php?rest_route=\/wp\/v2\/types\/product"}],"replies":[{"embeddable":true,"href":"https:\/\/www.libertocitybell.com\/index.php?rest_route=%2Fwp%2Fv2%2Fcomments&post=390"}],"wp:featuredmedia":[{"embeddable":true,"href":"https:\/\/www.libertocitybell.com\/index.php?rest_route=\/wp\/v2\/media\/392"}],"wp:attachment":[{"href":"https:\/\/www.libertocitybell.com\/index.php?rest_route=%2Fwp%2Fv2%2Fmedia&parent=390"}],"wp:term":[{"taxonomy":"product_cat","embeddable":true,"href":"https:\/\/www.libertocitybell.com\/index.php?rest_route=%2Fwp%2Fv2%2Fproduct_cat&post=390"},{"taxonomy":"product_tag","embeddable":true,"href":"https:\/\/www.libertocitybell.com\/index.php?rest_route=%2Fwp%2Fv2%2Fproduct_tag&post=390"}],"curies":[{"name":"wp","href":"https:\/\/api.w.org\/{rel}","templated":true}]}}