{"id":384,"date":"2020-10-09T19:28:49","date_gmt":"2020-10-09T22:28:49","guid":{"rendered":"http:\/\/www.libertocitybell.com\/?post_type=product&#038;p=384"},"modified":"2023-02-09T20:43:49","modified_gmt":"2023-02-09T23:43:49","slug":"poeta-ciego-mario-bellatin","status":"publish","type":"product","link":"https:\/\/www.libertocitybell.com\/?product=poeta-ciego-mario-bellatin","title":{"rendered":"Poeta ciego &#8211; Mario Bellatin"},"content":{"rendered":"<div class=\"woocommerce-product-details__short-description\">\n<div class=\"descMob\">\n<p>\u00abUn poeta ciego de or\u00edgenes legendarios, hijo adoptivo de una familia acaudalada, estudiante universitario y creador de rituales esot\u00e9ricos, funda una secta de oscuros prop\u00f3sitos cuyas reglas se basan en una sexualidad maliciosa y en las virtudes m\u00e1gicas que se atribuyen a las irregularidades de la piel. Luego de atraer a nuevos seguidores con bailarinas y, en caso necesario, con ciertas drogas suministradas por psiquiatras, los dirigentes someten a sus fieles a perversos m\u00e9todos pedag\u00f3gicos. Muy pronto la comunidad religiosa ser\u00e1 escenario del cisma, la locura fan\u00e1tica y la lucha por obtener el poder. Cuando los disc\u00edpulos del poeta ciego asesinan a las primera personas indefensas, \u00bfse han vuelto marionetas intolerantes y caprichosas? \u00bfC\u00f3mo detener esa obra de crueldad y violencia que tanto temiera el fundador de la secta?\u00bb<\/p>\n<\/div>\n<\/div>\n","protected":false},"excerpt":{"rendered":"<p>\u00abUn poeta ciego de or\u00edgenes legendarios, hijo adoptivo de una familia acaudalada, estudiante universitario y creador de rituales esot\u00e9ricos, funda una secta de oscuros prop\u00f3sitos cuyas reglas se basan en una sexualidad maliciosa y en las virtudes m\u00e1gicas que se atribuyen a las irregularidades de la piel. Luego de atraer a nuevos seguidores con bailarinas&hellip;&nbsp;<a href=\"https:\/\/www.libertocitybell.com\/?product=poeta-ciego-mario-bellatin\" class=\"\" rel=\"bookmark\">Leer m\u00e1s &raquo;<span class=\"screen-reader-text\">Poeta ciego &#8211; Mario Bellatin<\/span><\/a><\/p>\n","protected":false},"featured_media":385,"comment_status":"open","ping_status":"closed","template":"","meta":{"_coblocks_attr":"","_coblocks_dimensions":"","_coblocks_responsive_height":"","_coblocks_accordion_ie_support":"","neve_meta_sidebar":"","neve_meta_container":"","neve_meta_enable_content_width":"off","neve_meta_content_width":0,"neve_meta_title_alignment":"","neve_meta_author_avatar":"","neve_post_elements_order":"","neve_meta_disable_header":"","neve_meta_disable_footer":"","neve_meta_disable_title":"","spay_email":"","jetpack_publicize_message":"","jetpack_is_tweetstorm":false,"jetpack_publicize_feature_enabled":true},"product_cat":[22],"product_tag":[],"class_list":{"0":"post-384","1":"product","2":"type-product","3":"status-publish","4":"has-post-thumbnail","6":"product_cat-narrativa-latinoamericana","8":"first","9":"outofstock","10":"taxable","11":"shipping-taxable","12":"purchasable","13":"product-type-simple"},"jetpack_publicize_connections":[],"_links":{"self":[{"href":"https:\/\/www.libertocitybell.com\/index.php?rest_route=\/wp\/v2\/product\/384","targetHints":{"allow":["GET"]}}],"collection":[{"href":"https:\/\/www.libertocitybell.com\/index.php?rest_route=\/wp\/v2\/product"}],"about":[{"href":"https:\/\/www.libertocitybell.com\/index.php?rest_route=\/wp\/v2\/types\/product"}],"replies":[{"embeddable":true,"href":"https:\/\/www.libertocitybell.com\/index.php?rest_route=%2Fwp%2Fv2%2Fcomments&post=384"}],"wp:featuredmedia":[{"embeddable":true,"href":"https:\/\/www.libertocitybell.com\/index.php?rest_route=\/wp\/v2\/media\/385"}],"wp:attachment":[{"href":"https:\/\/www.libertocitybell.com\/index.php?rest_route=%2Fwp%2Fv2%2Fmedia&parent=384"}],"wp:term":[{"taxonomy":"product_cat","embeddable":true,"href":"https:\/\/www.libertocitybell.com\/index.php?rest_route=%2Fwp%2Fv2%2Fproduct_cat&post=384"},{"taxonomy":"product_tag","embeddable":true,"href":"https:\/\/www.libertocitybell.com\/index.php?rest_route=%2Fwp%2Fv2%2Fproduct_tag&post=384"}],"curies":[{"name":"wp","href":"https:\/\/api.w.org\/{rel}","templated":true}]}}