{"id":374,"date":"2020-10-09T18:38:26","date_gmt":"2020-10-09T21:38:26","guid":{"rendered":"http:\/\/www.libertocitybell.com\/?post_type=product&#038;p=374"},"modified":"2023-02-09T20:10:54","modified_gmt":"2023-02-09T23:10:54","slug":"ivan-el-tonto-leon-tolstoi","status":"publish","type":"product","link":"https:\/\/www.libertocitybell.com\/?product=ivan-el-tonto-leon-tolstoi","title":{"rendered":"Iv\u00e1n el tonto &#8211; Le\u00f3n Tolst\u00f3i"},"content":{"rendered":"<p>\u00bfQu\u00e9 puede hacer un diablo ante la pureza y la bondad de alguien como Iv\u00e1n el Tonto? Todos sus intentos por corromperlo, por provocar su codicia y su ambici\u00f3n con dinero y otras promesas son vanos. Sin siquiera propon\u00e9rselo, Iv\u00e1n arruina una y otra vez con su inocencia y su tes\u00f3n las tretas con las que el diablo juega a llevarlo a su terreno. De manera desinteresada, Iv\u00e1n hace el bien a sus vecinos sin esperar recompensa, del mismo modo que se ocupa de labrar la tierra o de recoger la cosecha. En las 27 historias recogidas en el libro, muchas de ellas inspiradas en la mitolog\u00eda popular rusa y en las f\u00e1bulas de la tradici\u00f3n cl\u00e1sica, el conde ruso Lev Tolst\u00f3i (1828-1910), una de las grandes figuras de la cultura universal, demuestra su confianza en el genero humano y especialmente en los ni\u00f1os y j\u00f3venes, que a trav\u00e9s de su inocencia y grandeza representan la esperanza de la sociedad. Exaltando valores esenciales del alma humana como la nobleza, la honestidad, el amor por la justicia y la libertad, sus moralejas se ambientan tanto en una caba\u00f1a como en el palacio de un rey, y todas las situaciones sirven para poner a prueba el ingenio y demostrar que el camino del bien siempre enriquece al hombre y lo conduce m\u00e1s f\u00e1cilmente a la felicidad.<\/p>\n","protected":false},"excerpt":{"rendered":"<p>\u00bfQu\u00e9 puede hacer un diablo ante la pureza y la bondad de alguien como Iv\u00e1n el Tonto? Todos sus intentos por corromperlo, por provocar su codicia y su ambici\u00f3n con dinero y otras promesas son vanos. Sin siquiera propon\u00e9rselo, Iv\u00e1n arruina una y otra vez con su inocencia y su tes\u00f3n las tretas con las&hellip;&nbsp;<a href=\"https:\/\/www.libertocitybell.com\/?product=ivan-el-tonto-leon-tolstoi\" class=\"\" rel=\"bookmark\">Leer m\u00e1s &raquo;<span class=\"screen-reader-text\">Iv\u00e1n el tonto &#8211; Le\u00f3n Tolst\u00f3i<\/span><\/a><\/p>\n","protected":false},"featured_media":401,"comment_status":"open","ping_status":"closed","template":"","meta":{"_coblocks_attr":"","_coblocks_dimensions":"","_coblocks_responsive_height":"","_coblocks_accordion_ie_support":"","neve_meta_sidebar":"","neve_meta_container":"","neve_meta_enable_content_width":"off","neve_meta_content_width":0,"neve_meta_title_alignment":"","neve_meta_author_avatar":"","neve_post_elements_order":"","neve_meta_disable_header":"","neve_meta_disable_footer":"","neve_meta_disable_title":"","spay_email":"","jetpack_publicize_message":"","jetpack_is_tweetstorm":false,"jetpack_publicize_feature_enabled":true},"product_cat":[20,30],"product_tag":[],"class_list":{"0":"post-374","1":"product","2":"type-product","3":"status-publish","4":"has-post-thumbnail","6":"product_cat-narrativa-internacional","7":"product_cat-ninos-jovenes","9":"first","10":"outofstock","11":"taxable","12":"shipping-taxable","13":"purchasable","14":"product-type-simple"},"jetpack_publicize_connections":[],"_links":{"self":[{"href":"https:\/\/www.libertocitybell.com\/index.php?rest_route=\/wp\/v2\/product\/374","targetHints":{"allow":["GET"]}}],"collection":[{"href":"https:\/\/www.libertocitybell.com\/index.php?rest_route=\/wp\/v2\/product"}],"about":[{"href":"https:\/\/www.libertocitybell.com\/index.php?rest_route=\/wp\/v2\/types\/product"}],"replies":[{"embeddable":true,"href":"https:\/\/www.libertocitybell.com\/index.php?rest_route=%2Fwp%2Fv2%2Fcomments&post=374"}],"wp:featuredmedia":[{"embeddable":true,"href":"https:\/\/www.libertocitybell.com\/index.php?rest_route=\/wp\/v2\/media\/401"}],"wp:attachment":[{"href":"https:\/\/www.libertocitybell.com\/index.php?rest_route=%2Fwp%2Fv2%2Fmedia&parent=374"}],"wp:term":[{"taxonomy":"product_cat","embeddable":true,"href":"https:\/\/www.libertocitybell.com\/index.php?rest_route=%2Fwp%2Fv2%2Fproduct_cat&post=374"},{"taxonomy":"product_tag","embeddable":true,"href":"https:\/\/www.libertocitybell.com\/index.php?rest_route=%2Fwp%2Fv2%2Fproduct_tag&post=374"}],"curies":[{"name":"wp","href":"https:\/\/api.w.org\/{rel}","templated":true}]}}