{"id":241,"date":"2020-10-06T15:46:24","date_gmt":"2020-10-06T18:46:24","guid":{"rendered":"http:\/\/www.libertocitybell.com\/?post_type=product&#038;p=241"},"modified":"2023-02-09T16:17:32","modified_gmt":"2023-02-09T19:17:32","slug":"bruja-moderna-dalia-walker","status":"publish","type":"product","link":"https:\/\/www.libertocitybell.com\/?product=bruja-moderna-dalia-walker","title":{"rendered":"Bruja moderna &#8211; Dalia Walker"},"content":{"rendered":"<div>\n<div>Bruja Moderna es una gu\u00eda pr\u00e1ctica para aprender a manifestar tus deseos a trav\u00e9s de la magia sagrada. Una introducci\u00f3n perfecta al mundo m\u00e1gico: desde cristales hasta tarot, pasando por dioses, santas y por supuesto, rituales. Trabaj\u00e1 con tu naturaleza divina y despert\u00e1 tus s\u00faper poderes: intuici\u00f3n, creatividad, fuerza.<\/div>\n<\/div>\n<div><\/div>\n<div>Animate a experimentar con la energ\u00eda universal y a recorrer un camino de autoconocimiento que sabr\u00e1s d\u00f3nde comienza&#8230; pero nunca d\u00f3nde termina.<\/div>\n<div><\/div>\n<div>\u00b7 Comprend\u00e9 la influencia de los astros y los ciclos lunares.<br \/>\n\u00b7\u00a0Descubr\u00ed c\u00f3mo utilizar alqu\u00edmicos, cristales y hierbas.<br \/>\n\u00b7\u00a0Abr\u00ed tu percepci\u00f3n a trav\u00e9s de una autolectura de tarot.<br \/>\n\u00b7\u00a0Aprend\u00e9 a armar tu altar y mantras para invocar la energ\u00eda divina.<br \/>\n\u00b7\u00a0Incluye 15 rituales y pr\u00e1cticas para canalizar tu energ\u00eda transformadora.<br \/>\n\u00b7\u00a0Bonus: compa\u00f1eros de la bruja moderna y turismo esot\u00e9rico.<br \/>\n\u00b7\u00a0Conoc\u00e9 los fundamentos indispensables para vivir de forma m\u00e1gica&#8230; \u00a1todos los d\u00edas!<\/div>\n","protected":false},"excerpt":{"rendered":"<p>Bruja Moderna es una gu\u00eda pr\u00e1ctica para aprender a manifestar tus deseos a trav\u00e9s de la magia sagrada. Una introducci\u00f3n perfecta al mundo m\u00e1gico: desde cristales hasta tarot, pasando por dioses, santas y por supuesto, rituales. Trabaj\u00e1 con tu naturaleza divina y despert\u00e1 tus s\u00faper poderes: intuici\u00f3n, creatividad, fuerza. Animate a experimentar con la energ\u00eda&hellip;&nbsp;<a href=\"https:\/\/www.libertocitybell.com\/?product=bruja-moderna-dalia-walker\" class=\"\" rel=\"bookmark\">Leer m\u00e1s &raquo;<span class=\"screen-reader-text\">Bruja moderna &#8211; Dalia Walker<\/span><\/a><\/p>\n","protected":false},"featured_media":245,"comment_status":"open","ping_status":"closed","template":"","meta":{"_coblocks_attr":"","_coblocks_dimensions":"","_coblocks_responsive_height":"","_coblocks_accordion_ie_support":"","neve_meta_sidebar":"","neve_meta_container":"","neve_meta_enable_content_width":"off","neve_meta_content_width":0,"neve_meta_title_alignment":"","neve_meta_author_avatar":"","neve_post_elements_order":"","neve_meta_disable_header":"","neve_meta_disable_footer":"","neve_meta_disable_title":"","spay_email":"","jetpack_publicize_message":"","jetpack_is_tweetstorm":false,"jetpack_publicize_feature_enabled":true},"product_cat":[26,35],"product_tag":[],"class_list":{"0":"post-241","1":"product","2":"type-product","3":"status-publish","4":"has-post-thumbnail","6":"product_cat-esoterismo","7":"product_cat-monoblock","9":"first","10":"outofstock","11":"taxable","12":"shipping-taxable","13":"purchasable","14":"product-type-simple"},"jetpack_publicize_connections":[],"_links":{"self":[{"href":"https:\/\/www.libertocitybell.com\/index.php?rest_route=\/wp\/v2\/product\/241","targetHints":{"allow":["GET"]}}],"collection":[{"href":"https:\/\/www.libertocitybell.com\/index.php?rest_route=\/wp\/v2\/product"}],"about":[{"href":"https:\/\/www.libertocitybell.com\/index.php?rest_route=\/wp\/v2\/types\/product"}],"replies":[{"embeddable":true,"href":"https:\/\/www.libertocitybell.com\/index.php?rest_route=%2Fwp%2Fv2%2Fcomments&post=241"}],"wp:featuredmedia":[{"embeddable":true,"href":"https:\/\/www.libertocitybell.com\/index.php?rest_route=\/wp\/v2\/media\/245"}],"wp:attachment":[{"href":"https:\/\/www.libertocitybell.com\/index.php?rest_route=%2Fwp%2Fv2%2Fmedia&parent=241"}],"wp:term":[{"taxonomy":"product_cat","embeddable":true,"href":"https:\/\/www.libertocitybell.com\/index.php?rest_route=%2Fwp%2Fv2%2Fproduct_cat&post=241"},{"taxonomy":"product_tag","embeddable":true,"href":"https:\/\/www.libertocitybell.com\/index.php?rest_route=%2Fwp%2Fv2%2Fproduct_tag&post=241"}],"curies":[{"name":"wp","href":"https:\/\/api.w.org\/{rel}","templated":true}]}}