{"id":1910,"date":"2022-11-09T10:26:34","date_gmt":"2022-11-09T13:26:34","guid":{"rendered":"https:\/\/www.libertocitybell.com\/?product=el-ano-en-que-debia-morirnatalia-moret"},"modified":"2023-02-09T16:26:00","modified_gmt":"2023-02-09T19:26:00","slug":"el-ano-en-que-debia-morirnatalia-moret","status":"publish","type":"product","link":"https:\/\/www.libertocitybell.com\/?product=el-ano-en-que-debia-morirnatalia-moret","title":{"rendered":"El a\u00f1o en que deb\u00eda morir\nNatalia Moret"},"content":{"rendered":"<p><span style=\"font-family: Arial, Helvetica, sans-serif;font-size: 13px;font-style: normal;font-weight: 400;letter-spacing: normal;text-align: left;text-indent: 0px;text-transform: none;text-decoration: none;float: none\">Aislada en el campo, en el momento m\u00e1s fr\u00edo y oscuro de un invierno de encierro, una mujer de cuarenta y dos a\u00f1os espera el resultado de una biopsia. Habita un limbo ansioso plagado de presentimientos: un mes en el que tiene y no tiene c\u00e1ncer. Pero esta espera la enfrenta a otros fantasmas, entre ellos el de su madre, que muri\u00f3 a la edad que ella tiene ahora. Los cuarenta y dos a\u00f1os eran su sentencia de muerte, y lo que parec\u00eda puro pensamiento m\u00e1gico de pronto amenaza con tornarse real. Entre las permanentes interrupciones de sus hijas y las tareas de la casa, escribe y piensa. Mira la planicie, mira el cielo, pero, como si se encontrara atrapada en una pirueta metaf\u00edsica, solo puede ver el pasado -hacia adentro y hacia atr\u00e1s-, uno en el que su madre todav\u00eda vive, su abuela encarna una energ\u00eda oscura, y ella se vuelve la cabeza de una familia. Con inteligencia y profundidad, con sobriedad y sin aspavientos, la narradora se embarca en la lectura de un mapa familiar que solo podr\u00e1 iluminar a condici\u00f3n de no mirarlo de frente. Un recorrido que da como resultado una pieza \u00edntima y honesta, filosa, por momentos, una br\u00fajula, por otros, un arma cargada de sentimientos.<\/span><\/p>\n","protected":false},"excerpt":{"rendered":"<p>Aislada en el campo, en el momento m\u00e1s fr\u00edo y oscuro de un invierno de encierro, una mujer de cuarenta y dos a\u00f1os espera el resultado de una biopsia. Habita un limbo ansioso plagado de presentimientos: un mes en el que tiene y no tiene c\u00e1ncer. Pero esta espera la enfrenta a otros fantasmas, entre&hellip;&nbsp;<a href=\"https:\/\/www.libertocitybell.com\/?product=el-ano-en-que-debia-morirnatalia-moret\" class=\"\" rel=\"bookmark\">Leer m\u00e1s &raquo;<span class=\"screen-reader-text\">El a\u00f1o en que deb\u00eda morir<br \/>\nNatalia Moret<\/span><\/a><\/p>\n","protected":false},"featured_media":1909,"comment_status":"open","ping_status":"closed","template":"","meta":{"_coblocks_attr":"","_coblocks_dimensions":"","_coblocks_responsive_height":"","_coblocks_accordion_ie_support":"","neve_meta_sidebar":"","neve_meta_container":"","neve_meta_enable_content_width":"","neve_meta_content_width":0,"neve_meta_title_alignment":"","neve_meta_author_avatar":"","neve_post_elements_order":"","neve_meta_disable_header":"","neve_meta_disable_footer":"","neve_meta_disable_title":"","spay_email":"","jetpack_publicize_message":"","jetpack_is_tweetstorm":false,"jetpack_publicize_feature_enabled":true},"product_cat":[21],"product_tag":[],"class_list":{"0":"post-1910","1":"product","2":"type-product","3":"status-publish","4":"has-post-thumbnail","6":"product_cat-narrativa-argentina","8":"first","9":"outofstock","10":"taxable","11":"shipping-taxable","12":"purchasable","13":"product-type-simple"},"jetpack_publicize_connections":[],"_links":{"self":[{"href":"https:\/\/www.libertocitybell.com\/index.php?rest_route=\/wp\/v2\/product\/1910","targetHints":{"allow":["GET"]}}],"collection":[{"href":"https:\/\/www.libertocitybell.com\/index.php?rest_route=\/wp\/v2\/product"}],"about":[{"href":"https:\/\/www.libertocitybell.com\/index.php?rest_route=\/wp\/v2\/types\/product"}],"replies":[{"embeddable":true,"href":"https:\/\/www.libertocitybell.com\/index.php?rest_route=%2Fwp%2Fv2%2Fcomments&post=1910"}],"wp:featuredmedia":[{"embeddable":true,"href":"https:\/\/www.libertocitybell.com\/index.php?rest_route=\/wp\/v2\/media\/1909"}],"wp:attachment":[{"href":"https:\/\/www.libertocitybell.com\/index.php?rest_route=%2Fwp%2Fv2%2Fmedia&parent=1910"}],"wp:term":[{"taxonomy":"product_cat","embeddable":true,"href":"https:\/\/www.libertocitybell.com\/index.php?rest_route=%2Fwp%2Fv2%2Fproduct_cat&post=1910"},{"taxonomy":"product_tag","embeddable":true,"href":"https:\/\/www.libertocitybell.com\/index.php?rest_route=%2Fwp%2Fv2%2Fproduct_tag&post=1910"}],"curies":[{"name":"wp","href":"https:\/\/api.w.org\/{rel}","templated":true}]}}