{"id":1908,"date":"2022-11-09T10:21:18","date_gmt":"2022-11-09T13:21:18","guid":{"rendered":"https:\/\/www.libertocitybell.com\/?product=la-estirpecarla-maliandi"},"modified":"2023-02-09T20:12:54","modified_gmt":"2023-02-09T23:12:54","slug":"la-estirpecarla-maliandi","status":"publish","type":"product","link":"https:\/\/www.libertocitybell.com\/?product=la-estirpecarla-maliandi","title":{"rendered":"La estirpe\nCarla Maliandi"},"content":{"rendered":"<p><span style=\"font-family: Arial, Helvetica, sans-serif;font-size: 13px;font-style: normal;font-weight: 400;letter-spacing: normal;text-align: left;text-indent: 0px;text-transform: none;text-decoration: none;float: none\">\u00abLa escritura de Maliandi es precisa y preciosa al mismo tiempo. Una escritura que conmueve como pocas y que deja sin palabras: eso es lo que pasa con los libros que son capaces de atravesar la mente y el coraz\u00f3n de los lectores de una manera tan honda.\u00bb Selva Almada Entre fragmentos de recuerdos y de olvidos que parecen dominados por el azar, Ana intenta recobrar la memoria perdida por un accidente menor. Aun a escala personal, el pasado configura para ella un campo de batalla y la Historia del pa\u00eds se manifiesta en los hitos, s\u00edmbolos y tab\u00faes que instauraron su propio linaje. El conflicto dom\u00e9stico aparece as\u00ed enmarcado por otro m\u00e1s crudo: la pelea por la lengua y el territorio propios. En esta novela deslumbrante y sutil, donde lo \u00edntimo se proyecta implacable sobre lo pol\u00edtico, Carla Maliandi var\u00eda sobre el motivo kafkiano de la metamorfosis, que aqu\u00ed existe como punto de llegada. Es muy posible, para cualquiera, amanecer transformado en un monstruoso insecto. Sobre La habitaci\u00f3n alemana: \u00abTal vez relatos como el de Maliandi consideren una especie de independencia respecto de aquellos sucesos que siguen siendo terribles, pero lo son desde perspectivas nuevas: el horizonte se ha alejado. Quiz\u00e1 por esto mismo, la trama narrativa sea la de un vagabundeo, un estar en las cosas donde lo m\u00e1s importante se aprende por casualidad. Esto le da una perspectiva nueva a las alusiones o las referencias directas a los a\u00f1os de la dictadura. Nada es expl\u00edcito, redundante ni declarativo.\u00bb Beatriz Sarlo, T\u00e9lam \u00abLa protagonista y narradora de La habitaci\u00f3n alemana, primera y excepcional novela de la dramaturga y directora teatral Carla Maliandi, pertenece a la estirpe de la trummer literatur, la literatura de las ruinas o los escombros, pensada y escrita desde el siglo XXI, despu\u00e9s del desplome de los totalitarismos, la ca\u00edda del Muro de Berl\u00edn y los atentados terroristas del 11 de septiembre.\u00bb Silvina Friera, P\u00e1gina\/12.<\/span><\/p>\n","protected":false},"excerpt":{"rendered":"<p>\u00abLa escritura de Maliandi es precisa y preciosa al mismo tiempo. Una escritura que conmueve como pocas y que deja sin palabras: eso es lo que pasa con los libros que son capaces de atravesar la mente y el coraz\u00f3n de los lectores de una manera tan honda.\u00bb Selva Almada Entre fragmentos de recuerdos y&hellip;&nbsp;<a href=\"https:\/\/www.libertocitybell.com\/?product=la-estirpecarla-maliandi\" class=\"\" rel=\"bookmark\">Leer m\u00e1s &raquo;<span class=\"screen-reader-text\">La estirpe<br \/>\nCarla Maliandi<\/span><\/a><\/p>\n","protected":false},"featured_media":1907,"comment_status":"open","ping_status":"closed","template":"","meta":{"_coblocks_attr":"","_coblocks_dimensions":"","_coblocks_responsive_height":"","_coblocks_accordion_ie_support":"","neve_meta_sidebar":"","neve_meta_container":"","neve_meta_enable_content_width":"","neve_meta_content_width":0,"neve_meta_title_alignment":"","neve_meta_author_avatar":"","neve_post_elements_order":"","neve_meta_disable_header":"","neve_meta_disable_footer":"","neve_meta_disable_title":"","spay_email":"","jetpack_publicize_message":"","jetpack_is_tweetstorm":false,"jetpack_publicize_feature_enabled":true},"product_cat":[21],"product_tag":[],"class_list":{"0":"post-1908","1":"product","2":"type-product","3":"status-publish","4":"has-post-thumbnail","6":"product_cat-narrativa-argentina","8":"first","9":"outofstock","10":"taxable","11":"shipping-taxable","12":"purchasable","13":"product-type-simple"},"jetpack_publicize_connections":[],"_links":{"self":[{"href":"https:\/\/www.libertocitybell.com\/index.php?rest_route=\/wp\/v2\/product\/1908","targetHints":{"allow":["GET"]}}],"collection":[{"href":"https:\/\/www.libertocitybell.com\/index.php?rest_route=\/wp\/v2\/product"}],"about":[{"href":"https:\/\/www.libertocitybell.com\/index.php?rest_route=\/wp\/v2\/types\/product"}],"replies":[{"embeddable":true,"href":"https:\/\/www.libertocitybell.com\/index.php?rest_route=%2Fwp%2Fv2%2Fcomments&post=1908"}],"wp:featuredmedia":[{"embeddable":true,"href":"https:\/\/www.libertocitybell.com\/index.php?rest_route=\/wp\/v2\/media\/1907"}],"wp:attachment":[{"href":"https:\/\/www.libertocitybell.com\/index.php?rest_route=%2Fwp%2Fv2%2Fmedia&parent=1908"}],"wp:term":[{"taxonomy":"product_cat","embeddable":true,"href":"https:\/\/www.libertocitybell.com\/index.php?rest_route=%2Fwp%2Fv2%2Fproduct_cat&post=1908"},{"taxonomy":"product_tag","embeddable":true,"href":"https:\/\/www.libertocitybell.com\/index.php?rest_route=%2Fwp%2Fv2%2Fproduct_tag&post=1908"}],"curies":[{"name":"wp","href":"https:\/\/api.w.org\/{rel}","templated":true}]}}