{"id":1906,"date":"2022-11-09T10:19:00","date_gmt":"2022-11-09T13:19:00","guid":{"rendered":"https:\/\/www.libertocitybell.com\/?product=hola"},"modified":"2023-01-04T19:33:08","modified_gmt":"2023-01-04T22:33:08","slug":"hola","status":"publish","type":"product","link":"https:\/\/www.libertocitybell.com\/?product=hola","title":{"rendered":"\u00bfHola?"},"content":{"rendered":"<p style=\"border: 0px;padding: 0px;vertical-align: baseline;margin: 0px;font-family: Lora;font-size: 18px;line-height: 30px;font-style: normal;font-weight: 300;letter-spacing: 1px;text-transform: none;text-align: start;text-indent: 0px;text-decoration: none;background-position: 0px 0px\">El tel\u00e9fono es hoy (o parece ser) un objeto ca\u00eddo en desuso. Si en alg\u00fan momento era el principal medio por el cual una persona pod\u00eda comunicarse con otra y esa era su \u00fanica funci\u00f3n, hoy ha mutado (de \u201ctel\u00e9fono de l\u00ednea\u201d a \u201ccelular\u201d), y ha dejado de cumplir esa \u00fanica funci\u00f3n para ser un dispositivo que sirve para muchas otras cosas: sacar fotos, enviar mensajes de audio, filmar, navegar por Internet. Pero no para hablar.<\/p>\n<p style=\"border: 0px;padding: 0px;vertical-align: baseline;margin: 0px;font-family: Lora;font-size: 18px;line-height: 30px;font-style: normal;font-weight: 300;letter-spacing: 1px;text-transform: none;text-align: start;text-indent: 0px;text-decoration: none;background-position: 0px 0px\"><em style=\"border: 0px;margin: 0px;padding: 0px;vertical-align: baseline;background-position: 0px 0px\">El dato es que las conversaciones telef\u00f3nicas empiezan ritualmente as\u00ed, diciendo \u201c\u00bfHola?\u201d, deteni\u00e9ndose antes que nada en el propio canal de la comunicaci\u00f3n, constatando una y otra vez, y antes de empezar la conversaci\u00f3n propiamente dicha, que el canal efectivamente est\u00e1 y que anda perfectamente bien. Como si un resto de asombro ante el hecho mismo de que el tel\u00e9fono exista no pudiese sino aflorar ante cada llamado y ante cada respuesta, como si cada conversaci\u00f3n telef\u00f3nica no pudiese sino verse antecedida por una especie de homenaje impl\u00edcito ante el prodigio, nunca asimilado del todo, de poder hablar con otro aunque el otro no est\u00e9 ah\u00ed.<span class=\"Apple-converted-space\">&nbsp;<\/span><\/em><strong style=\"border: 0px;margin: 0px;padding: 0px;vertical-align: baseline;background-position: 0px 0px\">Mart\u00edn Kohan<\/strong><\/p>\n","protected":false},"excerpt":{"rendered":"<p>El tel\u00e9fono es hoy (o parece ser) un objeto ca\u00eddo en desuso. Si en alg\u00fan momento era el principal medio por el cual una persona pod\u00eda comunicarse con otra y esa era su \u00fanica funci\u00f3n, hoy ha mutado (de \u201ctel\u00e9fono de l\u00ednea\u201d a \u201ccelular\u201d), y ha dejado de cumplir esa \u00fanica funci\u00f3n para ser un&hellip;&nbsp;<a href=\"https:\/\/www.libertocitybell.com\/?product=hola\" class=\"\" rel=\"bookmark\">Leer m\u00e1s &raquo;<span class=\"screen-reader-text\">\u00bfHola?<\/span><\/a><\/p>\n","protected":false},"featured_media":1905,"comment_status":"open","ping_status":"closed","template":"","meta":{"_coblocks_attr":"","_coblocks_dimensions":"","_coblocks_responsive_height":"","_coblocks_accordion_ie_support":"","neve_meta_sidebar":"","neve_meta_container":"","neve_meta_enable_content_width":"","neve_meta_content_width":0,"neve_meta_title_alignment":"","neve_meta_author_avatar":"","neve_post_elements_order":"","neve_meta_disable_header":"","neve_meta_disable_footer":"","neve_meta_disable_title":"","spay_email":"","jetpack_publicize_message":"","jetpack_is_tweetstorm":false,"jetpack_publicize_feature_enabled":true},"product_cat":[21],"product_tag":[],"class_list":{"0":"post-1906","1":"product","2":"type-product","3":"status-publish","4":"has-post-thumbnail","6":"product_cat-narrativa-argentina","8":"first","9":"outofstock","10":"taxable","11":"shipping-taxable","12":"purchasable","13":"product-type-simple"},"jetpack_publicize_connections":[],"_links":{"self":[{"href":"https:\/\/www.libertocitybell.com\/index.php?rest_route=\/wp\/v2\/product\/1906","targetHints":{"allow":["GET"]}}],"collection":[{"href":"https:\/\/www.libertocitybell.com\/index.php?rest_route=\/wp\/v2\/product"}],"about":[{"href":"https:\/\/www.libertocitybell.com\/index.php?rest_route=\/wp\/v2\/types\/product"}],"replies":[{"embeddable":true,"href":"https:\/\/www.libertocitybell.com\/index.php?rest_route=%2Fwp%2Fv2%2Fcomments&post=1906"}],"wp:featuredmedia":[{"embeddable":true,"href":"https:\/\/www.libertocitybell.com\/index.php?rest_route=\/wp\/v2\/media\/1905"}],"wp:attachment":[{"href":"https:\/\/www.libertocitybell.com\/index.php?rest_route=%2Fwp%2Fv2%2Fmedia&parent=1906"}],"wp:term":[{"taxonomy":"product_cat","embeddable":true,"href":"https:\/\/www.libertocitybell.com\/index.php?rest_route=%2Fwp%2Fv2%2Fproduct_cat&post=1906"},{"taxonomy":"product_tag","embeddable":true,"href":"https:\/\/www.libertocitybell.com\/index.php?rest_route=%2Fwp%2Fv2%2Fproduct_tag&post=1906"}],"curies":[{"name":"wp","href":"https:\/\/api.w.org\/{rel}","templated":true}]}}