{"id":1892,"date":"2022-10-03T11:41:13","date_gmt":"2022-10-03T14:41:13","guid":{"rendered":"https:\/\/www.libertocitybell.com\/?product=el-amor-molestoelena-ferrante"},"modified":"2023-01-06T15:28:31","modified_gmt":"2023-01-06T18:28:31","slug":"el-amor-molestoelena-ferrante","status":"publish","type":"product","link":"https:\/\/www.libertocitybell.com\/?product=el-amor-molestoelena-ferrante","title":{"rendered":"El amor molesto\nElena Ferrante"},"content":{"rendered":"<p><span style=\"font-family: Arial, Helvetica, sans-serif;font-size: 13px;font-style: normal;font-weight: 400;letter-spacing: normal;text-align: left;text-indent: 0px;text-transform: none;text-decoration: none;float: none\">Una ma\u00f1ana una mujer mayor aparece ahogada en el mar, vestida solo con un corpi\u00f1o de encaje. Ser Delia, su hija, quien tendr\u00e1 que reconstruir la vieja historia que se esconde tras lo sucedido. Delia recorre de nuevo N\u00e1poles, su ciudad natal, reviviendo un pasado que se propuso olvidaar, pero vuelve y duele. Elena Ferrante nos atrapa entre calles hostiles y sofocantes, que huelen a caf\u00e9, a sudor, a momentos en que una mentira bien contada cambi\u00f3 el sentido de la vida de esa mujer que ahora solo ha dejado una prenda de encaje como testimonio de su rencor. Dalia piensa, recuerda, busca, sabiendo muy bien que hay lazos entre madres e hijas que ni siquiera la muerte puede romper.<\/span><\/p>\n","protected":false},"excerpt":{"rendered":"<p>Una ma\u00f1ana una mujer mayor aparece ahogada en el mar, vestida solo con un corpi\u00f1o de encaje. Ser Delia, su hija, quien tendr\u00e1 que reconstruir la vieja historia que se esconde tras lo sucedido. Delia recorre de nuevo N\u00e1poles, su ciudad natal, reviviendo un pasado que se propuso olvidaar, pero vuelve y duele. Elena Ferrante&hellip;&nbsp;<a href=\"https:\/\/www.libertocitybell.com\/?product=el-amor-molestoelena-ferrante\" class=\"\" rel=\"bookmark\">Leer m\u00e1s &raquo;<span class=\"screen-reader-text\">El amor molesto<br \/>\nElena Ferrante<\/span><\/a><\/p>\n","protected":false},"featured_media":1891,"comment_status":"open","ping_status":"closed","template":"","meta":{"_coblocks_attr":"","_coblocks_dimensions":"","_coblocks_responsive_height":"","_coblocks_accordion_ie_support":"","neve_meta_sidebar":"","neve_meta_container":"","neve_meta_enable_content_width":"","neve_meta_content_width":0,"neve_meta_title_alignment":"","neve_meta_author_avatar":"","neve_post_elements_order":"","neve_meta_disable_header":"","neve_meta_disable_footer":"","neve_meta_disable_title":"","spay_email":"","jetpack_publicize_message":"","jetpack_is_tweetstorm":false,"jetpack_publicize_feature_enabled":true},"product_cat":[20],"product_tag":[],"class_list":{"0":"post-1892","1":"product","2":"type-product","3":"status-publish","4":"has-post-thumbnail","6":"product_cat-narrativa-internacional","8":"first","9":"outofstock","10":"taxable","11":"shipping-taxable","12":"purchasable","13":"product-type-simple"},"jetpack_publicize_connections":[],"_links":{"self":[{"href":"https:\/\/www.libertocitybell.com\/index.php?rest_route=\/wp\/v2\/product\/1892","targetHints":{"allow":["GET"]}}],"collection":[{"href":"https:\/\/www.libertocitybell.com\/index.php?rest_route=\/wp\/v2\/product"}],"about":[{"href":"https:\/\/www.libertocitybell.com\/index.php?rest_route=\/wp\/v2\/types\/product"}],"replies":[{"embeddable":true,"href":"https:\/\/www.libertocitybell.com\/index.php?rest_route=%2Fwp%2Fv2%2Fcomments&post=1892"}],"wp:featuredmedia":[{"embeddable":true,"href":"https:\/\/www.libertocitybell.com\/index.php?rest_route=\/wp\/v2\/media\/1891"}],"wp:attachment":[{"href":"https:\/\/www.libertocitybell.com\/index.php?rest_route=%2Fwp%2Fv2%2Fmedia&parent=1892"}],"wp:term":[{"taxonomy":"product_cat","embeddable":true,"href":"https:\/\/www.libertocitybell.com\/index.php?rest_route=%2Fwp%2Fv2%2Fproduct_cat&post=1892"},{"taxonomy":"product_tag","embeddable":true,"href":"https:\/\/www.libertocitybell.com\/index.php?rest_route=%2Fwp%2Fv2%2Fproduct_tag&post=1892"}],"curies":[{"name":"wp","href":"https:\/\/api.w.org\/{rel}","templated":true}]}}