{"id":1890,"date":"2022-10-03T11:14:29","date_gmt":"2022-10-03T14:14:29","guid":{"rendered":"https:\/\/www.libertocitybell.com\/?product=ciencias-moralesmartin-kohan"},"modified":"2023-02-09T16:19:58","modified_gmt":"2023-02-09T19:19:58","slug":"ciencias-moralesmartin-kohan","status":"publish","type":"product","link":"https:\/\/www.libertocitybell.com\/?product=ciencias-moralesmartin-kohan","title":{"rendered":"Ciencias morales\nMart\u00edn Kohan"},"content":{"rendered":"<p><span style=\"font-family: Arial, Helvetica, sans-serif;font-size: 13px;font-style: normal;font-weight: 400;letter-spacing: normal;text-align: left;text-indent: 0px;text-transform: none;text-decoration: none;float: none\">Los muros del colegio son gruesos y consistentes. Prometen preservar la rutina de los d\u00edas de estudio de todo lo que pueda estar pasando fuera, de todo lo que -de hecho- est\u00e1 efectivamente pasando fuera, en las calles vecinas, en Buenos Aires, en esa Argentina de 1982. \u00bfPero qu\u00e9 espacio limitan esos muros, un lugar de adquisici\u00f3n del saber o un recinto sadiano? Porque el colegio extiende su jurisdicci\u00f3n m\u00e1s all\u00e1 de la ense\u00f1anza, imparte a sus alumnos una rigurosidad que no deben descuidar en ninguna circunstancia de sus vidas, una implacable moral que debe constituirse en el inflexible esqueleto de todos sus actos.<\/span><br \/>\n<span style=\"font-family: Arial, Helvetica, sans-serif;font-size: 13px;font-style: normal;font-weight: 400;letter-spacing: normal;text-align: left;text-indent: 0px;text-transform: none;text-decoration: none;float: none\">Mar\u00eda Teresa es preceptora en este colegio, o sea, una inocente -o quiz\u00e1 s\u00f3lo ignorante- maestra de ceremonias.<\/span><br \/>\n<span style=\"font-family: Arial, Helvetica, sans-serif;font-size: 13px;font-style: normal;font-weight: 400;letter-spacing: normal;text-align: left;text-indent: 0px;text-transform: none;text-decoration: none;float: none\">Tiene veinte a\u00f1os, empez\u00f3 a trabajar cuando todav\u00eda era verano, y el se\u00f1or Biasutto, el jefe de preceptores, le revel\u00f3 en su primera entrevista la actitud que conven\u00eda adoptar con los alumnos. Porque no era f\u00e1cil obtener lo que \u00e9l llamaba &#8216;el punto justo&#8217; para la mejor vigilancia. Una mirada alerta a la que no se le escapara nada pero que no fuera evidente, para no poner sobre aviso a los estudiantes.<\/span><br \/>\n<span style=\"font-family: Arial, Helvetica, sans-serif;font-size: 13px;font-style: normal;font-weight: 400;letter-spacing: normal;text-align: left;text-indent: 0px;text-transform: none;text-decoration: none;float: none\">Una mirada a la que nada le pasara inadvertido, pero que pudiese pasar inadvertida ella misma. Quiz\u00e1 la mirada del perverso, o del carcelero, o del amo. Y Mar\u00eda Teresa, que admira al se\u00f1or Biasutto, se perfecciona como preceptora, se esmera en la aplicaci\u00f3n de las normas y la correcci\u00f3n de las conductas. Pero si todo est\u00e1 prohibido -hasta para ella misma-, todo es transgresi\u00f3n.<\/span><\/p>\n","protected":false},"excerpt":{"rendered":"<p>Los muros del colegio son gruesos y consistentes. Prometen preservar la rutina de los d\u00edas de estudio de todo lo que pueda estar pasando fuera, de todo lo que -de hecho- est\u00e1 efectivamente pasando fuera, en las calles vecinas, en Buenos Aires, en esa Argentina de 1982. \u00bfPero qu\u00e9 espacio limitan esos muros, un lugar&hellip;&nbsp;<a href=\"https:\/\/www.libertocitybell.com\/?product=ciencias-moralesmartin-kohan\" class=\"\" rel=\"bookmark\">Leer m\u00e1s &raquo;<span class=\"screen-reader-text\">Ciencias morales<br \/>\nMart\u00edn Kohan<\/span><\/a><\/p>\n","protected":false},"featured_media":1889,"comment_status":"open","ping_status":"closed","template":"","meta":{"_coblocks_attr":"","_coblocks_dimensions":"","_coblocks_responsive_height":"","_coblocks_accordion_ie_support":"","neve_meta_sidebar":"","neve_meta_container":"","neve_meta_enable_content_width":"","neve_meta_content_width":0,"neve_meta_title_alignment":"","neve_meta_author_avatar":"","neve_post_elements_order":"","neve_meta_disable_header":"","neve_meta_disable_footer":"","neve_meta_disable_title":"","spay_email":"","jetpack_publicize_message":"","jetpack_is_tweetstorm":false,"jetpack_publicize_feature_enabled":true},"product_cat":[21],"product_tag":[],"class_list":{"0":"post-1890","1":"product","2":"type-product","3":"status-publish","4":"has-post-thumbnail","6":"product_cat-narrativa-argentina","8":"first","9":"outofstock","10":"taxable","11":"shipping-taxable","12":"purchasable","13":"product-type-simple"},"jetpack_publicize_connections":[],"_links":{"self":[{"href":"https:\/\/www.libertocitybell.com\/index.php?rest_route=\/wp\/v2\/product\/1890","targetHints":{"allow":["GET"]}}],"collection":[{"href":"https:\/\/www.libertocitybell.com\/index.php?rest_route=\/wp\/v2\/product"}],"about":[{"href":"https:\/\/www.libertocitybell.com\/index.php?rest_route=\/wp\/v2\/types\/product"}],"replies":[{"embeddable":true,"href":"https:\/\/www.libertocitybell.com\/index.php?rest_route=%2Fwp%2Fv2%2Fcomments&post=1890"}],"wp:featuredmedia":[{"embeddable":true,"href":"https:\/\/www.libertocitybell.com\/index.php?rest_route=\/wp\/v2\/media\/1889"}],"wp:attachment":[{"href":"https:\/\/www.libertocitybell.com\/index.php?rest_route=%2Fwp%2Fv2%2Fmedia&parent=1890"}],"wp:term":[{"taxonomy":"product_cat","embeddable":true,"href":"https:\/\/www.libertocitybell.com\/index.php?rest_route=%2Fwp%2Fv2%2Fproduct_cat&post=1890"},{"taxonomy":"product_tag","embeddable":true,"href":"https:\/\/www.libertocitybell.com\/index.php?rest_route=%2Fwp%2Fv2%2Fproduct_tag&post=1890"}],"curies":[{"name":"wp","href":"https:\/\/api.w.org\/{rel}","templated":true}]}}