{"id":1888,"date":"2022-10-03T11:12:19","date_gmt":"2022-10-03T14:12:19","guid":{"rendered":"https:\/\/www.libertocitybell.com\/?product=llamame-por-tu-nombreandre-aciman"},"modified":"2023-01-06T16:07:41","modified_gmt":"2023-01-06T19:07:41","slug":"llamame-por-tu-nombreandre-aciman","status":"publish","type":"product","link":"https:\/\/www.libertocitybell.com\/?product=llamame-por-tu-nombreandre-aciman","title":{"rendered":"Ll\u00e1mame por tu nombre\nAndr\u00e9 Aciman"},"content":{"rendered":"<p><span style=\"font-family: Arial, Helvetica, sans-serif;font-size: 13px;font-style: normal;font-weight: 400;letter-spacing: normal;text-align: left;text-indent: 0px;text-transform: none;text-decoration: none;float: none\">En una localidad de la costa de Italia, durante la d\u00e9cada de los ochenta, la familia de Elio instaur\u00f3 la tradici\u00f3n de recibir en el verano a estudiantes o creadores j\u00f3venes que, a cambio de alojamiento, ayudaran al cabeza de familia, catedr\u00e1tico, en sus compromisos culturales.<\/span><br \/>\n<span style=\"font-family: Arial, Helvetica, sans-serif;font-size: 13px;font-style: normal;font-weight: 400;letter-spacing: normal;text-align: left;text-indent: 0px;text-transform: none;text-decoration: none;float: none\">Oliver es el elegido este verano, un joven escritor norteamericano que pronto excita la imaginaci\u00f3n de Elio. Durante las siguientes semanas, los impulsos ocultos de obsesi\u00f3n y miedo, fascinaci\u00f3n y deseo intensificar\u00e1n su pasi\u00f3n.<\/span><\/p>\n","protected":false},"excerpt":{"rendered":"<p>En una localidad de la costa de Italia, durante la d\u00e9cada de los ochenta, la familia de Elio instaur\u00f3 la tradici\u00f3n de recibir en el verano a estudiantes o creadores j\u00f3venes que, a cambio de alojamiento, ayudaran al cabeza de familia, catedr\u00e1tico, en sus compromisos culturales. Oliver es el elegido este verano, un joven escritor&hellip;&nbsp;<a href=\"https:\/\/www.libertocitybell.com\/?product=llamame-por-tu-nombreandre-aciman\" class=\"\" rel=\"bookmark\">Leer m\u00e1s &raquo;<span class=\"screen-reader-text\">Ll\u00e1mame por tu nombre<br \/>\nAndr\u00e9 Aciman<\/span><\/a><\/p>\n","protected":false},"featured_media":1887,"comment_status":"open","ping_status":"closed","template":"","meta":{"_coblocks_attr":"","_coblocks_dimensions":"","_coblocks_responsive_height":"","_coblocks_accordion_ie_support":"","neve_meta_sidebar":"","neve_meta_container":"","neve_meta_enable_content_width":"","neve_meta_content_width":0,"neve_meta_title_alignment":"","neve_meta_author_avatar":"","neve_post_elements_order":"","neve_meta_disable_header":"","neve_meta_disable_footer":"","neve_meta_disable_title":"","spay_email":"","jetpack_publicize_message":"","jetpack_is_tweetstorm":false,"jetpack_publicize_feature_enabled":true},"product_cat":[20],"product_tag":[],"class_list":{"0":"post-1888","1":"product","2":"type-product","3":"status-publish","4":"has-post-thumbnail","6":"product_cat-narrativa-internacional","8":"first","9":"outofstock","10":"taxable","11":"shipping-taxable","12":"purchasable","13":"product-type-simple"},"jetpack_publicize_connections":[],"_links":{"self":[{"href":"https:\/\/www.libertocitybell.com\/index.php?rest_route=\/wp\/v2\/product\/1888","targetHints":{"allow":["GET"]}}],"collection":[{"href":"https:\/\/www.libertocitybell.com\/index.php?rest_route=\/wp\/v2\/product"}],"about":[{"href":"https:\/\/www.libertocitybell.com\/index.php?rest_route=\/wp\/v2\/types\/product"}],"replies":[{"embeddable":true,"href":"https:\/\/www.libertocitybell.com\/index.php?rest_route=%2Fwp%2Fv2%2Fcomments&post=1888"}],"wp:featuredmedia":[{"embeddable":true,"href":"https:\/\/www.libertocitybell.com\/index.php?rest_route=\/wp\/v2\/media\/1887"}],"wp:attachment":[{"href":"https:\/\/www.libertocitybell.com\/index.php?rest_route=%2Fwp%2Fv2%2Fmedia&parent=1888"}],"wp:term":[{"taxonomy":"product_cat","embeddable":true,"href":"https:\/\/www.libertocitybell.com\/index.php?rest_route=%2Fwp%2Fv2%2Fproduct_cat&post=1888"},{"taxonomy":"product_tag","embeddable":true,"href":"https:\/\/www.libertocitybell.com\/index.php?rest_route=%2Fwp%2Fv2%2Fproduct_tag&post=1888"}],"curies":[{"name":"wp","href":"https:\/\/api.w.org\/{rel}","templated":true}]}}