{"id":1886,"date":"2022-10-03T11:09:40","date_gmt":"2022-10-03T14:09:40","guid":{"rendered":"https:\/\/www.libertocitybell.com\/?product=gente-normal-sally-rooney"},"modified":"2023-02-09T20:09:35","modified_gmt":"2023-02-09T23:09:35","slug":"gente-normal-sally-rooney","status":"publish","type":"product","link":"https:\/\/www.libertocitybell.com\/?product=gente-normal-sally-rooney","title":{"rendered":"Gente Normal &#8211; Sally Rooney"},"content":{"rendered":"<p><span style=\"font-family: Arial, Helvetica, sans-serif;font-size: 13px;font-style: normal;font-weight: 400;letter-spacing: normal;text-align: left;text-indent: 0px;text-transform: none;text-decoration: none;float: none\">Marianne y Connell son compa\u00f1eros de secundaria pero no cruzan palabra. \u2030l es uno de los populares, y ella, una chica solitaria que ha aprendido a mantenerse alejada del resto de la gente. Todos saben que Marianne vive en una mansi\u00f3n y que la madre de Connell se encarga de su limpieza, pero nadie imagina que cada tarde los dos j\u00f3venes coinciden. Uno de esos d\u00edas, una conversaci\u00f3n torpe dar\u00e1 comienzo a una relaci\u00f3n que podr\u00eda cambiar su vida. Gente normal es una historia de fascinaci\u00f3n mutua, de amistad y de amor entre dos personas que no consiguen encontrarse, una reflexi\u00f3n sobre la dificultad de cambiar quienes somos. La segunda novela de Sally Rooney acompa\u00f1a durante a\u00f1os a dos protagonistas magn\u00e9ticos y complejos, dos j\u00f3venes que llegamos a entender hasta en su contradicci\u00f3n m\u00e1s evidente y en sus m\u00e1s graves malentendidos. Esta es una historia agridulce que muestra c\u00f3mo nos conforman el sexo y el poder, el deseo de herir y ser herido, de amar y ser amado. Nuestras relaciones son una conversaci\u00f3n a lo largo del tiempo. Nuestros silenci os, lo que las define. \u00abTermin\u00e9 el libro decidido a mirar el mundo de manera diferente. No conozco un mejor cumplido para atribuirle a una novela.\u00bb James Marriott, The Times<\/span><\/p>\n","protected":false},"excerpt":{"rendered":"<p>Marianne y Connell son compa\u00f1eros de secundaria pero no cruzan palabra. \u2030l es uno de los populares, y ella, una chica solitaria que ha aprendido a mantenerse alejada del resto de la gente. Todos saben que Marianne vive en una mansi\u00f3n y que la madre de Connell se encarga de su limpieza, pero nadie imagina&hellip;&nbsp;<a href=\"https:\/\/www.libertocitybell.com\/?product=gente-normal-sally-rooney\" class=\"\" rel=\"bookmark\">Leer m\u00e1s &raquo;<span class=\"screen-reader-text\">Gente Normal &#8211; Sally Rooney<\/span><\/a><\/p>\n","protected":false},"featured_media":1885,"comment_status":"open","ping_status":"closed","template":"","meta":{"_coblocks_attr":"","_coblocks_dimensions":"","_coblocks_responsive_height":"","_coblocks_accordion_ie_support":"","neve_meta_sidebar":"","neve_meta_container":"","neve_meta_enable_content_width":"","neve_meta_content_width":0,"neve_meta_title_alignment":"","neve_meta_author_avatar":"","neve_post_elements_order":"","neve_meta_disable_header":"","neve_meta_disable_footer":"","neve_meta_disable_title":"","spay_email":"","jetpack_publicize_message":"","jetpack_is_tweetstorm":false,"jetpack_publicize_feature_enabled":true},"product_cat":[20],"product_tag":[],"class_list":{"0":"post-1886","1":"product","2":"type-product","3":"status-publish","4":"has-post-thumbnail","6":"product_cat-narrativa-internacional","8":"first","9":"outofstock","10":"taxable","11":"shipping-taxable","12":"purchasable","13":"product-type-simple"},"jetpack_publicize_connections":[],"_links":{"self":[{"href":"https:\/\/www.libertocitybell.com\/index.php?rest_route=\/wp\/v2\/product\/1886","targetHints":{"allow":["GET"]}}],"collection":[{"href":"https:\/\/www.libertocitybell.com\/index.php?rest_route=\/wp\/v2\/product"}],"about":[{"href":"https:\/\/www.libertocitybell.com\/index.php?rest_route=\/wp\/v2\/types\/product"}],"replies":[{"embeddable":true,"href":"https:\/\/www.libertocitybell.com\/index.php?rest_route=%2Fwp%2Fv2%2Fcomments&post=1886"}],"wp:featuredmedia":[{"embeddable":true,"href":"https:\/\/www.libertocitybell.com\/index.php?rest_route=\/wp\/v2\/media\/1885"}],"wp:attachment":[{"href":"https:\/\/www.libertocitybell.com\/index.php?rest_route=%2Fwp%2Fv2%2Fmedia&parent=1886"}],"wp:term":[{"taxonomy":"product_cat","embeddable":true,"href":"https:\/\/www.libertocitybell.com\/index.php?rest_route=%2Fwp%2Fv2%2Fproduct_cat&post=1886"},{"taxonomy":"product_tag","embeddable":true,"href":"https:\/\/www.libertocitybell.com\/index.php?rest_route=%2Fwp%2Fv2%2Fproduct_tag&post=1886"}],"curies":[{"name":"wp","href":"https:\/\/api.w.org\/{rel}","templated":true}]}}