{"id":188,"date":"2020-10-05T18:55:14","date_gmt":"2020-10-05T21:55:14","guid":{"rendered":"http:\/\/www.libertocitybell.com\/?post_type=product&#038;p=188"},"modified":"2023-02-09T20:34:11","modified_gmt":"2023-02-09T23:34:11","slug":"m-c-escher-estampas-y-dibujos-editorial-taschen","status":"publish","type":"product","link":"https:\/\/www.libertocitybell.com\/?product=m-c-escher-estampas-y-dibujos-editorial-taschen","title":{"rendered":"M.C. Escher. Estampas y dibujos &#8211; Editorial Taschen"},"content":{"rendered":"<p>Desde escaleras imposibles a mosaicos hechos de p\u00e1jaros, explore\u00a0<strong>el maravilloso mundo gr\u00e1fico de\u00a0<a title=\"MC Escher\" href=\"https:\/\/www.taschen.com\/pages\/es\/search\/mc-escher\" target=\"_self\" rel=\"noopener noreferrer\">M.C. Escher<\/a><\/strong>, maestro de las perspectivas singulares y de los rompecabezas matem\u00e1ticos; el hombre que convirti\u00f3 la bidimensionalidad del papel en volumen ilusorio. Esta introducci\u00f3n presenta sus obras clave y explora la evoluci\u00f3n de su estilo pict\u00f3rico \u00fanico que ha cautivado a cient\u00edficos y seducido a bohemios.<\/p>\n","protected":false},"excerpt":{"rendered":"<p>Desde escaleras imposibles a mosaicos hechos de p\u00e1jaros, explore\u00a0el maravilloso mundo gr\u00e1fico de\u00a0M.C. Escher, maestro de las perspectivas singulares y de los rompecabezas matem\u00e1ticos; el hombre que convirti\u00f3 la bidimensionalidad del papel en volumen ilusorio. Esta introducci\u00f3n presenta sus obras clave y explora la evoluci\u00f3n de su estilo pict\u00f3rico \u00fanico que ha cautivado a cient\u00edficos&hellip;&nbsp;<a href=\"https:\/\/www.libertocitybell.com\/?product=m-c-escher-estampas-y-dibujos-editorial-taschen\" class=\"\" rel=\"bookmark\">Leer m\u00e1s &raquo;<span class=\"screen-reader-text\">M.C. Escher. Estampas y dibujos &#8211; Editorial Taschen<\/span><\/a><\/p>\n","protected":false},"featured_media":291,"comment_status":"open","ping_status":"closed","template":"","meta":{"_coblocks_attr":"","_coblocks_dimensions":"","_coblocks_responsive_height":"","_coblocks_accordion_ie_support":"","neve_meta_sidebar":"","neve_meta_container":"","neve_meta_enable_content_width":"off","neve_meta_content_width":0,"neve_meta_title_alignment":"","neve_meta_author_avatar":"","neve_post_elements_order":"","neve_meta_disable_header":"","neve_meta_disable_footer":"","neve_meta_disable_title":"","spay_email":"","jetpack_publicize_message":"","jetpack_is_tweetstorm":false,"jetpack_publicize_feature_enabled":true},"product_cat":[19],"product_tag":[],"class_list":{"0":"post-188","1":"product","2":"type-product","3":"status-publish","4":"has-post-thumbnail","6":"product_cat-arte","8":"first","9":"outofstock","10":"taxable","11":"shipping-taxable","12":"purchasable","13":"product-type-simple"},"jetpack_publicize_connections":[],"_links":{"self":[{"href":"https:\/\/www.libertocitybell.com\/index.php?rest_route=\/wp\/v2\/product\/188","targetHints":{"allow":["GET"]}}],"collection":[{"href":"https:\/\/www.libertocitybell.com\/index.php?rest_route=\/wp\/v2\/product"}],"about":[{"href":"https:\/\/www.libertocitybell.com\/index.php?rest_route=\/wp\/v2\/types\/product"}],"replies":[{"embeddable":true,"href":"https:\/\/www.libertocitybell.com\/index.php?rest_route=%2Fwp%2Fv2%2Fcomments&post=188"}],"wp:featuredmedia":[{"embeddable":true,"href":"https:\/\/www.libertocitybell.com\/index.php?rest_route=\/wp\/v2\/media\/291"}],"wp:attachment":[{"href":"https:\/\/www.libertocitybell.com\/index.php?rest_route=%2Fwp%2Fv2%2Fmedia&parent=188"}],"wp:term":[{"taxonomy":"product_cat","embeddable":true,"href":"https:\/\/www.libertocitybell.com\/index.php?rest_route=%2Fwp%2Fv2%2Fproduct_cat&post=188"},{"taxonomy":"product_tag","embeddable":true,"href":"https:\/\/www.libertocitybell.com\/index.php?rest_route=%2Fwp%2Fv2%2Fproduct_tag&post=188"}],"curies":[{"name":"wp","href":"https:\/\/api.w.org\/{rel}","templated":true}]}}