{"id":1858,"date":"2022-08-03T11:57:23","date_gmt":"2022-08-03T14:57:23","guid":{"rendered":"https:\/\/www.libertocitybell.com\/?product=la-mitad-evanescentebrit-bennett"},"modified":"2023-01-06T15:58:00","modified_gmt":"2023-01-06T18:58:00","slug":"la-mitad-evanescentebrit-bennett","status":"publish","type":"product","link":"https:\/\/www.libertocitybell.com\/?product=la-mitad-evanescentebrit-bennett","title":{"rendered":"La mitad evanescente\nBrit Bennett"},"content":{"rendered":"<p id=\"ctl00_ContentPlaceHolder1_rptFicha_ctl00_itemPropDescription\" class=\"resenia overflow-text\" data-min-height=\"300\" data-max-height=\"576\" style=\"border: 0px;margin: 0px 0px 5px;padding: 0px;font-size: 13px;line-height: 18px;overflow: hidden;font-family: Arial, Helvetica, sans-serif;font-style: normal;font-weight: 400;letter-spacing: normal;text-align: left;text-indent: 0px;text-transform: none;text-decoration: none;height: 576px\">Generaci\u00f3n tras generaci\u00f3n, la comunidad negra del pueblo de Mallard, en Luisiana, ha intentado aclarar el tono de su piel favoreciendo los matrimonios mixtos. Las inseparables gemelas Desir\u00e9e y Stella Vignes, con su color n\u00edveo, sus ojos casta\u00f1os y su cabello ondulado, son un buen ejemplo de ello. Tan distintas y tan iguales, decidieron huir juntas del diminuto pueblo creyendo que tambi\u00e9n podr\u00edan escapar de su sangre. A\u00f1os despu\u00e9s y ante la mirada at\u00f3nita de todos, Desire\u00e9 regresa acompa\u00f1ada de una ni\u00f1a negra como el carb\u00f3n. Hace tiempo que no sabe nada de Stella, despu\u00e9s de que decidiera desaparecer y renunciar definitivamente a sus or\u00edgenes para vivir otra vida como mujer de raza blanca. Aclamada como la digna heredera de Toni Morrison y James Baldwin, Brit Bennett es una de las grandes revelaciones de la literatura a froamericanade los \u00faltimos tiempos. La cr\u00edtica ha dicho&#8230; \u00abUna novela de una inmensa, brillante y poderosa inteligencia.\u00bb Deborah Levy \u00abHa nacido una estrella literaria.\u00bb The Wall Street Journal \u00abUna historia atemporal, absolutamente universal- una historia sobre lo que significa simplemente ser, crecer y definirse y reinventar, para negociar un lugar en el mundo. Tambi\u00e9n es una profunda historia norteamericana, comprometida con el pasado y el presente racista de un pa\u00eds de una manera rigurosa, mientras se interroga sobre sus valores fundacionales, como la herencia y la libertad. Es una lograda y conmovedora novela v\u00e1lida en cualquier \u00e9poca. En el momento actual, es punzante, dirigiendo sutilmente el relato hacia cuestiones sobre qui\u00e9nes somos y qui\u00e9nes queremos ser.\u00bb Entertainment Weekly \u00abEl tono y el estilo de Bennett recuerda a James Baldwin y a Jacqueline Woodson, pero especialmente tiene reminiscencias del debut de Toni Morrison en 1970, Ojos azules.\u00bb Kiley Reid, The Wall Street Journal \u00abUna saga familiar intergeneracional que aborda temas peliagudos sobre la identidad por raza y la intolerancia, y expresa los efectos corrosivos que provocan<\/p>\n","protected":false},"excerpt":{"rendered":"<p>Generaci\u00f3n tras generaci\u00f3n, la comunidad negra del pueblo de Mallard, en Luisiana, ha intentado aclarar el tono de su piel favoreciendo los matrimonios mixtos. Las inseparables gemelas Desir\u00e9e y Stella Vignes, con su color n\u00edveo, sus ojos casta\u00f1os y su cabello ondulado, son un buen ejemplo de ello. Tan distintas y tan iguales, decidieron huir&hellip;&nbsp;<a href=\"https:\/\/www.libertocitybell.com\/?product=la-mitad-evanescentebrit-bennett\" class=\"\" rel=\"bookmark\">Leer m\u00e1s &raquo;<span class=\"screen-reader-text\">La mitad evanescente<br \/>\nBrit Bennett<\/span><\/a><\/p>\n","protected":false},"featured_media":1857,"comment_status":"open","ping_status":"closed","template":"","meta":{"_coblocks_attr":"","_coblocks_dimensions":"","_coblocks_responsive_height":"","_coblocks_accordion_ie_support":"","neve_meta_sidebar":"","neve_meta_container":"","neve_meta_enable_content_width":"","neve_meta_content_width":0,"neve_meta_title_alignment":"","neve_meta_author_avatar":"","neve_post_elements_order":"","neve_meta_disable_header":"","neve_meta_disable_footer":"","neve_meta_disable_title":"","spay_email":"","jetpack_publicize_message":"","jetpack_is_tweetstorm":false,"jetpack_publicize_feature_enabled":true},"product_cat":[20],"product_tag":[],"class_list":{"0":"post-1858","1":"product","2":"type-product","3":"status-publish","4":"has-post-thumbnail","6":"product_cat-narrativa-internacional","8":"first","9":"outofstock","10":"taxable","11":"shipping-taxable","12":"purchasable","13":"product-type-simple"},"jetpack_publicize_connections":[],"_links":{"self":[{"href":"https:\/\/www.libertocitybell.com\/index.php?rest_route=\/wp\/v2\/product\/1858","targetHints":{"allow":["GET"]}}],"collection":[{"href":"https:\/\/www.libertocitybell.com\/index.php?rest_route=\/wp\/v2\/product"}],"about":[{"href":"https:\/\/www.libertocitybell.com\/index.php?rest_route=\/wp\/v2\/types\/product"}],"replies":[{"embeddable":true,"href":"https:\/\/www.libertocitybell.com\/index.php?rest_route=%2Fwp%2Fv2%2Fcomments&post=1858"}],"wp:featuredmedia":[{"embeddable":true,"href":"https:\/\/www.libertocitybell.com\/index.php?rest_route=\/wp\/v2\/media\/1857"}],"wp:attachment":[{"href":"https:\/\/www.libertocitybell.com\/index.php?rest_route=%2Fwp%2Fv2%2Fmedia&parent=1858"}],"wp:term":[{"taxonomy":"product_cat","embeddable":true,"href":"https:\/\/www.libertocitybell.com\/index.php?rest_route=%2Fwp%2Fv2%2Fproduct_cat&post=1858"},{"taxonomy":"product_tag","embeddable":true,"href":"https:\/\/www.libertocitybell.com\/index.php?rest_route=%2Fwp%2Fv2%2Fproduct_tag&post=1858"}],"curies":[{"name":"wp","href":"https:\/\/api.w.org\/{rel}","templated":true}]}}