{"id":1854,"date":"2022-08-03T11:48:05","date_gmt":"2022-08-03T14:48:05","guid":{"rendered":"https:\/\/www.libertocitybell.com\/?product=la-mediadora-lena-valenti"},"modified":"2023-02-09T20:14:39","modified_gmt":"2023-02-09T23:14:39","slug":"la-mediadora-lena-valenti","status":"publish","type":"product","link":"https:\/\/www.libertocitybell.com\/?product=la-mediadora-lena-valenti","title":{"rendered":"La mediadora \nLe\u00f1a Valenti"},"content":{"rendered":"<p><span style=\"font-family: Arial, Helvetica, sans-serif;font-size: 13px;font-style: normal;font-weight: 400;letter-spacing: normal;text-align: left;text-indent: 0px;text-transform: none;text-decoration: none;float: none\">Ada puede ver a las personas en camino al M\u00e1s All\u00e1, pero no quiere involucrarse con ellas. Todo cambia el d\u00eda en que un inspector de la Policia toca a su puerta con esos oscuros e intensos. Su vida entera da un vuelco cuando se involucra en una investigaci\u00f3n que la pondr\u00e1 a prueba como mediadora con los esp\u00edritus y como mujer. Ser\u00e1 un camino hacia aceptar y utilizar su don para ayudar a otros, y a descubrir sensaciones que ni siquiera imaginaba. Una novela atrapante llena de romance, misterio, humor, intriga y pasi\u00f3n. &#8216;Eres una mediadora y no es algo que vaya a entender todo el mundo, pero no por eso debes esconderlo. Forma para de ti. Forma parte de nosotras&#8217;.<\/span><\/p>\n","protected":false},"excerpt":{"rendered":"<p>Ada puede ver a las personas en camino al M\u00e1s All\u00e1, pero no quiere involucrarse con ellas. Todo cambia el d\u00eda en que un inspector de la Policia toca a su puerta con esos oscuros e intensos. Su vida entera da un vuelco cuando se involucra en una investigaci\u00f3n que la pondr\u00e1 a prueba como&hellip;&nbsp;<a href=\"https:\/\/www.libertocitybell.com\/?product=la-mediadora-lena-valenti\" class=\"\" rel=\"bookmark\">Leer m\u00e1s &raquo;<span class=\"screen-reader-text\">La mediadora<br \/>\nLe\u00f1a Valenti<\/span><\/a><\/p>\n","protected":false},"featured_media":1853,"comment_status":"open","ping_status":"closed","template":"","meta":{"_coblocks_attr":"","_coblocks_dimensions":"","_coblocks_responsive_height":"","_coblocks_accordion_ie_support":"","neve_meta_sidebar":"","neve_meta_container":"","neve_meta_enable_content_width":"","neve_meta_content_width":0,"neve_meta_title_alignment":"","neve_meta_author_avatar":"","neve_post_elements_order":"","neve_meta_disable_header":"","neve_meta_disable_footer":"","neve_meta_disable_title":"","spay_email":"","jetpack_publicize_message":"","jetpack_is_tweetstorm":false,"jetpack_publicize_feature_enabled":true},"product_cat":[39],"product_tag":[],"class_list":{"0":"post-1854","1":"product","2":"type-product","3":"status-publish","4":"has-post-thumbnail","6":"product_cat-agendas","8":"first","9":"outofstock","10":"taxable","11":"shipping-taxable","12":"purchasable","13":"product-type-simple"},"jetpack_publicize_connections":[],"_links":{"self":[{"href":"https:\/\/www.libertocitybell.com\/index.php?rest_route=\/wp\/v2\/product\/1854","targetHints":{"allow":["GET"]}}],"collection":[{"href":"https:\/\/www.libertocitybell.com\/index.php?rest_route=\/wp\/v2\/product"}],"about":[{"href":"https:\/\/www.libertocitybell.com\/index.php?rest_route=\/wp\/v2\/types\/product"}],"replies":[{"embeddable":true,"href":"https:\/\/www.libertocitybell.com\/index.php?rest_route=%2Fwp%2Fv2%2Fcomments&post=1854"}],"wp:featuredmedia":[{"embeddable":true,"href":"https:\/\/www.libertocitybell.com\/index.php?rest_route=\/wp\/v2\/media\/1853"}],"wp:attachment":[{"href":"https:\/\/www.libertocitybell.com\/index.php?rest_route=%2Fwp%2Fv2%2Fmedia&parent=1854"}],"wp:term":[{"taxonomy":"product_cat","embeddable":true,"href":"https:\/\/www.libertocitybell.com\/index.php?rest_route=%2Fwp%2Fv2%2Fproduct_cat&post=1854"},{"taxonomy":"product_tag","embeddable":true,"href":"https:\/\/www.libertocitybell.com\/index.php?rest_route=%2Fwp%2Fv2%2Fproduct_tag&post=1854"}],"curies":[{"name":"wp","href":"https:\/\/api.w.org\/{rel}","templated":true}]}}