{"id":181,"date":"2020-10-05T17:34:41","date_gmt":"2020-10-05T20:34:41","guid":{"rendered":"http:\/\/www.libertocitybell.com\/?post_type=product&#038;p=181"},"modified":"2023-02-09T16:16:53","modified_gmt":"2023-02-09T19:16:53","slug":"bitacora-de-la-felicidad-liniers","status":"publish","type":"product","link":"https:\/\/www.libertocitybell.com\/?product=bitacora-de-la-felicidad-liniers","title":{"rendered":"Bit\u00e1cora de la felicidad &#8211; Liniers"},"content":{"rendered":"<p>La Bit\u00e1cora de Felicidad es un diario para reconocer y celebrar aquello que te entusiasma; y para explorar nuevas formas de atraer felicidad a tu vida. Ser feliz no es simplemente el resultado de nuestras experiencias cotidianas: es una habilidad. Y como toda habilidad, es necesario practicarla diariamente. Reconocer aquello que te hace feliz, escribirlo, dibujarlo y hablar de ello \u00a1te hace feliz dos veces!<\/p>\n<p>Enriqueta y Fellini comparten contigo su habilidad para encontrar alegr\u00eda en las peque\u00f1as cosas, a trav\u00e9s de m\u00e1s de 40 vi\u00f1etas, actividades divertidas y frases que te ayudar\u00e1n a enfocarte en el lado brillante de la vida.<\/p>\n","protected":false},"excerpt":{"rendered":"<p>La Bit\u00e1cora de Felicidad es un diario para reconocer y celebrar aquello que te entusiasma; y para explorar nuevas formas de atraer felicidad a tu vida. Ser feliz no es simplemente el resultado de nuestras experiencias cotidianas: es una habilidad. Y como toda habilidad, es necesario practicarla diariamente. Reconocer aquello que te hace feliz, escribirlo,&hellip;&nbsp;<a href=\"https:\/\/www.libertocitybell.com\/?product=bitacora-de-la-felicidad-liniers\" class=\"\" rel=\"bookmark\">Leer m\u00e1s &raquo;<span class=\"screen-reader-text\">Bit\u00e1cora de la felicidad &#8211; Liniers<\/span><\/a><\/p>\n","protected":false},"featured_media":1352,"comment_status":"open","ping_status":"closed","template":"","meta":{"_coblocks_attr":"","_coblocks_dimensions":"","_coblocks_responsive_height":"","_coblocks_accordion_ie_support":"","neve_meta_sidebar":"","neve_meta_container":"","neve_meta_enable_content_width":"off","neve_meta_content_width":0,"neve_meta_title_alignment":"","neve_meta_author_avatar":"","neve_post_elements_order":"","neve_meta_disable_header":"","neve_meta_disable_footer":"","neve_meta_disable_title":"","spay_email":"","jetpack_publicize_message":"","jetpack_is_tweetstorm":false,"jetpack_publicize_feature_enabled":true},"product_cat":[35,30],"product_tag":[],"class_list":{"0":"post-181","1":"product","2":"type-product","3":"status-publish","4":"has-post-thumbnail","6":"product_cat-monoblock","7":"product_cat-ninos-jovenes","9":"first","10":"outofstock","11":"taxable","12":"shipping-taxable","13":"purchasable","14":"product-type-simple"},"jetpack_publicize_connections":[],"_links":{"self":[{"href":"https:\/\/www.libertocitybell.com\/index.php?rest_route=\/wp\/v2\/product\/181","targetHints":{"allow":["GET"]}}],"collection":[{"href":"https:\/\/www.libertocitybell.com\/index.php?rest_route=\/wp\/v2\/product"}],"about":[{"href":"https:\/\/www.libertocitybell.com\/index.php?rest_route=\/wp\/v2\/types\/product"}],"replies":[{"embeddable":true,"href":"https:\/\/www.libertocitybell.com\/index.php?rest_route=%2Fwp%2Fv2%2Fcomments&post=181"}],"wp:featuredmedia":[{"embeddable":true,"href":"https:\/\/www.libertocitybell.com\/index.php?rest_route=\/wp\/v2\/media\/1352"}],"wp:attachment":[{"href":"https:\/\/www.libertocitybell.com\/index.php?rest_route=%2Fwp%2Fv2%2Fmedia&parent=181"}],"wp:term":[{"taxonomy":"product_cat","embeddable":true,"href":"https:\/\/www.libertocitybell.com\/index.php?rest_route=%2Fwp%2Fv2%2Fproduct_cat&post=181"},{"taxonomy":"product_tag","embeddable":true,"href":"https:\/\/www.libertocitybell.com\/index.php?rest_route=%2Fwp%2Fv2%2Fproduct_tag&post=181"}],"curies":[{"name":"wp","href":"https:\/\/api.w.org\/{rel}","templated":true}]}}