{"id":1741,"date":"2022-05-02T15:49:04","date_gmt":"2022-05-02T18:49:04","guid":{"rendered":"https:\/\/www.libertocitybell.com\/?product=hechizos-de-proteccion-aron-murphy-hiscock"},"modified":"2023-02-09T20:10:24","modified_gmt":"2023-02-09T23:10:24","slug":"hechizos-de-proteccion-aron-murphy-hiscock","status":"publish","type":"product","link":"https:\/\/www.libertocitybell.com\/?product=hechizos-de-proteccion-aron-murphy-hiscock","title":{"rendered":"Hechizos de protecci\u00f3n \nAr\u00f3n Murphy &#8211; Hiscock"},"content":{"rendered":"<p><span style=\"font-family: Arial, Helvetica, sans-serif;font-size: 13px;font-style: normal;font-weight: 400;letter-spacing: normal;text-align: left;text-indent: 0px;text-transform: none;text-decoration: none;float: none\">Destierra las malas energ\u00edas y protege tu espiritu y tu espacio. Cuando la vida se vuelve amenazante o impredecible, recurrir a un hechizo de protecci\u00f3n puede ser la clave para recuperar tu bienestar y tu seguridad. Si lo que buscas es defenderte de las energias negativas, una pareja t\u00f3xica, alg\u00fan tipo de acoso e incrementar tu poder personal, en estas p\u00e1ginas encontrar\u00e1s explicaciones detalladas sobre diferentes estilos de hechicer\u00eda y una serie de conjuros y rituales tradicionales consagrados que te ayudar\u00e1n a conseguirlo. Hechizos de protecci\u00f3n presenta m\u00e1s de 100 encantamientos para la defensa y la protecci\u00f3n que, adem\u00e1s de blindar tu energ\u00eda contra los peligros externos, creara un entorno seguro para tus seres queridos, agudizara tus sentidos frente a las amenazas y te reportar\u00e1 numerosos beneficios. Aprender\u00e1s a crear tus propios conjuros de protecci\u00f3n empleando cristales, piedras y hierbas, y acceder\u00e1s a un glosario de s\u00edmbolos que te ayudar\u00e1n a sentirte a salvo, independientemente de que tu objetivo sea protegerte a ti mismo, a tus seres queridos o incluso tus propiedades.<\/span><\/p>\n","protected":false},"excerpt":{"rendered":"<p>Destierra las malas energ\u00edas y protege tu espiritu y tu espacio. Cuando la vida se vuelve amenazante o impredecible, recurrir a un hechizo de protecci\u00f3n puede ser la clave para recuperar tu bienestar y tu seguridad. Si lo que buscas es defenderte de las energias negativas, una pareja t\u00f3xica, alg\u00fan tipo de acoso e incrementar&hellip;&nbsp;<a href=\"https:\/\/www.libertocitybell.com\/?product=hechizos-de-proteccion-aron-murphy-hiscock\" class=\"\" rel=\"bookmark\">Leer m\u00e1s &raquo;<span class=\"screen-reader-text\">Hechizos de protecci\u00f3n<br \/>\nAr\u00f3n Murphy &#8211; Hiscock<\/span><\/a><\/p>\n","protected":false},"featured_media":1740,"comment_status":"open","ping_status":"closed","template":"","meta":{"_coblocks_attr":"","_coblocks_dimensions":"","_coblocks_responsive_height":"","_coblocks_accordion_ie_support":"","neve_meta_sidebar":"","neve_meta_container":"","neve_meta_enable_content_width":"","neve_meta_content_width":0,"neve_meta_title_alignment":"","neve_meta_author_avatar":"","neve_post_elements_order":"","neve_meta_disable_header":"","neve_meta_disable_footer":"","neve_meta_disable_title":"","spay_email":"","jetpack_publicize_message":"","jetpack_is_tweetstorm":false,"jetpack_publicize_feature_enabled":true},"product_cat":[39],"product_tag":[],"class_list":{"0":"post-1741","1":"product","2":"type-product","3":"status-publish","4":"has-post-thumbnail","6":"product_cat-agendas","8":"first","9":"outofstock","10":"taxable","11":"shipping-taxable","12":"purchasable","13":"product-type-simple"},"jetpack_publicize_connections":[],"_links":{"self":[{"href":"https:\/\/www.libertocitybell.com\/index.php?rest_route=\/wp\/v2\/product\/1741","targetHints":{"allow":["GET"]}}],"collection":[{"href":"https:\/\/www.libertocitybell.com\/index.php?rest_route=\/wp\/v2\/product"}],"about":[{"href":"https:\/\/www.libertocitybell.com\/index.php?rest_route=\/wp\/v2\/types\/product"}],"replies":[{"embeddable":true,"href":"https:\/\/www.libertocitybell.com\/index.php?rest_route=%2Fwp%2Fv2%2Fcomments&post=1741"}],"wp:featuredmedia":[{"embeddable":true,"href":"https:\/\/www.libertocitybell.com\/index.php?rest_route=\/wp\/v2\/media\/1740"}],"wp:attachment":[{"href":"https:\/\/www.libertocitybell.com\/index.php?rest_route=%2Fwp%2Fv2%2Fmedia&parent=1741"}],"wp:term":[{"taxonomy":"product_cat","embeddable":true,"href":"https:\/\/www.libertocitybell.com\/index.php?rest_route=%2Fwp%2Fv2%2Fproduct_cat&post=1741"},{"taxonomy":"product_tag","embeddable":true,"href":"https:\/\/www.libertocitybell.com\/index.php?rest_route=%2Fwp%2Fv2%2Fproduct_tag&post=1741"}],"curies":[{"name":"wp","href":"https:\/\/api.w.org\/{rel}","templated":true}]}}