{"id":1732,"date":"2022-05-02T15:34:55","date_gmt":"2022-05-02T18:34:55","guid":{"rendered":"https:\/\/www.libertocitybell.com\/?product=quien-se-hara-cargo-del-hospital-de-ranasloe-rie-moore"},"modified":"2023-02-09T16:14:10","modified_gmt":"2023-02-09T19:14:10","slug":"quien-se-hara-cargo-del-hospital-de-ranasloe-rie-moore","status":"publish","type":"product","link":"https:\/\/www.libertocitybell.com\/?product=quien-se-hara-cargo-del-hospital-de-ranasloe-rie-moore","title":{"rendered":"\u00bfQuien se har\u00e1 cargo del hospital de ranas?\nLoe r\u00ede Moore"},"content":{"rendered":"<p><span style=\"font-family: Arial, Helvetica, sans-serif;font-size: 13px;font-style: normal;font-weight: 400;letter-spacing: normal;text-align: left;text-indent: 0px;text-transform: none;text-decoration: none;float: none\">Berie y Daniel est\u00e1n de viaje en Par\u00eds. Son un matrimonio anquilosado, comparten una serie de instrucciones impl\u00edcitas que intentan evitar peleas, o al menos mitigarlas. En una cena, entre bocados de seso y copas de vino, Berie intenta recordar, como si existiera una suerte de reflejo proustiano, su adolescencia en Horsehearts, la casa invadida por ex\u00f3ticas visitas, la estricta convivencia con sus padres y su querido hermano Claude, su trabajo como cajera en el parque de diversiones Storyland y, sobre todo,su amistad con la encantadora Silsby Chauss\u00e9e.<\/span><\/p>\n<p><span style=\"font-family: Arial, Helvetica, sans-serif;font-size: 13px;font-style: normal;font-weight: 400;letter-spacing: normal;text-align: left;text-indent: 0px;text-transform: none;text-decoration: none;float: none\">Con un sagaz sentido del humor, Lorrie Moore construye una historia conmovedora que se detiene en el momento exacto en que una ni\u00f1a se convierte en mujer, ese tiempo en el que todo es una posibilidad y la amistad dura para siempre.<\/span><\/p>\n","protected":false},"excerpt":{"rendered":"<p>Berie y Daniel est\u00e1n de viaje en Par\u00eds. Son un matrimonio anquilosado, comparten una serie de instrucciones impl\u00edcitas que intentan evitar peleas, o al menos mitigarlas. En una cena, entre bocados de seso y copas de vino, Berie intenta recordar, como si existiera una suerte de reflejo proustiano, su adolescencia en Horsehearts, la casa invadida&hellip;&nbsp;<a href=\"https:\/\/www.libertocitybell.com\/?product=quien-se-hara-cargo-del-hospital-de-ranasloe-rie-moore\" class=\"\" rel=\"bookmark\">Leer m\u00e1s &raquo;<span class=\"screen-reader-text\">\u00bfQuien se har\u00e1 cargo del hospital de ranas?<br \/>\nLoe r\u00ede Moore<\/span><\/a><\/p>\n","protected":false},"featured_media":1731,"comment_status":"open","ping_status":"closed","template":"","meta":{"_coblocks_attr":"","_coblocks_dimensions":"","_coblocks_responsive_height":"","_coblocks_accordion_ie_support":"","neve_meta_sidebar":"","neve_meta_container":"","neve_meta_enable_content_width":"","neve_meta_content_width":0,"neve_meta_title_alignment":"","neve_meta_author_avatar":"","neve_post_elements_order":"","neve_meta_disable_header":"","neve_meta_disable_footer":"","neve_meta_disable_title":"","spay_email":"","jetpack_publicize_message":"","jetpack_is_tweetstorm":false,"jetpack_publicize_feature_enabled":true},"product_cat":[20],"product_tag":[],"class_list":{"0":"post-1732","1":"product","2":"type-product","3":"status-publish","4":"has-post-thumbnail","6":"product_cat-narrativa-internacional","8":"first","9":"outofstock","10":"taxable","11":"shipping-taxable","12":"purchasable","13":"product-type-simple"},"jetpack_publicize_connections":[],"_links":{"self":[{"href":"https:\/\/www.libertocitybell.com\/index.php?rest_route=\/wp\/v2\/product\/1732","targetHints":{"allow":["GET"]}}],"collection":[{"href":"https:\/\/www.libertocitybell.com\/index.php?rest_route=\/wp\/v2\/product"}],"about":[{"href":"https:\/\/www.libertocitybell.com\/index.php?rest_route=\/wp\/v2\/types\/product"}],"replies":[{"embeddable":true,"href":"https:\/\/www.libertocitybell.com\/index.php?rest_route=%2Fwp%2Fv2%2Fcomments&post=1732"}],"wp:featuredmedia":[{"embeddable":true,"href":"https:\/\/www.libertocitybell.com\/index.php?rest_route=\/wp\/v2\/media\/1731"}],"wp:attachment":[{"href":"https:\/\/www.libertocitybell.com\/index.php?rest_route=%2Fwp%2Fv2%2Fmedia&parent=1732"}],"wp:term":[{"taxonomy":"product_cat","embeddable":true,"href":"https:\/\/www.libertocitybell.com\/index.php?rest_route=%2Fwp%2Fv2%2Fproduct_cat&post=1732"},{"taxonomy":"product_tag","embeddable":true,"href":"https:\/\/www.libertocitybell.com\/index.php?rest_route=%2Fwp%2Fv2%2Fproduct_tag&post=1732"}],"curies":[{"name":"wp","href":"https:\/\/api.w.org\/{rel}","templated":true}]}}