{"id":1728,"date":"2022-05-02T15:30:47","date_gmt":"2022-05-02T18:30:47","guid":{"rendered":"https:\/\/www.libertocitybell.com\/?product=pantalones-azulessara-gallardo"},"modified":"2023-02-09T20:43:11","modified_gmt":"2023-02-09T23:43:11","slug":"pantalones-azulessara-gallardo","status":"publish","type":"product","link":"https:\/\/www.libertocitybell.com\/?product=pantalones-azulessara-gallardo","title":{"rendered":"Pantalones Azules\nSara Gallardo"},"content":{"rendered":"<p><span style=\"font-family: Arial, Helvetica, sans-serif;font-size: 13px;font-style: normal;font-weight: 400;letter-spacing: normal;text-align: left;text-indent: 0px;text-transform: none;text-decoration: none;float: none\">Pantalones azules es una novela de apariencia enga\u00f1osamente simple. Como ha se\u00f1alado Leopoldo Brizuela, cincuenta a\u00f1os despu\u00e9s de su primera publicaci\u00f3n se revela como el recuento de un proceso infinitamente m\u00e1s s\u00fatil que un encuentro de amor imposible, clave en la que fue le\u00edda por sus contempor\u00e1neos.<\/span><\/p>\n","protected":false},"excerpt":{"rendered":"<p>Pantalones azules es una novela de apariencia enga\u00f1osamente simple. Como ha se\u00f1alado Leopoldo Brizuela, cincuenta a\u00f1os despu\u00e9s de su primera publicaci\u00f3n se revela como el recuento de un proceso infinitamente m\u00e1s s\u00fatil que un encuentro de amor imposible, clave en la que fue le\u00edda por sus contempor\u00e1neos.<\/p>\n","protected":false},"featured_media":1727,"comment_status":"open","ping_status":"closed","template":"","meta":{"_coblocks_attr":"","_coblocks_dimensions":"","_coblocks_responsive_height":"","_coblocks_accordion_ie_support":"","neve_meta_sidebar":"","neve_meta_container":"","neve_meta_enable_content_width":"","neve_meta_content_width":0,"neve_meta_title_alignment":"","neve_meta_author_avatar":"","neve_post_elements_order":"","neve_meta_disable_header":"","neve_meta_disable_footer":"","neve_meta_disable_title":"","spay_email":"","jetpack_publicize_message":"","jetpack_is_tweetstorm":false,"jetpack_publicize_feature_enabled":true},"product_cat":[21],"product_tag":[],"class_list":{"0":"post-1728","1":"product","2":"type-product","3":"status-publish","4":"has-post-thumbnail","6":"product_cat-narrativa-argentina","8":"first","9":"outofstock","10":"taxable","11":"shipping-taxable","12":"purchasable","13":"product-type-simple"},"jetpack_publicize_connections":[],"_links":{"self":[{"href":"https:\/\/www.libertocitybell.com\/index.php?rest_route=\/wp\/v2\/product\/1728","targetHints":{"allow":["GET"]}}],"collection":[{"href":"https:\/\/www.libertocitybell.com\/index.php?rest_route=\/wp\/v2\/product"}],"about":[{"href":"https:\/\/www.libertocitybell.com\/index.php?rest_route=\/wp\/v2\/types\/product"}],"replies":[{"embeddable":true,"href":"https:\/\/www.libertocitybell.com\/index.php?rest_route=%2Fwp%2Fv2%2Fcomments&post=1728"}],"wp:featuredmedia":[{"embeddable":true,"href":"https:\/\/www.libertocitybell.com\/index.php?rest_route=\/wp\/v2\/media\/1727"}],"wp:attachment":[{"href":"https:\/\/www.libertocitybell.com\/index.php?rest_route=%2Fwp%2Fv2%2Fmedia&parent=1728"}],"wp:term":[{"taxonomy":"product_cat","embeddable":true,"href":"https:\/\/www.libertocitybell.com\/index.php?rest_route=%2Fwp%2Fv2%2Fproduct_cat&post=1728"},{"taxonomy":"product_tag","embeddable":true,"href":"https:\/\/www.libertocitybell.com\/index.php?rest_route=%2Fwp%2Fv2%2Fproduct_tag&post=1728"}],"curies":[{"name":"wp","href":"https:\/\/api.w.org\/{rel}","templated":true}]}}