{"id":1726,"date":"2022-05-02T15:29:04","date_gmt":"2022-05-02T18:29:04","guid":{"rendered":"https:\/\/www.libertocitybell.com\/?product=la-saladriana-riva"},"modified":"2023-02-09T20:27:52","modified_gmt":"2023-02-09T23:27:52","slug":"la-saladriana-riva","status":"publish","type":"product","link":"https:\/\/www.libertocitybell.com\/?product=la-saladriana-riva","title":{"rendered":"La sal\nAdriana Riva"},"content":{"rendered":"<p><span style=\"font-family: Arial, Helvetica, sans-serif;font-size: 13px;font-style: normal;font-weight: 400;letter-spacing: normal;text-align: left;text-indent: 0px;text-transform: none;text-decoration: none;float: none\">A partir de un accidente en su infancia, Ema indaga en el v\u00ednculo con su madre y, embarazada de su segundo hijo, encara un viaje en busca de respuestas:qui\u00e9n es realmente Elena? La conoce lo suficiente? Su madre es distante y hay una zona que ella no logra franquear por m\u00e1s que lo intente; eso no cambi\u00f3 con el paso de los a\u00f1os.Con una prosa simple en apariencia pero cargada de im\u00e1genes certeras,Adriana Riva replantea los v\u00ednculos familiares con una precisi\u00f3n admirable,no exenta de humor y de crudeza,que convierte a La sal en una novela intimista y conmovedora.<\/span><\/p>\n","protected":false},"excerpt":{"rendered":"<p>A partir de un accidente en su infancia, Ema indaga en el v\u00ednculo con su madre y, embarazada de su segundo hijo, encara un viaje en busca de respuestas:qui\u00e9n es realmente Elena? La conoce lo suficiente? Su madre es distante y hay una zona que ella no logra franquear por m\u00e1s que lo intente; eso&hellip;&nbsp;<a href=\"https:\/\/www.libertocitybell.com\/?product=la-saladriana-riva\" class=\"\" rel=\"bookmark\">Leer m\u00e1s &raquo;<span class=\"screen-reader-text\">La sal<br \/>\nAdriana Riva<\/span><\/a><\/p>\n","protected":false},"featured_media":1725,"comment_status":"open","ping_status":"closed","template":"","meta":{"_coblocks_attr":"","_coblocks_dimensions":"","_coblocks_responsive_height":"","_coblocks_accordion_ie_support":"","neve_meta_sidebar":"","neve_meta_container":"","neve_meta_enable_content_width":"","neve_meta_content_width":0,"neve_meta_title_alignment":"","neve_meta_author_avatar":"","neve_post_elements_order":"","neve_meta_disable_header":"","neve_meta_disable_footer":"","neve_meta_disable_title":"","spay_email":"","jetpack_publicize_message":"","jetpack_is_tweetstorm":false,"jetpack_publicize_feature_enabled":true},"product_cat":[21],"product_tag":[],"class_list":{"0":"post-1726","1":"product","2":"type-product","3":"status-publish","4":"has-post-thumbnail","6":"product_cat-narrativa-argentina","8":"first","9":"outofstock","10":"taxable","11":"shipping-taxable","12":"purchasable","13":"product-type-simple"},"jetpack_publicize_connections":[],"_links":{"self":[{"href":"https:\/\/www.libertocitybell.com\/index.php?rest_route=\/wp\/v2\/product\/1726","targetHints":{"allow":["GET"]}}],"collection":[{"href":"https:\/\/www.libertocitybell.com\/index.php?rest_route=\/wp\/v2\/product"}],"about":[{"href":"https:\/\/www.libertocitybell.com\/index.php?rest_route=\/wp\/v2\/types\/product"}],"replies":[{"embeddable":true,"href":"https:\/\/www.libertocitybell.com\/index.php?rest_route=%2Fwp%2Fv2%2Fcomments&post=1726"}],"wp:featuredmedia":[{"embeddable":true,"href":"https:\/\/www.libertocitybell.com\/index.php?rest_route=\/wp\/v2\/media\/1725"}],"wp:attachment":[{"href":"https:\/\/www.libertocitybell.com\/index.php?rest_route=%2Fwp%2Fv2%2Fmedia&parent=1726"}],"wp:term":[{"taxonomy":"product_cat","embeddable":true,"href":"https:\/\/www.libertocitybell.com\/index.php?rest_route=%2Fwp%2Fv2%2Fproduct_cat&post=1726"},{"taxonomy":"product_tag","embeddable":true,"href":"https:\/\/www.libertocitybell.com\/index.php?rest_route=%2Fwp%2Fv2%2Fproduct_tag&post=1726"}],"curies":[{"name":"wp","href":"https:\/\/api.w.org\/{rel}","templated":true}]}}