{"id":1720,"date":"2022-05-02T15:20:36","date_gmt":"2022-05-02T18:20:36","guid":{"rendered":"https:\/\/www.libertocitybell.com\/?product=madres-e-hijostheodor-jallifatides"},"modified":"2023-02-09T20:34:21","modified_gmt":"2023-02-09T23:34:21","slug":"madres-e-hijostheodor-jallifatides","status":"publish","type":"product","link":"https:\/\/www.libertocitybell.com\/?product=madres-e-hijostheodor-jallifatides","title":{"rendered":"Madres e hijos\nTheodor Jallifatides"},"content":{"rendered":"<p><span style=\"font-family: Arial, Helvetica, sans-serif;font-size: 13px;font-style: normal;font-weight: 400;letter-spacing: normal;text-align: left;text-indent: 0px;text-transform: none;text-decoration: none;float: none\">A los sesenta y ocho a\u00f1os, Theodor Kallifatides, exiliado en Suecia desde hace m\u00e1s de cuatro d\u00e9cadas, visita a su madre de noventa y dos, que sigue residiendo en Atenas. Ambos saben que puede ser uno de sus \u00faltimos encuentros. Durante la semana que pasan juntos, recuerdan lo que ha sido lo m\u00e1s importante en sus vidas con una presencia decisiva del padre, de quien Theodor est\u00e1 leyendo el recuento escrito que este le ha dejado de lo que ha sido su dif\u00edcil existencia, desde sus or\u00edgenes como exiliado griego en Turqu\u00eda, pasando por sus meses en una prisi\u00f3n de los nazis y su pasi\u00f3n por el oficio de maestro. Se desvelan as\u00ed los or\u00edgenes de una familia que atraviesa el siglo xx. Pero el libro es sobre todo un maravilloso homenaje al amor de una madre, a la que Kallifatides sabe encarnar en estas p\u00e1ginas de forma inolvidable, a la vez que logra transmitir una verdad universal sobre la importancia de esa figura en nuestras vidas.<\/span><\/p>\n","protected":false},"excerpt":{"rendered":"<p>A los sesenta y ocho a\u00f1os, Theodor Kallifatides, exiliado en Suecia desde hace m\u00e1s de cuatro d\u00e9cadas, visita a su madre de noventa y dos, que sigue residiendo en Atenas. Ambos saben que puede ser uno de sus \u00faltimos encuentros. Durante la semana que pasan juntos, recuerdan lo que ha sido lo m\u00e1s importante en&hellip;&nbsp;<a href=\"https:\/\/www.libertocitybell.com\/?product=madres-e-hijostheodor-jallifatides\" class=\"\" rel=\"bookmark\">Leer m\u00e1s &raquo;<span class=\"screen-reader-text\">Madres e hijos<br \/>\nTheodor Jallifatides<\/span><\/a><\/p>\n","protected":false},"featured_media":1719,"comment_status":"open","ping_status":"closed","template":"","meta":{"_coblocks_attr":"","_coblocks_dimensions":"","_coblocks_responsive_height":"","_coblocks_accordion_ie_support":"","neve_meta_sidebar":"","neve_meta_container":"","neve_meta_enable_content_width":"","neve_meta_content_width":0,"neve_meta_title_alignment":"","neve_meta_author_avatar":"","neve_post_elements_order":"","neve_meta_disable_header":"","neve_meta_disable_footer":"","neve_meta_disable_title":"","spay_email":"","jetpack_publicize_message":"","jetpack_is_tweetstorm":false,"jetpack_publicize_feature_enabled":true},"product_cat":[39,20],"product_tag":[],"class_list":{"0":"post-1720","1":"product","2":"type-product","3":"status-publish","4":"has-post-thumbnail","6":"product_cat-agendas","7":"product_cat-narrativa-internacional","9":"first","10":"outofstock","11":"taxable","12":"shipping-taxable","13":"purchasable","14":"product-type-simple"},"jetpack_publicize_connections":[],"_links":{"self":[{"href":"https:\/\/www.libertocitybell.com\/index.php?rest_route=\/wp\/v2\/product\/1720","targetHints":{"allow":["GET"]}}],"collection":[{"href":"https:\/\/www.libertocitybell.com\/index.php?rest_route=\/wp\/v2\/product"}],"about":[{"href":"https:\/\/www.libertocitybell.com\/index.php?rest_route=\/wp\/v2\/types\/product"}],"replies":[{"embeddable":true,"href":"https:\/\/www.libertocitybell.com\/index.php?rest_route=%2Fwp%2Fv2%2Fcomments&post=1720"}],"wp:featuredmedia":[{"embeddable":true,"href":"https:\/\/www.libertocitybell.com\/index.php?rest_route=\/wp\/v2\/media\/1719"}],"wp:attachment":[{"href":"https:\/\/www.libertocitybell.com\/index.php?rest_route=%2Fwp%2Fv2%2Fmedia&parent=1720"}],"wp:term":[{"taxonomy":"product_cat","embeddable":true,"href":"https:\/\/www.libertocitybell.com\/index.php?rest_route=%2Fwp%2Fv2%2Fproduct_cat&post=1720"},{"taxonomy":"product_tag","embeddable":true,"href":"https:\/\/www.libertocitybell.com\/index.php?rest_route=%2Fwp%2Fv2%2Fproduct_tag&post=1720"}],"curies":[{"name":"wp","href":"https:\/\/api.w.org\/{rel}","templated":true}]}}