{"id":1712,"date":"2022-04-27T18:57:21","date_gmt":"2022-04-27T21:57:21","guid":{"rendered":"https:\/\/www.libertocitybell.com\/?product=los-hombres-me-explican-cosasrebecca-solnit"},"modified":"2023-02-09T20:33:07","modified_gmt":"2023-02-09T23:33:07","slug":"los-hombres-me-explican-cosasrebecca-solnit","status":"publish","type":"product","link":"https:\/\/www.libertocitybell.com\/?product=los-hombres-me-explican-cosasrebecca-solnit","title":{"rendered":"Los hombres me explican cosas\nRebecca Solnit"},"content":{"rendered":"<p>Los hombres me explican cosas, de Rebecca Solnit, es una de las obras que m\u00e1s han conmovido en los \u00faltimos a\u00f1os el debate internacional sobre la violencia contra las mujeres. Compilado y publicado en ingl\u00e9s por primera vez en 2014, el volumen re\u00fane ensayos sobre las formas de silenciamiento del g\u00e9nero femenino, desde el&nbsp;mansplaining&nbsp;hasta la pandemia de femicidios que afecta tanto a Oriente como a Occidente, y que Solnit aborda como demostraciones de distinto grado de una misma enfermedad cultural que se expresa a trav\u00e9s del odio a las mujeres.<\/p>\n<p>Anterior a movimientos como Ni una menos y #MeToo,&nbsp;Los hombres me explican cosas&nbsp;es un libro pionero que pone en perspectiva hist\u00f3rica y mundial, entre otras cuestiones, el problema de la credibilidad de las v\u00edctimas de violaciones, las luchas por los derechos de las mujeres y los movimientos de concientizaci\u00f3n y denuncia de los abusos que afectan en todo el mundo a la poblaci\u00f3n femenina, y con ella a la sociedad humana en su conjunto. Un libro urgente y necesario,&nbsp;Los hombres me explican cosas&nbsp;es a su vez una introducci\u00f3n a la obra sustanciosa de Rebecca Solnit, y a su pensamiento al mismo tiempo vasto y enfocado, que cautiva por su claridad, su honestidad y su entereza.<\/p>\n","protected":false},"excerpt":{"rendered":"<p>Los hombres me explican cosas, de Rebecca Solnit, es una de las obras que m\u00e1s han conmovido en los \u00faltimos a\u00f1os el debate internacional sobre la violencia contra las mujeres. Compilado y publicado en ingl\u00e9s por primera vez en 2014, el volumen re\u00fane ensayos sobre las formas de silenciamiento del g\u00e9nero femenino, desde el&nbsp;mansplaining&nbsp;hasta la&hellip;&nbsp;<a href=\"https:\/\/www.libertocitybell.com\/?product=los-hombres-me-explican-cosasrebecca-solnit\" class=\"\" rel=\"bookmark\">Leer m\u00e1s &raquo;<span class=\"screen-reader-text\">Los hombres me explican cosas<br \/>\nRebecca Solnit<\/span><\/a><\/p>\n","protected":false},"featured_media":1711,"comment_status":"open","ping_status":"closed","template":"","meta":{"_coblocks_attr":"","_coblocks_dimensions":"","_coblocks_responsive_height":"","_coblocks_accordion_ie_support":"","neve_meta_sidebar":"","neve_meta_container":"","neve_meta_enable_content_width":"","neve_meta_content_width":0,"neve_meta_title_alignment":"","neve_meta_author_avatar":"","neve_post_elements_order":"","neve_meta_disable_header":"","neve_meta_disable_footer":"","neve_meta_disable_title":"","spay_email":"","jetpack_publicize_message":"","jetpack_is_tweetstorm":false,"jetpack_publicize_feature_enabled":true},"product_cat":[23],"product_tag":[],"class_list":{"0":"post-1712","1":"product","2":"type-product","3":"status-publish","4":"has-post-thumbnail","6":"product_cat-feminismo","8":"first","9":"outofstock","10":"taxable","11":"shipping-taxable","12":"purchasable","13":"product-type-simple"},"jetpack_publicize_connections":[],"_links":{"self":[{"href":"https:\/\/www.libertocitybell.com\/index.php?rest_route=\/wp\/v2\/product\/1712","targetHints":{"allow":["GET"]}}],"collection":[{"href":"https:\/\/www.libertocitybell.com\/index.php?rest_route=\/wp\/v2\/product"}],"about":[{"href":"https:\/\/www.libertocitybell.com\/index.php?rest_route=\/wp\/v2\/types\/product"}],"replies":[{"embeddable":true,"href":"https:\/\/www.libertocitybell.com\/index.php?rest_route=%2Fwp%2Fv2%2Fcomments&post=1712"}],"wp:featuredmedia":[{"embeddable":true,"href":"https:\/\/www.libertocitybell.com\/index.php?rest_route=\/wp\/v2\/media\/1711"}],"wp:attachment":[{"href":"https:\/\/www.libertocitybell.com\/index.php?rest_route=%2Fwp%2Fv2%2Fmedia&parent=1712"}],"wp:term":[{"taxonomy":"product_cat","embeddable":true,"href":"https:\/\/www.libertocitybell.com\/index.php?rest_route=%2Fwp%2Fv2%2Fproduct_cat&post=1712"},{"taxonomy":"product_tag","embeddable":true,"href":"https:\/\/www.libertocitybell.com\/index.php?rest_route=%2Fwp%2Fv2%2Fproduct_tag&post=1712"}],"curies":[{"name":"wp","href":"https:\/\/api.w.org\/{rel}","templated":true}]}}