{"id":1704,"date":"2022-04-27T18:48:25","date_gmt":"2022-04-27T21:48:25","guid":{"rendered":"https:\/\/www.libertocitybell.com\/?product=bowie-una-biografia-maria-hesse-fran-ruiz"},"modified":"2023-02-09T16:17:21","modified_gmt":"2023-02-09T19:17:21","slug":"bowie-una-biografia-maria-hesse-fran-ruiz","status":"publish","type":"product","link":"https:\/\/www.libertocitybell.com\/?product=bowie-una-biografia-maria-hesse-fran-ruiz","title":{"rendered":"BOWIE Una Biograf\u00eda &#8211; Mar\u00eda Hesse &#8211; Fran Ruiz"},"content":{"rendered":"<p><span style=\"font-family:Lato;font-size:13.6px;font-style:normal;font-weight:400;letter-spacing:normal;text-transform:none;float:none;text-align:left\">No muestro lealtad a ning\u00fan estilo. Simplemente escoger\u00e9 aquel que me permita transmitir lo que quiero en ese momento. David Bowie es mucho m\u00e1s que un cantante que vendi\u00f3 ciento treinta y seis millones de discos, mucho m\u00e1s que un artista que experiment\u00f3 con multitud de estilos y defini\u00f3 la cultura pop. Como dijo su bi\u00f3grafo David Buckley, \u00abcambi\u00f3 m\u00e1s vidas que ninguna otra figura p\u00fablica\u00bb. Con su perturbador alter ego, Ziggy Stardust, y canciones como \u00abStarman\u00bb o \u00abSpace Oddity\u00bb, desafi\u00f3 las reglas de la m\u00fasica y se convirti\u00f3 en icono de su generaci\u00f3n y referente de las generaciones presentes y futuras. Su larga carrera art\u00edstica est\u00e1 \u00edntimamente ligada a su biograf\u00eda personal. Este libro se adentra en todos los aspectos de su vida, en sus enigmas y an\u00e9cdotas. Como un jerogl\u00edfico, Bowie es un misterio que todos queremos desvelar, y nadie mejor que Mar\u00eda Hesse, la autora del fen\u00f3meno Frida, para acometer este desaf\u00edo. Hoy Bowie sigue fascinando m\u00e1s que nunca.<\/span><\/p>\n","protected":false},"excerpt":{"rendered":"<p>No muestro lealtad a ning\u00fan estilo. Simplemente escoger\u00e9 aquel que me permita transmitir lo que quiero en ese momento. David Bowie es mucho m\u00e1s que un cantante que vendi\u00f3 ciento treinta y seis millones de discos, mucho m\u00e1s que un artista que experiment\u00f3 con multitud de estilos y defini\u00f3 la cultura pop. Como dijo su&hellip;&nbsp;<a href=\"https:\/\/www.libertocitybell.com\/?product=bowie-una-biografia-maria-hesse-fran-ruiz\" class=\"\" rel=\"bookmark\">Leer m\u00e1s &raquo;<span class=\"screen-reader-text\">BOWIE Una Biograf\u00eda &#8211; Mar\u00eda Hesse &#8211; Fran Ruiz<\/span><\/a><\/p>\n","protected":false},"featured_media":1703,"comment_status":"open","ping_status":"closed","template":"","meta":{"_coblocks_attr":"","_coblocks_dimensions":"","_coblocks_responsive_height":"","_coblocks_accordion_ie_support":"","neve_meta_sidebar":"","neve_meta_container":"","neve_meta_enable_content_width":"","neve_meta_content_width":0,"neve_meta_title_alignment":"","neve_meta_author_avatar":"","neve_post_elements_order":"","neve_meta_disable_header":"","neve_meta_disable_footer":"","neve_meta_disable_title":"","spay_email":"","jetpack_publicize_message":"","jetpack_is_tweetstorm":false,"jetpack_publicize_feature_enabled":true},"product_cat":[19,25,33],"product_tag":[],"class_list":{"0":"post-1704","1":"product","2":"type-product","3":"status-publish","4":"has-post-thumbnail","6":"product_cat-arte","7":"product_cat-biografia","8":"product_cat-libro-ilustrado","10":"first","11":"outofstock","12":"sold-individually","13":"taxable","14":"shipping-taxable","15":"purchasable","16":"product-type-simple"},"jetpack_publicize_connections":[],"_links":{"self":[{"href":"https:\/\/www.libertocitybell.com\/index.php?rest_route=\/wp\/v2\/product\/1704","targetHints":{"allow":["GET"]}}],"collection":[{"href":"https:\/\/www.libertocitybell.com\/index.php?rest_route=\/wp\/v2\/product"}],"about":[{"href":"https:\/\/www.libertocitybell.com\/index.php?rest_route=\/wp\/v2\/types\/product"}],"replies":[{"embeddable":true,"href":"https:\/\/www.libertocitybell.com\/index.php?rest_route=%2Fwp%2Fv2%2Fcomments&post=1704"}],"wp:featuredmedia":[{"embeddable":true,"href":"https:\/\/www.libertocitybell.com\/index.php?rest_route=\/wp\/v2\/media\/1703"}],"wp:attachment":[{"href":"https:\/\/www.libertocitybell.com\/index.php?rest_route=%2Fwp%2Fv2%2Fmedia&parent=1704"}],"wp:term":[{"taxonomy":"product_cat","embeddable":true,"href":"https:\/\/www.libertocitybell.com\/index.php?rest_route=%2Fwp%2Fv2%2Fproduct_cat&post=1704"},{"taxonomy":"product_tag","embeddable":true,"href":"https:\/\/www.libertocitybell.com\/index.php?rest_route=%2Fwp%2Fv2%2Fproduct_tag&post=1704"}],"curies":[{"name":"wp","href":"https:\/\/api.w.org\/{rel}","templated":true}]}}