{"id":1702,"date":"2022-04-27T18:45:47","date_gmt":"2022-04-27T21:45:47","guid":{"rendered":"https:\/\/www.libertocitybell.com\/?product=una-noche-en-el-paraiso-lucia-berlin"},"modified":"2023-02-09T20:53:22","modified_gmt":"2023-02-09T23:53:22","slug":"una-noche-en-el-paraiso-lucia-berlin","status":"publish","type":"product","link":"https:\/\/www.libertocitybell.com\/?product=una-noche-en-el-paraiso-lucia-berlin","title":{"rendered":"Una noche en el para\u00edso \nLucia Berlin"},"content":{"rendered":"<p><span style=\"font-family: Lato;font-size: 13.600000381469727px;font-style: normal;font-weight: 400;letter-spacing: normal;text-align: start;text-indent: 0px;text-transform: none;text-decoration: none;float: none\">Hace un tiempo, la colecci\u00f3n de relatos de una escritora ya desaparecida y casi olvidada sacudi\u00f3 el panorama literario mundial. Era Manual para mujeres de la limpieza, de Lucia Berlin, quien alcanz\u00f3 entonces el lugar que le correspond\u00eda: se convirti\u00f3 en la escritora favorita de la prensa y los lectores, el t\u00edtulo fue libro del a\u00f1o para los medios y su peculiar estilo se vio comparado con el de Raymond Carver o Charles Bukowski. La singular capacidad de Berlin para representar la belleza y el dolor de las rutinas de nuestra vida, su extraordinaria honestidad, su magnetismo, la familiaridad de sus personajes, su sutil pero abrumadora melancol\u00eda&#8230; Todo ello se encuentra nuevamente y con gran intensidad en Una noche en el para\u00edso: veintid\u00f3s relatos in\u00e9ditos en espa\u00f1ol en un volumen que es una obra maestra de la literatura reciente.Andr\u00e1s Forg\u00e1ch emprende entonces una indagaci\u00f3n a la que dar\u00e1 la forma de una novela de la realidad. Explorar\u00e1 la complicada relaci\u00f3n de la madre con su marido, que tambi\u00e9n fue agente secreto del r\u00e9gimen antes de desarrollar problemas mentales; tratar\u00e1 de comprender los motivos por los que tom\u00f3 la decisi\u00f3n de convertirse en esp\u00eda de su entorno m\u00e1s pr\u00f3ximo&nbsp; y rebuscar\u00e1 en su fe en el comunismo, su f\u00e9rreo patriotismo y su antisionismo militante pese a ser jud\u00eda nacida en Jerusal\u00e9n&#8230; Pero, como la figura de Jano, ella tambi\u00e9n ten\u00eda otro rostro, el de la madre cari\u00f1osa y la mujer entusiasta. \u00bfCu\u00e1l es el verdadero? \u00bfO necesariamente es la contradictoria suma de los dos?Sirvi\u00e9ndose de las armas de la investigaci\u00f3n y de la narraci\u00f3n novel\u00edstica, el autor se sumerge en su historia familiar y en el pasado de un pa\u00eds sometido a un r\u00e9gimen totalitario cuya obsesi\u00f3n por el control de sus ciudadanos alcanzaba tintes grotescos, kafkianos. Busca documentos, investiga el funcionamiento de los aparatos del Estado, abre puertas y pasadizos que conducen a secretos, mentiras y heridas sin curar, tanto en el \u00e1mbito \u00edntimo como en el de toda una sociedad desquiciada. Y, desde la estupefacci\u00f3n, intenta desentra\u00f1ar la complejidad de ese ser humano pr\u00f3ximo y al mismo tiempo desconocido que fue su madre.<\/span><\/p>\n","protected":false},"excerpt":{"rendered":"<p>Hace un tiempo, la colecci\u00f3n de relatos de una escritora ya desaparecida y casi olvidada sacudi\u00f3 el panorama literario mundial. Era Manual para mujeres de la limpieza, de Lucia Berlin, quien alcanz\u00f3 entonces el lugar que le correspond\u00eda: se convirti\u00f3 en la escritora favorita de la prensa y los lectores, el t\u00edtulo fue libro del&hellip;&nbsp;<a href=\"https:\/\/www.libertocitybell.com\/?product=una-noche-en-el-paraiso-lucia-berlin\" class=\"\" rel=\"bookmark\">Leer m\u00e1s &raquo;<span class=\"screen-reader-text\">Una noche en el para\u00edso<br \/>\nLucia Berlin<\/span><\/a><\/p>\n","protected":false},"featured_media":1701,"comment_status":"open","ping_status":"closed","template":"","meta":{"_coblocks_attr":"","_coblocks_dimensions":"","_coblocks_responsive_height":"","_coblocks_accordion_ie_support":"","neve_meta_sidebar":"","neve_meta_container":"","neve_meta_enable_content_width":"","neve_meta_content_width":0,"neve_meta_title_alignment":"","neve_meta_author_avatar":"","neve_post_elements_order":"","neve_meta_disable_header":"","neve_meta_disable_footer":"","neve_meta_disable_title":"","spay_email":"","jetpack_publicize_message":"","jetpack_is_tweetstorm":false,"jetpack_publicize_feature_enabled":true},"product_cat":[20],"product_tag":[],"class_list":{"0":"post-1702","1":"product","2":"type-product","3":"status-publish","4":"has-post-thumbnail","6":"product_cat-narrativa-internacional","8":"first","9":"outofstock","10":"taxable","11":"shipping-taxable","12":"purchasable","13":"product-type-simple"},"jetpack_publicize_connections":[],"_links":{"self":[{"href":"https:\/\/www.libertocitybell.com\/index.php?rest_route=\/wp\/v2\/product\/1702","targetHints":{"allow":["GET"]}}],"collection":[{"href":"https:\/\/www.libertocitybell.com\/index.php?rest_route=\/wp\/v2\/product"}],"about":[{"href":"https:\/\/www.libertocitybell.com\/index.php?rest_route=\/wp\/v2\/types\/product"}],"replies":[{"embeddable":true,"href":"https:\/\/www.libertocitybell.com\/index.php?rest_route=%2Fwp%2Fv2%2Fcomments&post=1702"}],"wp:featuredmedia":[{"embeddable":true,"href":"https:\/\/www.libertocitybell.com\/index.php?rest_route=\/wp\/v2\/media\/1701"}],"wp:attachment":[{"href":"https:\/\/www.libertocitybell.com\/index.php?rest_route=%2Fwp%2Fv2%2Fmedia&parent=1702"}],"wp:term":[{"taxonomy":"product_cat","embeddable":true,"href":"https:\/\/www.libertocitybell.com\/index.php?rest_route=%2Fwp%2Fv2%2Fproduct_cat&post=1702"},{"taxonomy":"product_tag","embeddable":true,"href":"https:\/\/www.libertocitybell.com\/index.php?rest_route=%2Fwp%2Fv2%2Fproduct_tag&post=1702"}],"curies":[{"name":"wp","href":"https:\/\/api.w.org\/{rel}","templated":true}]}}