{"id":1700,"date":"2022-04-27T18:43:04","date_gmt":"2022-04-27T21:43:04","guid":{"rendered":"https:\/\/www.libertocitybell.com\/?product=no-cosas-quiebres-del-mundo-de-hoy"},"modified":"2023-02-09T20:41:47","modified_gmt":"2023-02-09T23:41:47","slug":"no-cosas-quiebres-del-mundo-de-hoy","status":"publish","type":"product","link":"https:\/\/www.libertocitybell.com\/?product=no-cosas-quiebres-del-mundo-de-hoy","title":{"rendered":"NO-COSAS Quiebres del Mundo de Hoy"},"content":{"rendered":"<p><span style=\"font-family:Lato;font-size:13.6px;font-style:normal;font-weight:400;letter-spacing:normal;text-transform:none;float:none;text-align:left\">\u00abHoy estamos en la transici\u00f3n de la era de las cosas a la era de las no-cosas. no son las cosas, sino la informaci\u00f3n, lo que determina el mundo en que vivimos.\u00bb El mundo se vac\u00eda de cosas y se llena de informaci\u00f3n inquietante como voces sin cuerpo. La digitalizaci\u00f3n desmaterializa y descorpore\u00edza. Los medios digitales sustituyen a la memoria, sin violencia ni demasiado esfuerzo. La informaci\u00f3n falsea los acontecimientos. Se nutre del est\u00edmulo de la sorpresa. Pero este no dura mucho. R\u00e1pidamente sentimos la necesidad de nuevos est\u00edmulos. Como cazadores de informaci\u00f3n, nos volvemos ciegos ante las cosas silenciosas y discretas, incluso las habituales, las menudas y las comunes, que no nos estimulan, pero nos anclan en el ser.<\/span><\/p>\n","protected":false},"excerpt":{"rendered":"<p>\u00abHoy estamos en la transici\u00f3n de la era de las cosas a la era de las no-cosas. no son las cosas, sino la informaci\u00f3n, lo que determina el mundo en que vivimos.\u00bb El mundo se vac\u00eda de cosas y se llena de informaci\u00f3n inquietante como voces sin cuerpo. La digitalizaci\u00f3n desmaterializa y descorpore\u00edza. Los medios&hellip;&nbsp;<a href=\"https:\/\/www.libertocitybell.com\/?product=no-cosas-quiebres-del-mundo-de-hoy\" class=\"\" rel=\"bookmark\">Leer m\u00e1s &raquo;<span class=\"screen-reader-text\">NO-COSAS Quiebres del Mundo de Hoy<\/span><\/a><\/p>\n","protected":false},"featured_media":1699,"comment_status":"open","ping_status":"closed","template":"","meta":{"_coblocks_attr":"","_coblocks_dimensions":"","_coblocks_responsive_height":"","_coblocks_accordion_ie_support":"","neve_meta_sidebar":"","neve_meta_container":"","neve_meta_enable_content_width":"","neve_meta_content_width":0,"neve_meta_title_alignment":"","neve_meta_author_avatar":"","neve_post_elements_order":"","neve_meta_disable_header":"","neve_meta_disable_footer":"","neve_meta_disable_title":"","spay_email":"","jetpack_publicize_message":"","jetpack_is_tweetstorm":false,"jetpack_publicize_feature_enabled":true},"product_cat":[51,49,20],"product_tag":[],"class_list":{"0":"post-1700","1":"product","2":"type-product","3":"status-publish","4":"has-post-thumbnail","6":"product_cat-ensayo","7":"product_cat-filosofia","8":"product_cat-narrativa-internacional","10":"first","11":"outofstock","12":"sold-individually","13":"taxable","14":"shipping-taxable","15":"purchasable","16":"product-type-simple"},"jetpack_publicize_connections":[],"_links":{"self":[{"href":"https:\/\/www.libertocitybell.com\/index.php?rest_route=\/wp\/v2\/product\/1700","targetHints":{"allow":["GET"]}}],"collection":[{"href":"https:\/\/www.libertocitybell.com\/index.php?rest_route=\/wp\/v2\/product"}],"about":[{"href":"https:\/\/www.libertocitybell.com\/index.php?rest_route=\/wp\/v2\/types\/product"}],"replies":[{"embeddable":true,"href":"https:\/\/www.libertocitybell.com\/index.php?rest_route=%2Fwp%2Fv2%2Fcomments&post=1700"}],"wp:featuredmedia":[{"embeddable":true,"href":"https:\/\/www.libertocitybell.com\/index.php?rest_route=\/wp\/v2\/media\/1699"}],"wp:attachment":[{"href":"https:\/\/www.libertocitybell.com\/index.php?rest_route=%2Fwp%2Fv2%2Fmedia&parent=1700"}],"wp:term":[{"taxonomy":"product_cat","embeddable":true,"href":"https:\/\/www.libertocitybell.com\/index.php?rest_route=%2Fwp%2Fv2%2Fproduct_cat&post=1700"},{"taxonomy":"product_tag","embeddable":true,"href":"https:\/\/www.libertocitybell.com\/index.php?rest_route=%2Fwp%2Fv2%2Fproduct_tag&post=1700"}],"curies":[{"name":"wp","href":"https:\/\/api.w.org\/{rel}","templated":true}]}}