{"id":1695,"date":"2022-04-27T18:38:47","date_gmt":"2022-04-27T21:38:47","guid":{"rendered":"https:\/\/www.libertocitybell.com\/?product=la-soledad-de-los-numeros-primos-paolo-giordano"},"modified":"2023-01-06T16:01:39","modified_gmt":"2023-01-06T19:01:39","slug":"la-soledad-de-los-numeros-primos-paolo-giordano","status":"publish","type":"product","link":"https:\/\/www.libertocitybell.com\/?product=la-soledad-de-los-numeros-primos-paolo-giordano","title":{"rendered":"La Soledad de los N\u00fameros Primos &#8211; Paolo Giordano"},"content":{"rendered":"<p><span style=\"font-family:Lato;font-size:13.6px;font-style:normal;font-weight:400;letter-spacing:normal;text-transform:none;float:none;text-align:left\">Con tan s\u00f3lo veintis\u00e9is a\u00f1os, Paolo Giordano se ha convertido en el fen\u00f3meno editorial m\u00e1s relevante de los \u00faltimos tiempos en Italia. La soledad de los n\u00fameros primos, primera novela de este licenciado en F\u00edsica Te\u00f3rica, ha sido galardonada con el Premio Strega 2008 \u2014el m\u00e1s importante de Italia\u2014 y ha conseguido un \u00e9xito sin precedentes para un autor novel: m\u00e1s de un mill\u00f3n de ejemplares vendidos. Asimismo, ha despertado un gran inter\u00e9s internacional y ser\u00e1 traducida a veintitr\u00e9s idiomas. Existen entre los n\u00fameros primos algunos a\u00fan m\u00e1s especiales. Son aquellos que los matem\u00e1ticos llaman primos gemelos, pues entre ellos se interpone siempre un n\u00famero par. As\u00ed, n\u00fameros como el 11 y el 13, el 17 y el 19, o el 41 y el 43, permanecen pr\u00f3ximos, pero sin llegar a tocarse nunca. Esta verdad matem\u00e1tica es la hermosa met\u00e1fora que el autor ha escogido para narrar la conmovedora historia de Alice y Mattia, dos seres cuyas vidas han quedado condicionadas por las consecuencias irreversibles de sendos episodios ocurridos en su ni\u00f1ez. Desde la adolescencia hasta bien entrada la edad adulta, y pese a la fuerte atracci\u00f3n que indudablemente los une, la vida erigir\u00e1 entre ellos barreras invisibles que pondr\u00e1n a prueba la solidez de su relaci\u00f3n. La sutileza de los rasgos psicol\u00f3gicos de los personajes, as\u00ed como la hondura y complejidad de una historia que suscita en los lectores las reacciones m\u00e1s variadas, resaltan la admirable madurez literaria de este joven autor a la hora de asomarse, nada m\u00e1s y nada menos, a la esencia de la soledad.<\/span><\/p>\n","protected":false},"excerpt":{"rendered":"<p>Con tan s\u00f3lo veintis\u00e9is a\u00f1os, Paolo Giordano se ha convertido en el fen\u00f3meno editorial m\u00e1s relevante de los \u00faltimos tiempos en Italia. La soledad de los n\u00fameros primos, primera novela de este licenciado en F\u00edsica Te\u00f3rica, ha sido galardonada con el Premio Strega 2008 \u2014el m\u00e1s importante de Italia\u2014 y ha conseguido un \u00e9xito sin&hellip;&nbsp;<a href=\"https:\/\/www.libertocitybell.com\/?product=la-soledad-de-los-numeros-primos-paolo-giordano\" class=\"\" rel=\"bookmark\">Leer m\u00e1s &raquo;<span class=\"screen-reader-text\">La Soledad de los N\u00fameros Primos &#8211; Paolo Giordano<\/span><\/a><\/p>\n","protected":false},"featured_media":1694,"comment_status":"open","ping_status":"closed","template":"","meta":{"_coblocks_attr":"","_coblocks_dimensions":"","_coblocks_responsive_height":"","_coblocks_accordion_ie_support":"","neve_meta_sidebar":"","neve_meta_container":"","neve_meta_enable_content_width":"","neve_meta_content_width":0,"neve_meta_title_alignment":"","neve_meta_author_avatar":"","neve_post_elements_order":"","neve_meta_disable_header":"","neve_meta_disable_footer":"","neve_meta_disable_title":"","spay_email":"","jetpack_publicize_message":"","jetpack_is_tweetstorm":false,"jetpack_publicize_feature_enabled":true},"product_cat":[20],"product_tag":[],"class_list":{"0":"post-1695","1":"product","2":"type-product","3":"status-publish","4":"has-post-thumbnail","6":"product_cat-narrativa-internacional","8":"first","9":"outofstock","10":"sold-individually","11":"taxable","12":"shipping-taxable","13":"purchasable","14":"product-type-simple"},"jetpack_publicize_connections":[],"_links":{"self":[{"href":"https:\/\/www.libertocitybell.com\/index.php?rest_route=\/wp\/v2\/product\/1695","targetHints":{"allow":["GET"]}}],"collection":[{"href":"https:\/\/www.libertocitybell.com\/index.php?rest_route=\/wp\/v2\/product"}],"about":[{"href":"https:\/\/www.libertocitybell.com\/index.php?rest_route=\/wp\/v2\/types\/product"}],"replies":[{"embeddable":true,"href":"https:\/\/www.libertocitybell.com\/index.php?rest_route=%2Fwp%2Fv2%2Fcomments&post=1695"}],"wp:featuredmedia":[{"embeddable":true,"href":"https:\/\/www.libertocitybell.com\/index.php?rest_route=\/wp\/v2\/media\/1694"}],"wp:attachment":[{"href":"https:\/\/www.libertocitybell.com\/index.php?rest_route=%2Fwp%2Fv2%2Fmedia&parent=1695"}],"wp:term":[{"taxonomy":"product_cat","embeddable":true,"href":"https:\/\/www.libertocitybell.com\/index.php?rest_route=%2Fwp%2Fv2%2Fproduct_cat&post=1695"},{"taxonomy":"product_tag","embeddable":true,"href":"https:\/\/www.libertocitybell.com\/index.php?rest_route=%2Fwp%2Fv2%2Fproduct_tag&post=1695"}],"curies":[{"name":"wp","href":"https:\/\/api.w.org\/{rel}","templated":true}]}}