{"id":1693,"date":"2022-04-27T18:36:39","date_gmt":"2022-04-27T21:36:39","guid":{"rendered":"https:\/\/www.libertocitybell.com\/?product=cuentos-ilustradosgabriel-garcia-marquez"},"modified":"2023-02-09T16:22:26","modified_gmt":"2023-02-09T19:22:26","slug":"cuentos-ilustradosgabriel-garcia-marquez","status":"publish","type":"product","link":"https:\/\/www.libertocitybell.com\/?product=cuentos-ilustradosgabriel-garcia-marquez","title":{"rendered":"Cuentos ilustrados\nGabriel Garc\u00eda M\u00e1rquez"},"content":{"rendered":"<p><span style=\"font-family: Arial, Helvetica, sans-serif;font-size: 13px;font-style: normal;font-weight: 400;letter-spacing: normal;text-align: left;text-indent: 0px;text-transform: none;text-decoration: none;float: none\">Gabriel Garc\u00eda M\u00e1rquez siempre recordaba c\u00f3mo su abuela le transmiti\u00f3 la pasi\u00f3n por las historias cont\u00e1ndole cuentos cuando era peque\u00f1o y viv\u00eda con ella. Estos seis relatos, unidos por la presencia de un ni\u00f1o, contienen todo el imaginario del gran autor colombiano. Una mujer y su hija llegan a un pueblo desierto para velar a un familiar difunto sin interrumpir la siesta de los habitantes. Un hombre con unas enormes alas de p\u00e1jaro se precipita desde el cielo, asombrando a todo el vecindario. Dos ni\u00f1os consiguen inundar de luz la ciudad de Madrid. Y en Barcelona, una prostituta que va entrando en la vejez adiestra a su perro para llorar ante la tumba que ha escogido para s\u00ed misma. Estas conmovedoras historias est\u00e1n acompa\u00f1adas por la obra de la pintora Carme Sol\u00e9 Vendrell, premio Nacional de Ilustraci\u00f3n, que tiene el honor de ser la \u00fanica persona que dio vida a los cuentos de Garc\u00eda M\u00e1rquez con el permiso del autor. Fieles a la magia de su prosa, las im\u00e1genes iluminan las delicadas reflexiones del premio Nobel sobre la infancia en estos relatos que tanto peque\u00f1os como mayores recordar\u00e1n para siempre.<\/span><\/p>\n","protected":false},"excerpt":{"rendered":"<p>Gabriel Garc\u00eda M\u00e1rquez siempre recordaba c\u00f3mo su abuela le transmiti\u00f3 la pasi\u00f3n por las historias cont\u00e1ndole cuentos cuando era peque\u00f1o y viv\u00eda con ella. Estos seis relatos, unidos por la presencia de un ni\u00f1o, contienen todo el imaginario del gran autor colombiano. Una mujer y su hija llegan a un pueblo desierto para velar a&hellip;&nbsp;<a href=\"https:\/\/www.libertocitybell.com\/?product=cuentos-ilustradosgabriel-garcia-marquez\" class=\"\" rel=\"bookmark\">Leer m\u00e1s &raquo;<span class=\"screen-reader-text\">Cuentos ilustrados<br \/>\nGabriel Garc\u00eda M\u00e1rquez<\/span><\/a><\/p>\n","protected":false},"featured_media":1692,"comment_status":"open","ping_status":"closed","template":"","meta":{"_coblocks_attr":"","_coblocks_dimensions":"","_coblocks_responsive_height":"","_coblocks_accordion_ie_support":"","neve_meta_sidebar":"","neve_meta_container":"","neve_meta_enable_content_width":"","neve_meta_content_width":0,"neve_meta_title_alignment":"","neve_meta_author_avatar":"","neve_post_elements_order":"","neve_meta_disable_header":"","neve_meta_disable_footer":"","neve_meta_disable_title":"","spay_email":"","jetpack_publicize_message":"","jetpack_is_tweetstorm":false,"jetpack_publicize_feature_enabled":true},"product_cat":[33,22],"product_tag":[],"class_list":{"0":"post-1693","1":"product","2":"type-product","3":"status-publish","4":"has-post-thumbnail","6":"product_cat-libro-ilustrado","7":"product_cat-narrativa-latinoamericana","9":"first","10":"outofstock","11":"taxable","12":"shipping-taxable","13":"purchasable","14":"product-type-simple"},"jetpack_publicize_connections":[],"_links":{"self":[{"href":"https:\/\/www.libertocitybell.com\/index.php?rest_route=\/wp\/v2\/product\/1693","targetHints":{"allow":["GET"]}}],"collection":[{"href":"https:\/\/www.libertocitybell.com\/index.php?rest_route=\/wp\/v2\/product"}],"about":[{"href":"https:\/\/www.libertocitybell.com\/index.php?rest_route=\/wp\/v2\/types\/product"}],"replies":[{"embeddable":true,"href":"https:\/\/www.libertocitybell.com\/index.php?rest_route=%2Fwp%2Fv2%2Fcomments&post=1693"}],"wp:featuredmedia":[{"embeddable":true,"href":"https:\/\/www.libertocitybell.com\/index.php?rest_route=\/wp\/v2\/media\/1692"}],"wp:attachment":[{"href":"https:\/\/www.libertocitybell.com\/index.php?rest_route=%2Fwp%2Fv2%2Fmedia&parent=1693"}],"wp:term":[{"taxonomy":"product_cat","embeddable":true,"href":"https:\/\/www.libertocitybell.com\/index.php?rest_route=%2Fwp%2Fv2%2Fproduct_cat&post=1693"},{"taxonomy":"product_tag","embeddable":true,"href":"https:\/\/www.libertocitybell.com\/index.php?rest_route=%2Fwp%2Fv2%2Fproduct_tag&post=1693"}],"curies":[{"name":"wp","href":"https:\/\/api.w.org\/{rel}","templated":true}]}}