{"id":1691,"date":"2022-04-27T18:33:48","date_gmt":"2022-04-27T21:33:48","guid":{"rendered":"https:\/\/www.libertocitybell.com\/?product=los-abismos-pilar-quintana"},"modified":"2023-02-09T20:32:05","modified_gmt":"2023-02-09T23:32:05","slug":"los-abismos-pilar-quintana","status":"publish","type":"product","link":"https:\/\/www.libertocitybell.com\/?product=los-abismos-pilar-quintana","title":{"rendered":"Los abismos \nPilar Quintana"},"content":{"rendered":"<p><span style=\"font-family: Arial, Helvetica, sans-serif;font-size: 13px;font-style: normal;font-weight: 400;letter-spacing: normal;text-align: left;text-indent: 0px;text-transform: none;text-decoration: none;float: none\">La vida de Claudia transcurre con normalidad en Cali, una infancia sin preocupaciones, como tantas otras, porque todas las familias felices se parecen. Pero como cada una es infeliz a su manera, de repente irrumpe en la ecuaci\u00f3n alguien ajeno a ella que acaba con la armon\u00eda. Y entonces ocurre: la vida se convierte en otra cosa cuando se quiebra la l\u00ednea recta del camino, desbaratada en favor de esos monstruos sin nombre, martilleos constantes hacia la agon\u00eda de sufrir cada minuto y acariciar los abismos, fr\u00edos, crueles, invisibles y despiadados. Con el tel\u00f3n de fondo del estrecho universo femenino formado por mujeres acomodadas a su vida, que no pueden romper con una educaci\u00f3n de otro tiempo, Pilar Quintana ha construido una novela intimista, con una voz narradora deslumbrante en su ingenuidad que, desde la memoria del hogar, conduce al lector por las obsesiones que pueblan la ni\u00f1ez de la que se est\u00e1 despidiendo. \u00abLos abismos se adentra en la oscuridad del mundo de los adultos a trav\u00e9s del punto de vista de una ni\u00f1a que, desde la memoria de su vida familiar, intenta comprender la conflictiva relaci\u00f3n entre sus padres.<\/span><span style=\"font-family: Arial, Helvetica, sans-serif;font-size: 13px;font-style: normal;font-weight: 400;letter-spacing: normal;text-align: left;text-indent: 0px;text-transform: none;text-decoration: none;float: none\"><span class=\"Apple-converted-space\">&nbsp;<\/span><\/span><\/p>\n","protected":false},"excerpt":{"rendered":"<p>La vida de Claudia transcurre con normalidad en Cali, una infancia sin preocupaciones, como tantas otras, porque todas las familias felices se parecen. Pero como cada una es infeliz a su manera, de repente irrumpe en la ecuaci\u00f3n alguien ajeno a ella que acaba con la armon\u00eda. Y entonces ocurre: la vida se convierte en&hellip;&nbsp;<a href=\"https:\/\/www.libertocitybell.com\/?product=los-abismos-pilar-quintana\" class=\"\" rel=\"bookmark\">Leer m\u00e1s &raquo;<span class=\"screen-reader-text\">Los abismos<br \/>\nPilar Quintana<\/span><\/a><\/p>\n","protected":false},"featured_media":1690,"comment_status":"open","ping_status":"closed","template":"","meta":{"_coblocks_attr":"","_coblocks_dimensions":"","_coblocks_responsive_height":"","_coblocks_accordion_ie_support":"","neve_meta_sidebar":"","neve_meta_container":"","neve_meta_enable_content_width":"","neve_meta_content_width":0,"neve_meta_title_alignment":"","neve_meta_author_avatar":"","neve_post_elements_order":"","neve_meta_disable_header":"","neve_meta_disable_footer":"","neve_meta_disable_title":"","spay_email":"","jetpack_publicize_message":"","jetpack_is_tweetstorm":false,"jetpack_publicize_feature_enabled":true},"product_cat":[22],"product_tag":[],"class_list":{"0":"post-1691","1":"product","2":"type-product","3":"status-publish","4":"has-post-thumbnail","6":"product_cat-narrativa-latinoamericana","8":"first","9":"outofstock","10":"taxable","11":"shipping-taxable","12":"purchasable","13":"product-type-simple"},"jetpack_publicize_connections":[],"_links":{"self":[{"href":"https:\/\/www.libertocitybell.com\/index.php?rest_route=\/wp\/v2\/product\/1691","targetHints":{"allow":["GET"]}}],"collection":[{"href":"https:\/\/www.libertocitybell.com\/index.php?rest_route=\/wp\/v2\/product"}],"about":[{"href":"https:\/\/www.libertocitybell.com\/index.php?rest_route=\/wp\/v2\/types\/product"}],"replies":[{"embeddable":true,"href":"https:\/\/www.libertocitybell.com\/index.php?rest_route=%2Fwp%2Fv2%2Fcomments&post=1691"}],"wp:featuredmedia":[{"embeddable":true,"href":"https:\/\/www.libertocitybell.com\/index.php?rest_route=\/wp\/v2\/media\/1690"}],"wp:attachment":[{"href":"https:\/\/www.libertocitybell.com\/index.php?rest_route=%2Fwp%2Fv2%2Fmedia&parent=1691"}],"wp:term":[{"taxonomy":"product_cat","embeddable":true,"href":"https:\/\/www.libertocitybell.com\/index.php?rest_route=%2Fwp%2Fv2%2Fproduct_cat&post=1691"},{"taxonomy":"product_tag","embeddable":true,"href":"https:\/\/www.libertocitybell.com\/index.php?rest_route=%2Fwp%2Fv2%2Fproduct_tag&post=1691"}],"curies":[{"name":"wp","href":"https:\/\/api.w.org\/{rel}","templated":true}]}}