{"id":169,"date":"2020-10-05T17:05:39","date_gmt":"2020-10-05T20:05:39","guid":{"rendered":"http:\/\/www.libertocitybell.com\/?post_type=product&#038;p=169"},"modified":"2023-02-09T16:25:11","modified_gmt":"2023-02-09T19:25:11","slug":"documento-de-maria-martin-glozman","status":"publish","type":"product","link":"https:\/\/www.libertocitybell.com\/?product=documento-de-maria-martin-glozman","title":{"rendered":"Documento de Mar\u00eda &#8211; Martin Glozman"},"content":{"rendered":"<p>Tras la primera aparici\u00f3n de la letra iluminada, el manuscrito de Mar\u00eda revela, a quienes quieran y sepan orientar su lectura, los pormenores y los con\ufb01nes de esta singular\u00edsima experiencia verbal.<\/p>\n<p>La sucesi\u00f3n de im\u00e1genes trabajadas como reliquias de un presente en llamas, cuyos bordes inasibles lo vuelven de inmediato pasado, da curso a un relato hipn\u00f3tico que se desliza entre la experiencia y la oraci\u00f3n, con formidables escenas del yo en tr\u00e1nsito mesi\u00e1nico.<\/p>\n<p>Pocas fuerzas emergentes de la narrativa actual alcanzan este v\u00e9rtigo inocente e inm\u00f3vil. Mart\u00edn Glozman parece conocer cada una de las part\u00edculas de esa materia poderosa y vibrante que es, parad\u00f3jicamente, el lenguaje de todos los d\u00edas.<\/p>\n","protected":false},"excerpt":{"rendered":"<p>Tras la primera aparici\u00f3n de la letra iluminada, el manuscrito de Mar\u00eda revela, a quienes quieran y sepan orientar su lectura, los pormenores y los con\ufb01nes de esta singular\u00edsima experiencia verbal. La sucesi\u00f3n de im\u00e1genes trabajadas como reliquias de un presente en llamas, cuyos bordes inasibles lo vuelven de inmediato pasado, da curso a un&hellip;&nbsp;<a href=\"https:\/\/www.libertocitybell.com\/?product=documento-de-maria-martin-glozman\" class=\"\" rel=\"bookmark\">Leer m\u00e1s &raquo;<span class=\"screen-reader-text\">Documento de Mar\u00eda &#8211; Martin Glozman<\/span><\/a><\/p>\n","protected":false},"featured_media":170,"comment_status":"open","ping_status":"closed","template":"","meta":{"_coblocks_attr":"","_coblocks_dimensions":"","_coblocks_responsive_height":"","_coblocks_accordion_ie_support":"","neve_meta_sidebar":"","neve_meta_container":"","neve_meta_enable_content_width":"off","neve_meta_content_width":0,"neve_meta_title_alignment":"","neve_meta_author_avatar":"","neve_post_elements_order":"","neve_meta_disable_header":"","neve_meta_disable_footer":"","neve_meta_disable_title":"","spay_email":"","jetpack_publicize_message":"","jetpack_is_tweetstorm":false,"jetpack_publicize_feature_enabled":true},"product_cat":[21],"product_tag":[],"class_list":{"0":"post-169","1":"product","2":"type-product","3":"status-publish","4":"has-post-thumbnail","6":"product_cat-narrativa-argentina","8":"first","9":"outofstock","10":"taxable","11":"shipping-taxable","12":"purchasable","13":"product-type-simple"},"jetpack_publicize_connections":[],"_links":{"self":[{"href":"https:\/\/www.libertocitybell.com\/index.php?rest_route=\/wp\/v2\/product\/169","targetHints":{"allow":["GET"]}}],"collection":[{"href":"https:\/\/www.libertocitybell.com\/index.php?rest_route=\/wp\/v2\/product"}],"about":[{"href":"https:\/\/www.libertocitybell.com\/index.php?rest_route=\/wp\/v2\/types\/product"}],"replies":[{"embeddable":true,"href":"https:\/\/www.libertocitybell.com\/index.php?rest_route=%2Fwp%2Fv2%2Fcomments&post=169"}],"wp:featuredmedia":[{"embeddable":true,"href":"https:\/\/www.libertocitybell.com\/index.php?rest_route=\/wp\/v2\/media\/170"}],"wp:attachment":[{"href":"https:\/\/www.libertocitybell.com\/index.php?rest_route=%2Fwp%2Fv2%2Fmedia&parent=169"}],"wp:term":[{"taxonomy":"product_cat","embeddable":true,"href":"https:\/\/www.libertocitybell.com\/index.php?rest_route=%2Fwp%2Fv2%2Fproduct_cat&post=169"},{"taxonomy":"product_tag","embeddable":true,"href":"https:\/\/www.libertocitybell.com\/index.php?rest_route=%2Fwp%2Fv2%2Fproduct_tag&post=169"}],"curies":[{"name":"wp","href":"https:\/\/api.w.org\/{rel}","templated":true}]}}