{"id":1687,"date":"2022-04-27T18:24:40","date_gmt":"2022-04-27T21:24:40","guid":{"rendered":"https:\/\/www.libertocitybell.com\/?product=la-amiga-estupendaelena-ferrante"},"modified":"2023-02-09T20:11:50","modified_gmt":"2023-02-09T23:11:50","slug":"la-amiga-estupendaelena-ferrante","status":"publish","type":"product","link":"https:\/\/www.libertocitybell.com\/?product=la-amiga-estupendaelena-ferrante","title":{"rendered":"La amiga estupenda\nElena Ferrante"},"content":{"rendered":"<p><span style=\"font-family: Raleway, sans-serif;font-size: 14px;font-style: normal;font-weight: 400;letter-spacing: normal;text-align: start;text-indent: 0px;text-transform: none;text-decoration: none;float: none\">Con La amiga estupenda, Elena Ferrante inaugura una tetralog\u00eda deslumbrante que tiene como tel\u00f3n de fondo la ciudad de N\u00e1poles a mediados del siglo pasado y como protagonistas a Len\u00f9 y Lila, dos j\u00f3venes mujeres que est\u00e1n aprendiendo a gobernar su vida en un entorno donde la astucia, antes que la inteligencia, es el ingrediente de todas las salsas.<\/span><\/p>\n<p><span style=\"font-family: Raleway, sans-serif;font-size: 14px;font-style: normal;font-weight: 400;letter-spacing: normal;text-align: start;text-indent: 0px;text-transform: none;text-decoration: none;float: none\">La relaci\u00f3n a menudo tempestuosa entre Lila y Len\u00f9 es acompa\u00f1ada de un coro de voces que dan cuerpo a su historia y nos muestran la realidad de un barrio pobre, habitado por gente humilde que acata sin chistar la ley del m\u00e1s fuerte. Pero La amiga estupenda est\u00e1 lejos del realismo social: lo que aqu\u00ed tenemos son personajes de carne y hueso que nos intrigan y nos deslumbran por la fuerza y la urgencia de sus emociones.<\/span><\/p>\n","protected":false},"excerpt":{"rendered":"<p>Con La amiga estupenda, Elena Ferrante inaugura una tetralog\u00eda deslumbrante que tiene como tel\u00f3n de fondo la ciudad de N\u00e1poles a mediados del siglo pasado y como protagonistas a Len\u00f9 y Lila, dos j\u00f3venes mujeres que est\u00e1n aprendiendo a gobernar su vida en un entorno donde la astucia, antes que la inteligencia, es el ingrediente&hellip;&nbsp;<a href=\"https:\/\/www.libertocitybell.com\/?product=la-amiga-estupendaelena-ferrante\" class=\"\" rel=\"bookmark\">Leer m\u00e1s &raquo;<span class=\"screen-reader-text\">La amiga estupenda<br \/>\nElena Ferrante<\/span><\/a><\/p>\n","protected":false},"featured_media":1686,"comment_status":"open","ping_status":"closed","template":"","meta":{"_coblocks_attr":"","_coblocks_dimensions":"","_coblocks_responsive_height":"","_coblocks_accordion_ie_support":"","neve_meta_sidebar":"","neve_meta_container":"","neve_meta_enable_content_width":"","neve_meta_content_width":0,"neve_meta_title_alignment":"","neve_meta_author_avatar":"","neve_post_elements_order":"","neve_meta_disable_header":"","neve_meta_disable_footer":"","neve_meta_disable_title":"","spay_email":"","jetpack_publicize_message":"","jetpack_is_tweetstorm":false,"jetpack_publicize_feature_enabled":true},"product_cat":[20],"product_tag":[],"class_list":{"0":"post-1687","1":"product","2":"type-product","3":"status-publish","4":"has-post-thumbnail","6":"product_cat-narrativa-internacional","8":"first","9":"outofstock","10":"taxable","11":"shipping-taxable","12":"purchasable","13":"product-type-simple"},"jetpack_publicize_connections":[],"_links":{"self":[{"href":"https:\/\/www.libertocitybell.com\/index.php?rest_route=\/wp\/v2\/product\/1687","targetHints":{"allow":["GET"]}}],"collection":[{"href":"https:\/\/www.libertocitybell.com\/index.php?rest_route=\/wp\/v2\/product"}],"about":[{"href":"https:\/\/www.libertocitybell.com\/index.php?rest_route=\/wp\/v2\/types\/product"}],"replies":[{"embeddable":true,"href":"https:\/\/www.libertocitybell.com\/index.php?rest_route=%2Fwp%2Fv2%2Fcomments&post=1687"}],"wp:featuredmedia":[{"embeddable":true,"href":"https:\/\/www.libertocitybell.com\/index.php?rest_route=\/wp\/v2\/media\/1686"}],"wp:attachment":[{"href":"https:\/\/www.libertocitybell.com\/index.php?rest_route=%2Fwp%2Fv2%2Fmedia&parent=1687"}],"wp:term":[{"taxonomy":"product_cat","embeddable":true,"href":"https:\/\/www.libertocitybell.com\/index.php?rest_route=%2Fwp%2Fv2%2Fproduct_cat&post=1687"},{"taxonomy":"product_tag","embeddable":true,"href":"https:\/\/www.libertocitybell.com\/index.php?rest_route=%2Fwp%2Fv2%2Fproduct_tag&post=1687"}],"curies":[{"name":"wp","href":"https:\/\/api.w.org\/{rel}","templated":true}]}}