{"id":1685,"date":"2022-04-27T18:19:27","date_gmt":"2022-04-27T21:19:27","guid":{"rendered":"https:\/\/www.libertocitybell.com\/?product=atlas-de-botanica-argentina-la-ilustracion-cientifica-en-el-genera-et-species-plantarum-argentinarium-carla-lois"},"modified":"2023-02-09T16:16:42","modified_gmt":"2023-02-09T19:16:42","slug":"atlas-de-botanica-argentina-la-ilustracion-cientifica-en-el-genera-et-species-plantarum-argentinarium-carla-lois","status":"publish","type":"product","link":"https:\/\/www.libertocitybell.com\/?product=atlas-de-botanica-argentina-la-ilustracion-cientifica-en-el-genera-et-species-plantarum-argentinarium-carla-lois","title":{"rendered":"Atlas de Bot\u00e1nica Argentina. La Ilustraci\u00f3n Cient\u00edfica en el &#8216;Genera et Species Plantarum Argentinarium&#8217; &#8211; Carla Lois"},"content":{"rendered":"<p><span style=\"font-family:Lato;font-size:13.6px;font-style:normal;font-weight:400;letter-spacing:normal;text-transform:none;float:none;text-align:left\">En 1913 el reconocido naturalista argentino Miguel Lillo concibi\u00f3 la idea de una obra tit\u00e1nica que clasificara toda la flora argentina. Durante m\u00e1s de treinta a\u00f1os ese proyecto que empez\u00f3 con \u00e9l en vida y luego fue continuado por el Instituto que lleva su nombre en Tucum\u00e1n involucr\u00f3 a los m\u00e1s importantes bot\u00e1nicos del pa\u00eds y a un grupo de dibujantes especializado en ilustraci\u00f3n cient\u00edfica. El resultado fue una obra de gran formato integrada por cinco vol\u00famenes en siete tomos que empez\u00f3 a publicarse en 1943 y concluy\u00f3 en 1956. Seg\u00fan la prensa fue \u00bfun verdadero alarde t\u00e9cnico; desde el doble punto de vista de la ciencia bot\u00e1nica y desde las artes gr\u00e1ficas nacionales\u00bf. Este Atlas de bot\u00e1nica argentina; que incluye un ensayo introductorio de la investigadora Carla Lois; recupera m\u00e1s de un centenar de aquellas ilustraciones y; como en una suerte de merecido homenaje; reconstruye la historia de un proyecto editorial sin precedentes.<\/span><\/p>\n","protected":false},"excerpt":{"rendered":"<p>En 1913 el reconocido naturalista argentino Miguel Lillo concibi\u00f3 la idea de una obra tit\u00e1nica que clasificara toda la flora argentina. Durante m\u00e1s de treinta a\u00f1os ese proyecto que empez\u00f3 con \u00e9l en vida y luego fue continuado por el Instituto que lleva su nombre en Tucum\u00e1n involucr\u00f3 a los m\u00e1s importantes bot\u00e1nicos del pa\u00eds&hellip;&nbsp;<a href=\"https:\/\/www.libertocitybell.com\/?product=atlas-de-botanica-argentina-la-ilustracion-cientifica-en-el-genera-et-species-plantarum-argentinarium-carla-lois\" class=\"\" rel=\"bookmark\">Leer m\u00e1s &raquo;<span class=\"screen-reader-text\">Atlas de Bot\u00e1nica Argentina. La Ilustraci\u00f3n Cient\u00edfica en el &#8216;Genera et Species Plantarum Argentinarium&#8217; &#8211; Carla Lois<\/span><\/a><\/p>\n","protected":false},"featured_media":1684,"comment_status":"open","ping_status":"closed","template":"","meta":{"_coblocks_attr":"","_coblocks_dimensions":"","_coblocks_responsive_height":"","_coblocks_accordion_ie_support":"","neve_meta_sidebar":"","neve_meta_container":"","neve_meta_enable_content_width":"","neve_meta_content_width":0,"neve_meta_title_alignment":"","neve_meta_author_avatar":"","neve_post_elements_order":"","neve_meta_disable_header":"","neve_meta_disable_footer":"","neve_meta_disable_title":"","spay_email":"","jetpack_publicize_message":"","jetpack_is_tweetstorm":false,"jetpack_publicize_feature_enabled":true},"product_cat":[19,32,33],"product_tag":[],"class_list":{"0":"post-1685","1":"product","2":"type-product","3":"status-publish","4":"has-post-thumbnail","6":"product_cat-arte","7":"product_cat-jardineria","8":"product_cat-libro-ilustrado","10":"first","11":"outofstock","12":"sold-individually","13":"taxable","14":"shipping-taxable","15":"purchasable","16":"product-type-simple"},"jetpack_publicize_connections":[],"_links":{"self":[{"href":"https:\/\/www.libertocitybell.com\/index.php?rest_route=\/wp\/v2\/product\/1685","targetHints":{"allow":["GET"]}}],"collection":[{"href":"https:\/\/www.libertocitybell.com\/index.php?rest_route=\/wp\/v2\/product"}],"about":[{"href":"https:\/\/www.libertocitybell.com\/index.php?rest_route=\/wp\/v2\/types\/product"}],"replies":[{"embeddable":true,"href":"https:\/\/www.libertocitybell.com\/index.php?rest_route=%2Fwp%2Fv2%2Fcomments&post=1685"}],"wp:featuredmedia":[{"embeddable":true,"href":"https:\/\/www.libertocitybell.com\/index.php?rest_route=\/wp\/v2\/media\/1684"}],"wp:attachment":[{"href":"https:\/\/www.libertocitybell.com\/index.php?rest_route=%2Fwp%2Fv2%2Fmedia&parent=1685"}],"wp:term":[{"taxonomy":"product_cat","embeddable":true,"href":"https:\/\/www.libertocitybell.com\/index.php?rest_route=%2Fwp%2Fv2%2Fproduct_cat&post=1685"},{"taxonomy":"product_tag","embeddable":true,"href":"https:\/\/www.libertocitybell.com\/index.php?rest_route=%2Fwp%2Fv2%2Fproduct_tag&post=1685"}],"curies":[{"name":"wp","href":"https:\/\/api.w.org\/{rel}","templated":true}]}}