{"id":1679,"date":"2022-04-27T18:10:31","date_gmt":"2022-04-27T21:10:31","guid":{"rendered":"https:\/\/www.libertocitybell.com\/?product=los-colores-secundarios-alexander-theroux"},"modified":"2023-02-09T20:32:17","modified_gmt":"2023-02-09T23:32:17","slug":"los-colores-secundarios-alexander-theroux","status":"publish","type":"product","link":"https:\/\/www.libertocitybell.com\/?product=los-colores-secundarios-alexander-theroux","title":{"rendered":"Los Colores Secundarios &#8211; Alexander Theroux"},"content":{"rendered":"<p><span style=\"font-family:Georgia,\">C\u00e1lido, terroso, el naranja es el color de los fuegos del alba, de Van Gogh, de los cangrejos, del salm\u00f3n ahumado, de Belle, la prostituta de la pel\u00edcula <\/span><em style=\"font-style: italic;margin: 0px;padding: 0px;border: 0px;vertical-align: baseline;font-family: Georgia,\">Lo que el viento se llev\u00f3<\/em><span style=\"font-family:Georgia,\">.<\/span><br \/>\n<span style=\"font-family:Georgia,\">El p\u00farpura significa majestad y soberan\u00eda para los aztecas; en Jap\u00f3n, se\u00f1ala riqueza; es el color de nuestro coraz\u00f3n, de las manchas de vino tinto sobre una tela blanca.<\/span><br \/>\n<span style=\"font-family:Georgia,\">El verde es la mecha de la naturaleza, el color que visten muchos personajes de las obras de Dickens, de la Estatua de la Libertad y de los uniformes militares.<\/span><br \/>\n<span style=\"font-family:Georgia,\">Alexander Theroux contin\u00faa explorando a trav\u00e9s de la pintura, la m\u00fasica, la religi\u00f3n, el cine, la comida, el deporte, las innumerables facetas de cada color secundario. Su rasgo estil\u00edstico por excelencia consiste en no anteponer a todo el mismo recurso, sino instilar, en la delicadeza de un giro gramatical o sint\u00e1ctico, grados extremos de singularidad y diferencia. Como si se tratara de un juego ac\u00fastico, hay algo de Thoreau en Theroux. En la elecci\u00f3n de fulgores, en el individualismo flagrante, en la afici\u00f3n de libertad.<\/span><br \/>\n<span style=\"font-family:Georgia,\">Naranja, p\u00farpura, verde. Este deslumbrante paseo por los colores nunca carece de encanto po\u00e9tico, y es preciso en el suministro del detalle narrativo; el recuerdo personal, la an\u00e9cdota espont\u00e1nea se unen al dato enciclop\u00e9dico y la experiencia adquiere una gran intensidad: el resultado es siempre placentero, una celebraci\u00f3n para los sentidos.<\/span><\/p>\n","protected":false},"excerpt":{"rendered":"<p>C\u00e1lido, terroso, el naranja es el color de los fuegos del alba, de Van Gogh, de los cangrejos, del salm\u00f3n ahumado, de Belle, la prostituta de la pel\u00edcula Lo que el viento se llev\u00f3. El p\u00farpura significa majestad y soberan\u00eda para los aztecas; en Jap\u00f3n, se\u00f1ala riqueza; es el color de nuestro coraz\u00f3n, de las&hellip;&nbsp;<a href=\"https:\/\/www.libertocitybell.com\/?product=los-colores-secundarios-alexander-theroux\" class=\"\" rel=\"bookmark\">Leer m\u00e1s &raquo;<span class=\"screen-reader-text\">Los Colores Secundarios &#8211; Alexander Theroux<\/span><\/a><\/p>\n","protected":false},"featured_media":1678,"comment_status":"open","ping_status":"closed","template":"","meta":{"_coblocks_attr":"","_coblocks_dimensions":"","_coblocks_responsive_height":"","_coblocks_accordion_ie_support":"","neve_meta_sidebar":"","neve_meta_container":"","neve_meta_enable_content_width":"","neve_meta_content_width":0,"neve_meta_title_alignment":"","neve_meta_author_avatar":"","neve_post_elements_order":"","neve_meta_disable_header":"","neve_meta_disable_footer":"","neve_meta_disable_title":"","spay_email":"","jetpack_publicize_message":"","jetpack_is_tweetstorm":false,"jetpack_publicize_feature_enabled":true},"product_cat":[20],"product_tag":[],"class_list":{"0":"post-1679","1":"product","2":"type-product","3":"status-publish","4":"has-post-thumbnail","6":"product_cat-narrativa-internacional","8":"first","9":"outofstock","10":"sold-individually","11":"taxable","12":"shipping-taxable","13":"purchasable","14":"product-type-simple"},"jetpack_publicize_connections":[],"_links":{"self":[{"href":"https:\/\/www.libertocitybell.com\/index.php?rest_route=\/wp\/v2\/product\/1679","targetHints":{"allow":["GET"]}}],"collection":[{"href":"https:\/\/www.libertocitybell.com\/index.php?rest_route=\/wp\/v2\/product"}],"about":[{"href":"https:\/\/www.libertocitybell.com\/index.php?rest_route=\/wp\/v2\/types\/product"}],"replies":[{"embeddable":true,"href":"https:\/\/www.libertocitybell.com\/index.php?rest_route=%2Fwp%2Fv2%2Fcomments&post=1679"}],"wp:featuredmedia":[{"embeddable":true,"href":"https:\/\/www.libertocitybell.com\/index.php?rest_route=\/wp\/v2\/media\/1678"}],"wp:attachment":[{"href":"https:\/\/www.libertocitybell.com\/index.php?rest_route=%2Fwp%2Fv2%2Fmedia&parent=1679"}],"wp:term":[{"taxonomy":"product_cat","embeddable":true,"href":"https:\/\/www.libertocitybell.com\/index.php?rest_route=%2Fwp%2Fv2%2Fproduct_cat&post=1679"},{"taxonomy":"product_tag","embeddable":true,"href":"https:\/\/www.libertocitybell.com\/index.php?rest_route=%2Fwp%2Fv2%2Fproduct_tag&post=1679"}],"curies":[{"name":"wp","href":"https:\/\/api.w.org\/{rel}","templated":true}]}}