{"id":1673,"date":"2022-04-27T18:00:46","date_gmt":"2022-04-27T21:00:46","guid":{"rendered":"https:\/\/www.libertocitybell.com\/?product=ni-de-eva-ni-de-adan"},"modified":"2023-01-06T16:17:38","modified_gmt":"2023-01-06T19:17:38","slug":"ni-de-eva-ni-de-adan","status":"publish","type":"product","link":"https:\/\/www.libertocitybell.com\/?product=ni-de-eva-ni-de-adan","title":{"rendered":"NI DE EVA, NI DE AD\u00c1N"},"content":{"rendered":"<p><span style=\"font-family:Lato;font-size:13.6px;font-style:normal;font-weight:400;letter-spacing:normal;text-transform:none;float:none;text-align:left\">Un a\u00f1o antes de la temporada infernal retratada en Estupor y temblores, Am\u00e9lie Nothomb se sube en Tokio a la monta\u00f1a rusa de una hilarante educaci\u00f3n sentimental en brazos del muy delgado y muy oriental Rinri, un \u00e1vido lector que sue\u00f1a con entrar en la orden del Temple. Am\u00e9lie, decidida a aprender japon\u00e9s ense\u00f1ando franc\u00e9s a los aut\u00f3ctonos, conoce a Rinri en un bar. Pero la relaci\u00f3n entre maestra y alumno dar\u00e1 paso a una hermosa historia de amor. Distintos episodios nos sit\u00faan, una vez m\u00e1s, ante una rica y peculiar visi\u00f3n de Jap\u00f3n, la de alguien nacido all\u00ed pero cuyos or\u00edgenes son occidentales y que analiza sus experiencias desde una perspectiva casi antropol\u00f3gica, nunca exenta de iron\u00eda. Tan \u00e1cida y desternillante como la primera, la segunda incursi\u00f3n japonesa de la escritora belga se lee con gran placer desde la primera hasta la \u00faltima l\u00ednea. \u00abDesmenuza como pocos escritores las grandes enfermedades del presente. Am\u00e9lie Nothomb radiograf\u00eda el miedo, la identidad, la muerte, la anorexia y, ahora, el amor\u00bb (Jes\u00fas Ruiz Mantilla, El Pa\u00eds); \u00abDivertida, emotiva y apasionada pero, eso s\u00ed, intensa, y amarga, como un trago de sake tibio. Cautiva de principio a fin\u00bb (Sonia Rueda).<\/span><\/p>\n","protected":false},"excerpt":{"rendered":"<p>Un a\u00f1o antes de la temporada infernal retratada en Estupor y temblores, Am\u00e9lie Nothomb se sube en Tokio a la monta\u00f1a rusa de una hilarante educaci\u00f3n sentimental en brazos del muy delgado y muy oriental Rinri, un \u00e1vido lector que sue\u00f1a con entrar en la orden del Temple. Am\u00e9lie, decidida a aprender japon\u00e9s ense\u00f1ando franc\u00e9s&hellip;&nbsp;<a href=\"https:\/\/www.libertocitybell.com\/?product=ni-de-eva-ni-de-adan\" class=\"\" rel=\"bookmark\">Leer m\u00e1s &raquo;<span class=\"screen-reader-text\">NI DE EVA, NI DE AD\u00c1N<\/span><\/a><\/p>\n","protected":false},"featured_media":1672,"comment_status":"open","ping_status":"closed","template":"","meta":{"_coblocks_attr":"","_coblocks_dimensions":"","_coblocks_responsive_height":"","_coblocks_accordion_ie_support":"","neve_meta_sidebar":"","neve_meta_container":"","neve_meta_enable_content_width":"","neve_meta_content_width":0,"neve_meta_title_alignment":"","neve_meta_author_avatar":"","neve_post_elements_order":"","neve_meta_disable_header":"","neve_meta_disable_footer":"","neve_meta_disable_title":"","spay_email":"","jetpack_publicize_message":"","jetpack_is_tweetstorm":false,"jetpack_publicize_feature_enabled":true},"product_cat":[20],"product_tag":[],"class_list":{"0":"post-1673","1":"product","2":"type-product","3":"status-publish","4":"has-post-thumbnail","6":"product_cat-narrativa-internacional","8":"first","9":"outofstock","10":"sold-individually","11":"taxable","12":"shipping-taxable","13":"purchasable","14":"product-type-simple"},"jetpack_publicize_connections":[],"_links":{"self":[{"href":"https:\/\/www.libertocitybell.com\/index.php?rest_route=\/wp\/v2\/product\/1673","targetHints":{"allow":["GET"]}}],"collection":[{"href":"https:\/\/www.libertocitybell.com\/index.php?rest_route=\/wp\/v2\/product"}],"about":[{"href":"https:\/\/www.libertocitybell.com\/index.php?rest_route=\/wp\/v2\/types\/product"}],"replies":[{"embeddable":true,"href":"https:\/\/www.libertocitybell.com\/index.php?rest_route=%2Fwp%2Fv2%2Fcomments&post=1673"}],"wp:featuredmedia":[{"embeddable":true,"href":"https:\/\/www.libertocitybell.com\/index.php?rest_route=\/wp\/v2\/media\/1672"}],"wp:attachment":[{"href":"https:\/\/www.libertocitybell.com\/index.php?rest_route=%2Fwp%2Fv2%2Fmedia&parent=1673"}],"wp:term":[{"taxonomy":"product_cat","embeddable":true,"href":"https:\/\/www.libertocitybell.com\/index.php?rest_route=%2Fwp%2Fv2%2Fproduct_cat&post=1673"},{"taxonomy":"product_tag","embeddable":true,"href":"https:\/\/www.libertocitybell.com\/index.php?rest_route=%2Fwp%2Fv2%2Fproduct_tag&post=1673"}],"curies":[{"name":"wp","href":"https:\/\/api.w.org\/{rel}","templated":true}]}}